{"id":75103,"date":"2026-04-02T17:22:03","date_gmt":"2026-04-02T16:22:03","guid":{"rendered":"https:\/\/bigbuy.tupique.com\/produto\/hard-drive-synology-hat3310-16t-35-16-tb\/"},"modified":"2026-05-11T19:55:56","modified_gmt":"2026-05-11T17:55:56","slug":"hard-drive-synology-hat3310-16t-35-16-tb","status":"publish","type":"product","link":"https:\/\/bigbuy.tupique.com\/en\/produto\/hard-drive-synology-hat3310-16t-35-16-tb\/","title":{"rendered":"Disque dur Synology HAT3310-16T 3,5&#8243; 16 TB"},"content":{"rendered":"<p>Si vous \u00eates passionn\u00e9 d&#8217;<b>informatique et d&#8217;\u00e9lectronique<\/b>, si vous \u00eates \u00e0 la pointe de la technologie et qu&#8217;aucun d\u00e9tail ne vous \u00e9chappe, achetez <b>Disque dur Synology HAT3310-16T 3,5&#8243; 16 TB<\/b> au meilleur prix.<\/p>\n<p>Le <b>disque dur<\/b> interne <b>Synology HAT3310-16T<\/b> est une solution de stockage haute performance con\u00e7ue pour les utilisateurs et professionnels n\u00e9cessitant une grande capacit\u00e9 et fiabilit\u00e9. Avec un format de <b>3,5 pouces<\/b>, ce disque dur SATA noir offre une <b>capacit\u00e9 de stockage de 16 To<\/b>, id\u00e9al pour h\u00e9berger de gros volumes de donn\u00e9es, fichiers multim\u00e9dias ou sauvegardes en environnements domestiques et professionnels. Son interface <b>SATA<\/b> garantit une large compatibilit\u00e9 avec la plupart des ordinateurs et serveurs demandant une connexion interne rapide et stable. De plus, le disque tourne \u00e0 <b>7200 tr\/min<\/b>, assurant un acc\u00e8s rapide aux donn\u00e9es et des performances optimales pour des t\u00e2ches exigeant des vitesses constantes de lecture et \u00e9criture. Gr\u00e2ce \u00e0 ses caract\u00e9ristiques de disque dur interne et sa construction robuste, le <b>Synology HAT3310-16T<\/b> r\u00e9pond aux besoins de stockage massif avec un design compact et efficace. Ce mod\u00e8le convient particuli\u00e8rement \u00e0 ceux qui ont besoin d\u2019un support fiable pour g\u00e9rer fichiers lourds, bases de donn\u00e9es ou applications n\u00e9cessitant un volume \u00e9lev\u00e9 sans sacrifier stabilit\u00e9 ni durabilit\u00e9. Il repr\u00e9sente ainsi une option techniquement compl\u00e8te et \u00e9quilibr\u00e9e dans la gamme des disques durs internes SATA sur le march\u00e9 actuel.<\/p>\n<ul>\n<li>Type:\n<ul>\n<li>Disque dur interne<\/li>\n<li>Interne<\/li>\n<li>HDD<\/li>\n<\/ul>\n<\/li>\n<li>Technologie: Magn\u00e9tique<\/li>\n<li>Utilisation recommand\u00e9e: NAS<\/li>\n<li>Poids: 720 g<\/li>\n<li>vitesse:\n<ul>\n<li>7200 rpm<\/li>\n<li>6000 MB\/s<\/li>\n<li>6 Gbps<\/li>\n<\/ul>\n<\/li>\n<li>Buffer: 512 MB<\/li>\n<li>Couleur: Noir<\/li>\n<li>Vitesse de rotation: 7200 rpm<\/li>\n<li>Connexions: SATA<\/li>\n<li>Taille: 3,5&#8243;<\/li>\n<li>Niveau sonore: 20 dB<\/li>\n<li>Tension: 5-12 V<\/li>\n<li>Compatible: Ordinateurs<\/li>\n<li>Temp\u00e9rature approximative: -40\u00ba \/ 70\u00ba<\/li>\n<li>Disque dur: 16 TB<\/li>\n<\/ul>","protected":false},"excerpt":{"rendered":"<p>Si vous \u00eates passionn\u00e9 d&#8217;informatique et d&#8217;\u00e9lectronique, si vous \u00eates \u00e0 la pointe de la technologie et qu&#8217;aucun d\u00e9tail ne vous \u00e9chappe, achetez Disque dur Synology HAT3310-16T 3,5&#8243; 16 TB au meilleur prix. Le disque dur interne Synology HAT3310-16T est une solution de stockage haute performance con\u00e7ue pour les utilisateurs et professionnels n\u00e9cessitant une grande [&hellip;]<\/p>\n","protected":false},"featured_media":188995,"comment_status":"open","ping_status":"closed","template":"","meta":[],"product_brand":[990],"product_cat":[588,65,584],"product_tag":[106],"class_list":{"0":"post-75103","1":"product","2":"type-product","3":"status-publish","4":"has-post-thumbnail","6":"product_brand-brandp_653","7":"product_cat-disques-durs","8":"product_cat-informatique-electronique","9":"product_cat-informatique-reseaux-et-composants","10":"product_tag-tag_1295","12":"first","13":"instock","14":"taxable","15":"shipping-taxable","16":"purchasable","17":"product-type-simple"},"_links":{"self":[{"href":"https:\/\/bigbuy.tupique.com\/en\/wp-json\/wp\/v2\/product\/75103","targetHints":{"allow":["GET"]}}],"collection":[{"href":"https:\/\/bigbuy.tupique.com\/en\/wp-json\/wp\/v2\/product"}],"about":[{"href":"https:\/\/bigbuy.tupique.com\/en\/wp-json\/wp\/v2\/types\/product"}],"replies":[{"embeddable":true,"href":"https:\/\/bigbuy.tupique.com\/en\/wp-json\/wp\/v2\/comments?post=75103"}],"wp:featuredmedia":[{"embeddable":true,"href":"https:\/\/bigbuy.tupique.com\/en\/wp-json\/wp\/v2\/media\/188995"}],"wp:attachment":[{"href":"https:\/\/bigbuy.tupique.com\/en\/wp-json\/wp\/v2\/media?parent=75103"}],"wp:term":[{"taxonomy":"product_brand","embeddable":true,"href":"https:\/\/bigbuy.tupique.com\/en\/wp-json\/wp\/v2\/product_brand?post=75103"},{"taxonomy":"product_cat","embeddable":true,"href":"https:\/\/bigbuy.tupique.com\/en\/wp-json\/wp\/v2\/product_cat?post=75103"},{"taxonomy":"product_tag","embeddable":true,"href":"https:\/\/bigbuy.tupique.com\/en\/wp-json\/wp\/v2\/product_tag?post=75103"}],"curies":[{"name":"wp","href":"https:\/\/api.w.org\/{rel}","templated":true}]}}