{"id":75042,"date":"2026-04-02T17:15:11","date_gmt":"2026-04-02T16:15:11","guid":{"rendered":"https:\/\/bigbuy.tupique.com\/produto\/cabinet-switch-tp-link-tl-sg1048\/"},"modified":"2026-04-16T14:15:33","modified_gmt":"2026-04-16T13:15:33","slug":"cabinet-switch-tp-link-tl-sg1048","status":"publish","type":"product","link":"https:\/\/bigbuy.tupique.com\/en\/produto\/cabinet-switch-tp-link-tl-sg1048\/","title":{"rendered":"Commutateur R\u00e9seau Armoire TP-Link TL-SG1048"},"content":{"rendered":"<p>Si vous \u00eates passionn\u00e9 d&#8217;<b>informatique et d&#8217;\u00e9lectronique<\/b>, si vous \u00eates \u00e0 la pointe de la technologie et qu&#8217;aucun d\u00e9tail ne vous \u00e9chappe, achetez <b>Commutateur R\u00e9seau Armoire TP-Link TL-SG1048<\/b> au meilleur prix.<\/p>\n<p>Le <b>switch d\u2019armoire<\/b> <b>TP-Link TL-SG1048<\/b> est une solution professionnelle con\u00e7ue pour les r\u00e9seaux d\u2019entreprise n\u00e9cessitant des performances \u00e9lev\u00e9es et une capacit\u00e9 \u00e9tendue dans les environnements de baie de communication. Ce mod\u00e8le propose <b>48 ports RJ45 avec standard Gigabit Ethernet<\/b>, permettant un transfert de donn\u00e9es jusqu\u2019\u00e0 1000 Mbps par port, assurant une connectivit\u00e9 robuste et efficace pour serveurs, stations de travail et \u00e9quipements r\u00e9seau critiques. Son ch\u00e2ssis, disponible en <b>noir et gris<\/b> et fabriqu\u00e9 en <b>m\u00e9tal<\/b> pour une durabilit\u00e9 accrue et une dissipation thermique optimale, est adapt\u00e9 \u00e0 l\u2019installation en rack, id\u00e9al pour les centres de donn\u00e9es et armoires techniques. Le TL-SG1048 int\u00e8gre <b>des voyants LED individuels<\/b> par port, facilitant la surveillance et la gestion du trafic et de l\u2019\u00e9tat de chaque connexion en temps r\u00e9el. Il prend en charge des standards universels comme <b>Ethernet LAN<\/b> et offre une compatibilit\u00e9 totale avec les infrastructures utilisant <b>Windows<\/b> ou d\u2019autres syst\u00e8mes d\u2019exploitation courants en entreprise. Le pack comprend un <b>guide d\u2019installation<\/b> pour une mise en service rapide et simple, permettant une int\u00e9gration imm\u00e9diate dans l\u2019architecture r\u00e9seau existante. Gr\u00e2ce \u00e0 son grand nombre de ports et \u00e0 la fiabilit\u00e9 de TP-Link, ce switch s\u2019impose comme une solution efficace pour les entreprises souhaitant \u00e9tendre leur capacit\u00e9 r\u00e9seau tout en maintenant un haut niveau de performance et de stabilit\u00e9.<\/p>\n<ul>\n<li>Caract\u00e9ristiques:\n<ul>\n<li>T\u00e9moin LED<\/li>\n<li>Guide d&#8217;installation inclus<\/li>\n<li>T\u00e9moin de fonctionnement LED<\/li>\n<\/ul>\n<\/li>\n<li>Long: 22 cm<\/li>\n<li>Certificat:\n<ul>\n<li>RoHS<\/li>\n<li>CE<\/li>\n<li>FCC<\/li>\n<\/ul>\n<\/li>\n<li>Tension d&#8217;entr\u00e9e AC: 100-240 V<\/li>\n<li>vitesse:\n<ul>\n<li>10\/100\/1000 Mbps<\/li>\n<li>1 Gbps<\/li>\n<\/ul>\n<\/li>\n<li>Type de prise: Prise EU<\/li>\n<li>Produit \u00e0 brancher: Oui<\/li>\n<li>Dimensions approx.: 44 x 44 x 22 cm<\/li>\n<li>\u00c9lev\u00e9: 4,4 cm<\/li>\n<li>Profondeur: 220 mm<\/li>\n<li>Fr\u00e9quence d&#8217;entr\u00e9e AC: 50-60 Hz<\/li>\n<li>Type: Armoire<\/li>\n<li>Connexions:\n<ul>\n<li>RJ-45 x 48<\/li>\n<li>Ethernet LAN<\/li>\n<li>RJ45 x 48<\/li>\n<\/ul>\n<\/li>\n<li>Tension:\n<ul>\n<li>100-240 V<\/li>\n<li>110 V<\/li>\n<li>100 &#8211; 240 V<\/li>\n<\/ul>\n<\/li>\n<li>Fr\u00e9quence:\n<ul>\n<li>50-60 Hz<\/li>\n<li>50 &#8211; 60 Hz<\/li>\n<\/ul>\n<\/li>\n<li>Bloc d\u2019Alimentation:\n<ul>\n<li>C\u00e2ble<\/li>\n<li>Cordon d&#8217;alimentation CA<\/li>\n<li>r\u00e9seau \u00e9lectrique<\/li>\n<\/ul>\n<\/li>\n<li>Bloc d&#8217;alimentation inclus: Oui<\/li>\n<li>Connectivit\u00e9: Gigabit Ethernet<\/li>\n<li>Couleur:\n<ul>\n<li>Noir<\/li>\n<li>Gris<\/li>\n<\/ul>\n<\/li>\n<li>Mati\u00e8re: M\u00e9tal<\/li>\n<li>Plate-forme: Windows<\/li>\n<li>Ventillateur: 2<\/li>\n<li>Ports: 48<\/li>\n<li>T\u00e9l\u00e9commande: Non<\/li>\n<li>Largeur: 44 cm<\/li>\n<li>Plage d&#8217;humidit\u00e9 de travail: 10 % &#8211; 90 %<\/li>\n<li>Facteur de forme: 1U<\/li>\n<li>Temp\u00e9rature approximative: -40\u00ba \/ 70\u00ba<\/li>\n<\/ul>\n<p><\/p>\n<p>TP-LINK TL-SG1048. Type de commutateur: Non-g\u00e9r\u00e9. Type de port Ethernet RJ-45 de commutation de base: Gigabit Ethernet (10\/100\/1000), Quantit\u00e9 de ports Ethernet RJ-45 de commutation de base: 48. R\u00e9pertoire MAC: 8000 entr\u00e9es, Capacit\u00e9 de commutation: 96 Gbit\/s. Standards r\u00e9seau: IEEE 802.3ab,IEEE 802.3i,IEEE 802.3u,IEEE 802.3x. Grille de montage, Format: 1U<\/p>\n<p><\/p>\n<ul>\n<li>Type de commutateur: Non-g\u00e9r\u00e9<\/li>\n<li>Quantit\u00e9 de ports Ethernet RJ-45 de commutation de base: 48<\/li>\n<li>Type de port Ethernet RJ-45 de commutation de base: Gigabit Ethernet (10\/100\/1000)<\/li>\n<li>Standards r\u00e9seau: IEEE 802.3ab,IEEE 802.3i,IEEE 802.3u,IEEE 802.3x<\/li>\n<li>Auto MDI\/MDI-X: Oui<\/li>\n<li>N\u00e9gociation automatique: Oui<\/li>\n<li>R\u00e9pertoire MAC: 8000 entr\u00e9es<\/li>\n<li>Capacit\u00e9 de commutation: 96 Gbit\/s<\/li>\n<li>D\u00e9bit: 71,4 Mpps<\/li>\n<li>Enregistrement-et-r\u00e9\u00e9mission: Oui<\/li>\n<li>Support de trames \u00e9tendues (Jumbo Frames): Oui<\/li>\n<li>Trames g\u00e9antes: 10<\/li>\n<li>M\u00e9moire cache de paquet: 16 Mo<\/li>\n<li>Grille de montage: Oui<\/li>\n<li>Format: 1U<\/li>\n<li>Couleur du produit: Noir<\/li>\n<li>Voyants: Oui<\/li>\n<li>Nombre de ventilateurs: 2 ventilateur(s)<\/li>\n<li>Certification: FCC, CE, RoHS<\/li>\n<li>Tension d&#8217;entr\u00e9e AC: 100 &#8211; 240 V<\/li>\n<li>Fr\u00e9quence d&#8217;entr\u00e9e AC: 50 &#8211; 60 Hz<\/li>\n<li>Consommation (max): 29,8 W<\/li>\n<li>Temp\u00e9rature d&#8217;op\u00e9ration: 0 &#8211; 40 \u00b0C<\/li>\n<li>Temp\u00e9rature hors fonctionnement: -40 &#8211; 70 \u00b0C<\/li>\n<li>Taux d&#8217;humidit\u00e9 de fonctionnement: 10 &#8211; 90%<\/li>\n<li>Taux d&#8217;humidit\u00e9 relative (stockage): 5 &#8211; 90%<\/li>\n<li>Largeur: 440 mm<\/li>\n<li>Profondeur: 220 mm<\/li>\n<li>Hauteur: 44 mm<\/li>\n<li>C\u00e2bles inclus: Secteur<\/li>\n<li>Guide de d\u00e9marrage rapide: Oui<\/li>\n<li>Kit de montage en rack: Oui<\/li>\n<li>Pieds en caoutchouc: Oui<\/li>\n<\/ul>","protected":false},"excerpt":{"rendered":"<p>Si vous \u00eates passionn\u00e9 d&#8217;informatique et d&#8217;\u00e9lectronique, si vous \u00eates \u00e0 la pointe de la technologie et qu&#8217;aucun d\u00e9tail ne vous \u00e9chappe, achetez Commutateur R\u00e9seau Armoire TP-Link TL-SG1048 au meilleur prix. Le switch d\u2019armoire TP-Link TL-SG1048 est une solution professionnelle con\u00e7ue pour les r\u00e9seaux d\u2019entreprise n\u00e9cessitant des performances \u00e9lev\u00e9es et une capacit\u00e9 \u00e9tendue dans les [&hellip;]<\/p>\n","protected":false},"featured_media":75016,"comment_status":"open","ping_status":"closed","template":"","meta":[],"product_brand":[1435],"product_cat":[65,584,585],"product_tag":[106],"class_list":{"0":"post-75042","1":"product","2":"type-product","3":"status-publish","4":"has-post-thumbnail","6":"product_brand-brandp_585","7":"product_cat-informatique-electronique","8":"product_cat-informatique-reseaux-et-composants","9":"product_cat-switch","10":"product_tag-tag_1295","12":"first","13":"instock","14":"taxable","15":"shipping-taxable","16":"purchasable","17":"product-type-simple"},"_links":{"self":[{"href":"https:\/\/bigbuy.tupique.com\/en\/wp-json\/wp\/v2\/product\/75042","targetHints":{"allow":["GET"]}}],"collection":[{"href":"https:\/\/bigbuy.tupique.com\/en\/wp-json\/wp\/v2\/product"}],"about":[{"href":"https:\/\/bigbuy.tupique.com\/en\/wp-json\/wp\/v2\/types\/product"}],"replies":[{"embeddable":true,"href":"https:\/\/bigbuy.tupique.com\/en\/wp-json\/wp\/v2\/comments?post=75042"}],"wp:featuredmedia":[{"embeddable":true,"href":"https:\/\/bigbuy.tupique.com\/en\/wp-json\/wp\/v2\/media\/75016"}],"wp:attachment":[{"href":"https:\/\/bigbuy.tupique.com\/en\/wp-json\/wp\/v2\/media?parent=75042"}],"wp:term":[{"taxonomy":"product_brand","embeddable":true,"href":"https:\/\/bigbuy.tupique.com\/en\/wp-json\/wp\/v2\/product_brand?post=75042"},{"taxonomy":"product_cat","embeddable":true,"href":"https:\/\/bigbuy.tupique.com\/en\/wp-json\/wp\/v2\/product_cat?post=75042"},{"taxonomy":"product_tag","embeddable":true,"href":"https:\/\/bigbuy.tupique.com\/en\/wp-json\/wp\/v2\/product_tag?post=75042"}],"curies":[{"name":"wp","href":"https:\/\/api.w.org\/{rel}","templated":true}]}}