{"id":74934,"date":"2026-04-02T17:11:48","date_gmt":"2026-04-02T16:11:48","guid":{"rendered":"https:\/\/bigbuy.tupique.com\/produto\/switch-tp-link-tl-sg2428p\/"},"modified":"2026-05-11T19:55:58","modified_gmt":"2026-05-11T17:55:58","slug":"switch-tp-link-tl-sg2428p","status":"publish","type":"product","link":"https:\/\/bigbuy.tupique.com\/en\/produto\/switch-tp-link-tl-sg2428p\/","title":{"rendered":"Switch TP-Link TL-SG2428P"},"content":{"rendered":"<p>Si vous \u00eates passionn\u00e9 d&#8217;<b>informatique et d&#8217;\u00e9lectronique<\/b>, si vous \u00eates \u00e0 la pointe de la technologie et qu&#8217;aucun d\u00e9tail ne vous \u00e9chappe, achetez <b>Switch TP-Link TL-SG2428P<\/b> au meilleur prix.<\/p>\n<p>Le <b>TL-SG2428P<\/b> de TP-Link est un <b>switch<\/b> manageable con\u00e7u pour les environnements professionnels exigeant une connectivit\u00e9 \u00e9lev\u00e9e et une grande fiabilit\u00e9. Il propose une configuration robuste de <b>28 ports<\/b>, comprenant <b>24 ports RJ45 Gigabit Ethernet LAN<\/b> et <b>4 emplacements SFP<\/b> pour l\u2019extension via fibre optique, facilitant la connexion de nombreux appareils et l\u2019int\u00e9gration dans des infrastructures r\u00e9seau avanc\u00e9es. Gr\u00e2ce \u00e0 la prise en charge du <b>PoE (Power over Ethernet)<\/b>, il alimente directement plusieurs appareils compatibles (points d\u2019acc\u00e8s, cam\u00e9ras IP, t\u00e9l\u00e9phones VoIP) via le c\u00e2ble r\u00e9seau, simplifiant l\u2019installation et r\u00e9duisant le c\u00e2blage gr\u00e2ce \u00e0 une <b>puissance maximale de 30 W par port<\/b>. L\u2019appareil arbore une <b>finition noire<\/b> professionnelle, p\u00e8se <b>1,5 kg<\/b> et s\u2019installe facilement gr\u00e2ce \u00e0 des <b>options de montage multiples<\/b> pour rack ou bureau. Il accepte une tension d\u2019entr\u00e9e de <b>230 V<\/b>, compatible avec la plupart des installations \u00e9lectriques europ\u00e9ennes. Sa gestion avanc\u00e9e via la plateforme Omada de TP-Link permet une administration centralis\u00e9e, une surveillance simplifi\u00e9e et un contr\u00f4le d\u2019acc\u00e8s pr\u00e9cis, facilitant l\u2019int\u00e9gration et la supervision du r\u00e9seau m\u00eame dans de grandes installations. Le <b>TL-SG2428P<\/b> est sp\u00e9cialement con\u00e7u pour la scalabilit\u00e9 et la s\u00e9curit\u00e9 dans les r\u00e9seaux d\u2019entreprise, \u00e9tablissements scolaires et organisations recherchant performance et facilit\u00e9 de gestion. Ce mod\u00e8le confirme la r\u00e9putation de TP-Link comme fournisseur de solutions r\u00e9seau fiables, efficaces et adapt\u00e9es aux besoins professionnels.<\/p>\n<ul>\n<li>Ventillateur:\n<ul>\n<li>x 2<\/li>\n<li>2<\/li>\n<\/ul>\n<\/li>\n<li>Dimensions approx.:\n<ul>\n<li>44 x 22 x 4,4 cm<\/li>\n<li>44 x 44 x 22 cm<\/li>\n<\/ul>\n<\/li>\n<li>Connexions:\n<ul>\n<li>SFP x 4<\/li>\n<li>QoS<\/li>\n<li>SFP<\/li>\n<li>RJ45<\/li>\n<li>Ethernet LAN<\/li>\n<li>RJ45 x 24<\/li>\n<\/ul>\n<\/li>\n<li>Utilisation recommand\u00e9e: Armoire Rack<\/li>\n<li>Type de prise: Prise EU<\/li>\n<li>Produit \u00e0 brancher: Oui<\/li>\n<li>Type:\n<ul>\n<li>Switch<\/li>\n<li>Armoire<\/li>\n<\/ul>\n<\/li>\n<li>Bloc d\u2019Alimentation:\n<ul>\n<li>C\u00e2ble<\/li>\n<li>Cordon d&#8217;alimentation CA<\/li>\n<li>r\u00e9seau \u00e9lectrique<\/li>\n<li>Incluses<\/li>\n<\/ul>\n<\/li>\n<li>vitesse:\n<ul>\n<li>1 Gbps<\/li>\n<li>56 Gbps<\/li>\n<li>10\/100\/1000 Mbps<\/li>\n<\/ul>\n<\/li>\n<li>Profondeur: 220 mm<\/li>\n<li>Largeur:\n<ul>\n<li>440 mm<\/li>\n<li>44 cm<\/li>\n<\/ul>\n<\/li>\n<li>Fr\u00e9quence: 50-60 Hz<\/li>\n<li>Tension:\n<ul>\n<li>100-240 V<\/li>\n<li>230 V<\/li>\n<li>100 &#8211; 240 V<\/li>\n<\/ul>\n<\/li>\n<li>Bloc d&#8217;alimentation inclus: Oui<\/li>\n<li>Connectivit\u00e9: Gigabit Ethernet<\/li>\n<li>Technologie: 1000Base-T<\/li>\n<li>Standard: IEEE 802.1p Class of Service (CoS) prioritization<\/li>\n<li>Tension d&#8217;entr\u00e9e AC: 100-240 V<\/li>\n<li>Certificat:\n<ul>\n<li>FCC<\/li>\n<li>CE<\/li>\n<li>RoHS<\/li>\n<li>CE, FCC, RoHS<\/li>\n<\/ul>\n<\/li>\n<li>\u00c9lev\u00e9: 4,4 cm<\/li>\n<li>Long: 22 cm<\/li>\n<li>Couleur: Noir<\/li>\n<li>Poids: 1,5 Kg<\/li>\n<li>Support: Multisupport<\/li>\n<li>puissance:\n<ul>\n<li>30 W<\/li>\n<li>250 W<\/li>\n<\/ul>\n<\/li>\n<li>N\u00b0 de rainures: 4<\/li>\n<li>Ports:\n<ul>\n<li>24<\/li>\n<li>28<\/li>\n<\/ul>\n<\/li>\n<li>Fr\u00e9quence d&#8217;entr\u00e9e AC: 50-60 Hz<\/li>\n<li>Plage d&#8217;humidit\u00e9 de travail: 10 % &#8211; 90 %<\/li>\n<li>Facteur de forme: 1U<\/li>\n<li>Temp\u00e9rature approximative: -40\u00ba \/ 70\u00ba<\/li>\n<li>Inclut: Manuel de l&#8217;utilisateur<\/li>\n<li>S\u00e9curit\u00e9: IGMP<\/li>\n<\/ul>\n<p><\/p>\n<p>TP-LINK TL-SG2428P. Type de port Ethernet RJ-45 de commutation de base: Gigabit Ethernet (10\/100\/1000), Quantit\u00e9 de ports Ethernet RJ-45 de commutation de base: 24. R\u00e9pertoire MAC: 8000 entr\u00e9es, Capacit\u00e9 de commutation: 56 Gbit\/s. Standards r\u00e9seau: IEEE 802.1D,IEEE 802.1Q,IEEE 802.1p,IEEE 802.1s,IEEE 802.1w,IEEE 802.1x,IEEE 802.3ab,IEEE&#8230;. Connexion Ethernet, supportant l&#8217;alimentation via ce port (PoE). Grille de montage<\/p>\n<p><\/p>\n<ul>\n<li>Qualit\u00e9 de service (QoS): Oui<\/li>\n<li>Gestion bas\u00e9e sur le web: Oui<\/li>\n<li>Inspection ARP: Oui<\/li>\n<li>Journal des \u00e9v\u00e9nements du syst\u00e8me: Oui<\/li>\n<li>Quantit\u00e9 de ports Ethernet RJ-45 de commutation de base: 24<\/li>\n<li>Type de port Ethernet RJ-45 de commutation de base: Gigabit Ethernet (10\/100\/1000)<\/li>\n<li>Ports Fibre Channel: 4<\/li>\n<li>Connecteur de fibre optique: SFP<\/li>\n<li>Standards r\u00e9seau: IEEE 802.1D,IEEE 802.1Q,IEEE 802.1p,IEEE 802.1s,IEEE 802.1w,IEEE 802.1x,IEEE 802.3ab,IEEE 802.3ad,IEEE 802.3af,IEEE 802.3at,IEEE 802.3az,IEEE 802.3i,IEEE 802.3u,IEEE 802.3x,IEEE 802.3z<\/li>\n<li>Soutien 10G: Non<\/li>\n<li>Technologie de c\u00e2blage Ethernet cuivre: 10BASE-T,10BASE-TX<\/li>\n<li>Types de c\u00e2bles soutenus: Cat3,Cat4,Cat5,Cat5e<\/li>\n<li>Port mirroring (Mise en miroir des ports): Oui<\/li>\n<li>Assistance contr\u00f4le des flux: Oui<\/li>\n<li>Contr\u00f4le Broadcast storm: Oui<\/li>\n<li>Limitation du d\u00e9bit: Oui<\/li>\n<li>Auto MDI\/MDI-X: Oui<\/li>\n<li>Protocles Spanning Tree (STP): Oui<\/li>\n<li>N\u00e9gociation automatique: Oui<\/li>\n<li>Support VLAN: Oui<\/li>\n<li>Fonctions LAN virtuelles: MAC address-based VLAN,Protocol-based VLAN,Voice VLAN<\/li>\n<li>Nombre de VLANs: 4000<\/li>\n<li>Technologie de c\u00e2blage Ethernet sur fibre: 1000BASE-X<\/li>\n<li>R\u00e9pertoire MAC: 8000 entr\u00e9es<\/li>\n<li>Capacit\u00e9 de commutation: 56 Gbit\/s<\/li>\n<li>Taux de transfert: 41,7 Mpps<\/li>\n<li>Nombre de files: 8<\/li>\n<li>Support de trames \u00e9tendues (Jumbo Frames): Oui<\/li>\n<li>Trames g\u00e9antes: 9000<\/li>\n<li>Fonctions DHCP: DHCP relay,DHCP server,DHCP snooping,DHCPv6 client<\/li>\n<li>Liste de contr\u00f4le d&#8217;acc\u00e8s (ACL): Oui<\/li>\n<li>Filtrage IGMP: Oui<\/li>\n<li>Algorithme de s\u00e9curit\u00e9 soutenu: HTTPS,SNMP,SNMPv2,SNMPv3,SSH,SSH-2,SSL\/TLS<\/li>\n<li>Protection en boucle: Oui<\/li>\n<li>Filtrage\/protection BPDU: Oui<\/li>\n<li>Liaison de port IP-MAC: Oui<\/li>\n<li>Type d&#8217;authentification: RADIUS<\/li>\n<li>Algorithmes de planification de file d&#8217;attente: ES, WRR+SP, Weighted Round Robin (WRR)<\/li>\n<li>Support \u00e0 la multidifusion: Oui<\/li>\n<li>Grille de montage: Oui<\/li>\n<li>Couleur du produit: Noir<\/li>\n<li>Nombre de ventilateurs: 2 ventilateur(s)<\/li>\n<li>Certification: CE, FCC, RoHS<\/li>\n<li>Micrologiciel \u00e9volutif: Oui<\/li>\n<li>Consommation (max): 308,6 W<\/li>\n<li>Connexion Ethernet, supportant l&#8217;alimentation via ce port (PoE): Oui<\/li>\n<li>Power over Ethernet (PoE) Nombre de ports: 24<\/li>\n<li>Temp\u00e9rature d&#8217;op\u00e9ration: 0 &#8211; 50 \u00b0C<\/li>\n<li>Temp\u00e9rature hors fonctionnement: -40 &#8211; 70 \u00b0C<\/li>\n<li>Taux d&#8217;humidit\u00e9 de fonctionnement: 10 &#8211; 90%<\/li>\n<li>Taux d&#8217;humidit\u00e9 relative (stockage): 5 &#8211; 90%<\/li>\n<li>Dissipation thermique: 1052,94 BTU\/h<\/li>\n<li>Largeur: 440 mm<\/li>\n<li>Profondeur: 220 mm<\/li>\n<li>Hauteur: 44 mm<\/li>\n<li>C\u00e2bles inclus: Secteur<\/li>\n<li>Guide d&#8217;utilisation: Oui<\/li>\n<li>Kit de montage en rack: Oui<\/li>\n<\/ul>","protected":false},"excerpt":{"rendered":"<p>Si vous \u00eates passionn\u00e9 d&#8217;informatique et d&#8217;\u00e9lectronique, si vous \u00eates \u00e0 la pointe de la technologie et qu&#8217;aucun d\u00e9tail ne vous \u00e9chappe, achetez Switch TP-Link TL-SG2428P au meilleur prix. Le TL-SG2428P de TP-Link est un switch manageable con\u00e7u pour les environnements professionnels exigeant une connectivit\u00e9 \u00e9lev\u00e9e et une grande fiabilit\u00e9. Il propose une configuration robuste [&hellip;]<\/p>\n","protected":false},"featured_media":190590,"comment_status":"open","ping_status":"closed","template":"","meta":[],"product_brand":[1435],"product_cat":[65,584,585],"product_tag":[106],"class_list":{"0":"post-74934","1":"product","2":"type-product","3":"status-publish","4":"has-post-thumbnail","6":"product_brand-brandp_585","7":"product_cat-informatique-electronique","8":"product_cat-informatique-reseaux-et-composants","9":"product_cat-switch","10":"product_tag-tag_1295","12":"first","13":"instock","14":"taxable","15":"shipping-taxable","16":"purchasable","17":"product-type-simple"},"_links":{"self":[{"href":"https:\/\/bigbuy.tupique.com\/en\/wp-json\/wp\/v2\/product\/74934","targetHints":{"allow":["GET"]}}],"collection":[{"href":"https:\/\/bigbuy.tupique.com\/en\/wp-json\/wp\/v2\/product"}],"about":[{"href":"https:\/\/bigbuy.tupique.com\/en\/wp-json\/wp\/v2\/types\/product"}],"replies":[{"embeddable":true,"href":"https:\/\/bigbuy.tupique.com\/en\/wp-json\/wp\/v2\/comments?post=74934"}],"wp:featuredmedia":[{"embeddable":true,"href":"https:\/\/bigbuy.tupique.com\/en\/wp-json\/wp\/v2\/media\/190590"}],"wp:attachment":[{"href":"https:\/\/bigbuy.tupique.com\/en\/wp-json\/wp\/v2\/media?parent=74934"}],"wp:term":[{"taxonomy":"product_brand","embeddable":true,"href":"https:\/\/bigbuy.tupique.com\/en\/wp-json\/wp\/v2\/product_brand?post=74934"},{"taxonomy":"product_cat","embeddable":true,"href":"https:\/\/bigbuy.tupique.com\/en\/wp-json\/wp\/v2\/product_cat?post=74934"},{"taxonomy":"product_tag","embeddable":true,"href":"https:\/\/bigbuy.tupique.com\/en\/wp-json\/wp\/v2\/product_tag?post=74934"}],"curies":[{"name":"wp","href":"https:\/\/api.w.org\/{rel}","templated":true}]}}