{"id":74699,"date":"2026-04-02T16:59:18","date_gmt":"2026-04-02T15:59:18","guid":{"rendered":"https:\/\/bigbuy.tupique.com\/produto\/smartphone-vivo-v60-lite-5g\/"},"modified":"2026-04-15T08:15:17","modified_gmt":"2026-04-15T07:15:17","slug":"smartphone-vivo-v60-lite-5g","status":"publish","type":"product","link":"https:\/\/bigbuy.tupique.com\/en\/produto\/smartphone-vivo-v60-lite-5g\/","title":{"rendered":"Smartphone Vivo V60 Lite 5G"},"content":{"rendered":"<p>Si vous \u00eates passionn\u00e9 d&#8217;<b>informatique et d&#8217;\u00e9lectronique<\/b>, si vous \u00eates \u00e0 la pointe de la technologie et qu&#8217;aucun d\u00e9tail ne vous \u00e9chappe, achetez <b>Smartphone Vivo V60 Lite 5G<\/b> au meilleur prix.<\/p>\n<p>Le <b>smartphone<\/b> Vivo V60 Lite mod\u00e8le 5671245 est un appareil con\u00e7u pour les utilisateurs recherchant un \u00e9quilibre entre performance et fonctionnalit\u00e9. Il dispose d\u2019un <b>\u00e9cran de 6,7 pouces<\/b> offrant une exp\u00e9rience visuelle large et confortable pour naviguer, consommer du contenu multim\u00e9dia ou passer des appels vid\u00e9o en bonne d\u00e9finition. \u00c9quip\u00e9 de <b>8 Go de m\u00e9moire RAM<\/b>, ce mobile permet de g\u00e9rer plusieurs applications simultan\u00e9ment et assure une fluidit\u00e9 dans les t\u00e2ches quotidiennes et les jeux gourmands en ressources. De plus, il offre une <b>grande capacit\u00e9 de stockage interne de 256 Go<\/b>, id\u00e9ale pour conserver photos, vid\u00e9os, applications et documents sans souci d\u2019espace. Il fonctionne sous <b>Android<\/b>, garantissant flexibilit\u00e9 et acc\u00e8s \u00e0 un large choix d\u2019applications et mises \u00e0 jour de s\u00e9curit\u00e9. Son design en <b>noir<\/b> apporte une finition sobre et \u00e9l\u00e9gante, adapt\u00e9e \u00e0 diff\u00e9rents styles et environnements. Ce mod\u00e8le supporte la connectivit\u00e9 5G, permettant des vitesses de t\u00e9l\u00e9chargement et de navigation am\u00e9lior\u00e9es sur r\u00e9seaux mobiles. Il inclut \u00e9galement un chargeur rapide 90W et des \u00e9couteurs Buds, ajoutant de la valeur en facilitant une charge rapide et un acc\u00e8s imm\u00e9diat au son. Le processeur Octa Core int\u00e9gr\u00e9 assure une performance \u00e9quilibr\u00e9e pour les activit\u00e9s quotidiennes, du travail au divertissement. En somme, le Vivo V60 Lite se pr\u00e9sente comme un appareil polyvalent et moderne, combinant un grand \u00e9cran, des capacit\u00e9s techniques suffisantes et des accessoires compl\u00e9mentaires, destin\u00e9 aux utilisateurs cherchant un \u00e9quilibre entre capacit\u00e9, design et connectivit\u00e9 dans un smartphone de milieu de gamme.<\/p>\n<ul>\n<li>Bloc d\u2019Alimentation:\n<ul>\n<li>r\u00e9seau \u00e9lectrique<\/li>\n<li>Batterie<\/li>\n<\/ul>\n<\/li>\n<li>Type:\n<ul>\n<li>Smartphone<\/li>\n<li>Smartphones, t\u00e9l\u00e9phones mobiles<\/li>\n<\/ul>\n<\/li>\n<li>Produit \u00e0 brancher: Oui<\/li>\n<li>Syst\u00e8me d&#8217;exploitation: Android<\/li>\n<li>Ecran:\n<ul>\n<li>6,7&#8243;<\/li>\n<li>6,9&#8243;<\/li>\n<\/ul>\n<\/li>\n<li>Type de prise: Prise EU<\/li>\n<li>Diagonale de l&#8217;\u00e9cran (cm):\n<ul>\n<li>17 cm<\/li>\n<li>17,5 cm<\/li>\n<\/ul>\n<\/li>\n<li>Capacit\u00e9 de la batterie:\n<ul>\n<li>6500 mAh<\/li>\n<li>7000 mAh<\/li>\n<\/ul>\n<\/li>\n<li>Processeur:\n<ul>\n<li>Mediatek Dimensity 7300<\/li>\n<li>Octa Core<\/li>\n<\/ul>\n<\/li>\n<li>Couleur: Noir<\/li>\n<li>M\u00e9moire RAM: 8 GB RAM<\/li>\n<li>Chargeur inclus: Oui<\/li>\n<li>M\u00e9moire interne: 256 GB<\/li>\n<\/ul>","protected":false},"excerpt":{"rendered":"<p>Si vous \u00eates passionn\u00e9 d&#8217;informatique et d&#8217;\u00e9lectronique, si vous \u00eates \u00e0 la pointe de la technologie et qu&#8217;aucun d\u00e9tail ne vous \u00e9chappe, achetez Smartphone Vivo V60 Lite 5G au meilleur prix. Le smartphone Vivo V60 Lite mod\u00e8le 5671245 est un appareil con\u00e7u pour les utilisateurs recherchant un \u00e9quilibre entre performance et fonctionnalit\u00e9. Il dispose d\u2019un [&hellip;]<\/p>\n","protected":false},"featured_media":74694,"comment_status":"open","ping_status":"closed","template":"","meta":[],"product_brand":[1292],"product_cat":[575,65,960],"product_tag":[213,566,106],"class_list":{"0":"post-74699","1":"product","2":"type-product","3":"status-publish","4":"has-post-thumbnail","6":"product_brand-brandp_6701","7":"product_cat-electronique-telephonie-et-tablettes","8":"product_cat-informatique-electronique","9":"product_cat-telephones-portables","10":"product_tag-tag_933","11":"product_tag-tag_547","12":"product_tag-tag_1295","14":"first","15":"instock","16":"taxable","17":"shipping-taxable","18":"purchasable","19":"product-type-simple"},"_links":{"self":[{"href":"https:\/\/bigbuy.tupique.com\/en\/wp-json\/wp\/v2\/product\/74699","targetHints":{"allow":["GET"]}}],"collection":[{"href":"https:\/\/bigbuy.tupique.com\/en\/wp-json\/wp\/v2\/product"}],"about":[{"href":"https:\/\/bigbuy.tupique.com\/en\/wp-json\/wp\/v2\/types\/product"}],"replies":[{"embeddable":true,"href":"https:\/\/bigbuy.tupique.com\/en\/wp-json\/wp\/v2\/comments?post=74699"}],"wp:featuredmedia":[{"embeddable":true,"href":"https:\/\/bigbuy.tupique.com\/en\/wp-json\/wp\/v2\/media\/74694"}],"wp:attachment":[{"href":"https:\/\/bigbuy.tupique.com\/en\/wp-json\/wp\/v2\/media?parent=74699"}],"wp:term":[{"taxonomy":"product_brand","embeddable":true,"href":"https:\/\/bigbuy.tupique.com\/en\/wp-json\/wp\/v2\/product_brand?post=74699"},{"taxonomy":"product_cat","embeddable":true,"href":"https:\/\/bigbuy.tupique.com\/en\/wp-json\/wp\/v2\/product_cat?post=74699"},{"taxonomy":"product_tag","embeddable":true,"href":"https:\/\/bigbuy.tupique.com\/en\/wp-json\/wp\/v2\/product_tag?post=74699"}],"curies":[{"name":"wp","href":"https:\/\/api.w.org\/{rel}","templated":true}]}}