{"id":74478,"date":"2026-04-02T16:47:59","date_gmt":"2026-04-02T15:47:59","guid":{"rendered":"https:\/\/bigbuy.tupique.com\/produto\/hard-drive-western-digital-sn850x-2-tb-2-tb-ssd\/"},"modified":"2026-04-15T08:12:57","modified_gmt":"2026-04-15T07:12:57","slug":"hard-drive-western-digital-sn850x-2-tb-2-tb-ssd","status":"publish","type":"product","link":"https:\/\/bigbuy.tupique.com\/en\/produto\/hard-drive-western-digital-sn850x-2-tb-2-tb-ssd\/","title":{"rendered":"Disque dur Western Digital SN850X 2 TB 2 TB SSD"},"content":{"rendered":"<p>Si vous \u00eates passionn\u00e9 d&#8217;<b>informatique et d&#8217;\u00e9lectronique<\/b>, si vous \u00eates \u00e0 la pointe de la technologie et qu&#8217;aucun d\u00e9tail ne vous \u00e9chappe, achetez <b>Disque dur Western Digital SN850X 2 TB 2 TB SSD<\/b> au meilleur prix.<\/p>\n<p>Le <b>disque dur SN850X<\/b> de <b>Western Digital<\/b> est un p\u00e9riph\u00e9rique de stockage haute performance sp\u00e9cialement con\u00e7u pour le gaming et les utilisateurs avanc\u00e9s qui exigent vitesse et capacit\u00e9 exceptionnelles sur leurs syst\u00e8mes. Il s\u2019agit d\u2019un <b>SSD de 2 To<\/b> au format <b>M.2<\/b>, utilisant l\u2019interface <b>PCI Express 4.0 (PCIe Gen 4)<\/b>, garantissant un transfert de donn\u00e9es ultra-rapide et r\u00e9duisant significativement les temps de chargement des jeux et applications lourdes. Sa technologie SSD \u00e9limine les contraintes m\u00e9caniques des disques durs traditionnels, offrant ainsi une meilleure durabilit\u00e9 et efficacit\u00e9 \u00e9nerg\u00e9tique. Avec un profil compact de seulement <b>2,2 cm d\u2019\u00e9paisseur<\/b> et une finition <b>noire<\/b>, il est compatible avec les syst\u00e8mes sous Windows 10, assurant une int\u00e9gration parfaite dans les configurations de derni\u00e8re g\u00e9n\u00e9ration. Ce mod\u00e8le combine l\u2019architecture avanc\u00e9e de Western Digital avec la vitesse du PCIe 4.0 pour am\u00e9liorer les exp\u00e9riences de jeu et de productivit\u00e9, permettant de g\u00e9rer fichiers et donn\u00e9es volumineux de mani\u00e8re fluide et fiable. En r\u00e9sum\u00e9, le Western Digital SN850X repr\u00e9sente une solution SSD robuste et efficace, particuli\u00e8rement adapt\u00e9e \u00e0 ceux qui recherchent haute performance et grande capacit\u00e9 dans leur \u00e9quipement informatique.<\/p>\n<ul>\n<li>Technologie: SSD<\/li>\n<li>Connexions:\n<ul>\n<li>PCIe<\/li>\n<li>M.2 2280<\/li>\n<li>M.2<\/li>\n<li>PCI Express 4.0<\/li>\n<\/ul>\n<\/li>\n<li>vitesse:\n<ul>\n<li>7300 MB\/s<\/li>\n<li>6600 MB\/S<\/li>\n<\/ul>\n<\/li>\n<li>Type:\n<ul>\n<li>Disque dur interne<\/li>\n<li>SSD<\/li>\n<li>Interne<\/li>\n<li>Jeux<\/li>\n<\/ul>\n<\/li>\n<li>Syst\u00e8me d&#8217;exploitation:\n<ul>\n<li>Windows 10<\/li>\n<li>Windows 11<\/li>\n<li>Windows 8.1<\/li>\n<\/ul>\n<\/li>\n<li>Largeur: 22 mm<\/li>\n<li>Poids: 7,5 g<\/li>\n<li>Quantit\u00e9: 1<\/li>\n<li>Couleur: Noir<\/li>\n<li>Utilisation recommand\u00e9e: PC de bureau<\/li>\n<li>Compatible:\n<ul>\n<li>Windows 8.1<\/li>\n<li>Windows 10<\/li>\n<li>Windows 11<\/li>\n<li>SSD NVMe<\/li>\n<li>PC<\/li>\n<li>Ordinateurs<\/li>\n<\/ul>\n<\/li>\n<li>Long: 8 cm<\/li>\n<li>Disque dur:\n<ul>\n<li>2 TB<\/li>\n<li>2 TB SSD<\/li>\n<\/ul>\n<\/li>\n<li>Type de stockage: SSD<\/li>\n<\/ul>","protected":false},"excerpt":{"rendered":"<p>Si vous \u00eates passionn\u00e9 d&#8217;informatique et d&#8217;\u00e9lectronique, si vous \u00eates \u00e0 la pointe de la technologie et qu&#8217;aucun d\u00e9tail ne vous \u00e9chappe, achetez Disque dur Western Digital SN850X 2 TB 2 TB SSD au meilleur prix. Le disque dur SN850X de Western Digital est un p\u00e9riph\u00e9rique de stockage haute performance sp\u00e9cialement con\u00e7u pour le gaming [&hellip;]<\/p>\n","protected":false},"featured_media":74446,"comment_status":"open","ping_status":"closed","template":"","meta":[],"product_brand":[792],"product_cat":[588,65,584],"product_tag":[106],"class_list":{"0":"post-74478","1":"product","2":"type-product","3":"status-publish","4":"has-post-thumbnail","6":"product_brand-brandp_589","7":"product_cat-disques-durs","8":"product_cat-informatique-electronique","9":"product_cat-informatique-reseaux-et-composants","10":"product_tag-tag_1295","12":"first","13":"instock","14":"taxable","15":"shipping-taxable","16":"purchasable","17":"product-type-simple"},"_links":{"self":[{"href":"https:\/\/bigbuy.tupique.com\/en\/wp-json\/wp\/v2\/product\/74478","targetHints":{"allow":["GET"]}}],"collection":[{"href":"https:\/\/bigbuy.tupique.com\/en\/wp-json\/wp\/v2\/product"}],"about":[{"href":"https:\/\/bigbuy.tupique.com\/en\/wp-json\/wp\/v2\/types\/product"}],"replies":[{"embeddable":true,"href":"https:\/\/bigbuy.tupique.com\/en\/wp-json\/wp\/v2\/comments?post=74478"}],"wp:featuredmedia":[{"embeddable":true,"href":"https:\/\/bigbuy.tupique.com\/en\/wp-json\/wp\/v2\/media\/74446"}],"wp:attachment":[{"href":"https:\/\/bigbuy.tupique.com\/en\/wp-json\/wp\/v2\/media?parent=74478"}],"wp:term":[{"taxonomy":"product_brand","embeddable":true,"href":"https:\/\/bigbuy.tupique.com\/en\/wp-json\/wp\/v2\/product_brand?post=74478"},{"taxonomy":"product_cat","embeddable":true,"href":"https:\/\/bigbuy.tupique.com\/en\/wp-json\/wp\/v2\/product_cat?post=74478"},{"taxonomy":"product_tag","embeddable":true,"href":"https:\/\/bigbuy.tupique.com\/en\/wp-json\/wp\/v2\/product_tag?post=74478"}],"curies":[{"name":"wp","href":"https:\/\/api.w.org\/{rel}","templated":true}]}}