{"id":73996,"date":"2026-04-02T16:18:01","date_gmt":"2026-04-02T15:18:01","guid":{"rendered":"https:\/\/bigbuy.tupique.com\/produto\/watch-strap-apple-mxmc3zm-a\/"},"modified":"2026-04-15T08:12:53","modified_gmt":"2026-04-15T07:12:53","slug":"watch-strap-apple-mxmc3zm-a","status":"publish","type":"product","link":"https:\/\/bigbuy.tupique.com\/en\/produto\/watch-strap-apple-mxmc3zm-a\/","title":{"rendered":"Bracelet \u00e0 montre Apple MXMC3ZM\/A"},"content":{"rendered":"<p>Si vous \u00eates passionn\u00e9 d&#8217;<b>informatique et d&#8217;\u00e9lectronique<\/b>, si vous \u00eates \u00e0 la pointe de la technologie et qu&#8217;aucun d\u00e9tail ne vous \u00e9chappe, achetez <b>Bracelet \u00e0 montre Apple MXMC3ZM\/A<\/b> au meilleur prix.<\/p>\n<ul>\n<li>Mati\u00e8re:\n<ul>\n<li>Acier<\/li>\n<li>Acier inoxydable<\/li>\n<\/ul>\n<\/li>\n<li>Caisse: 42 mm<\/li>\n<li>Couleur:\n<ul>\n<li>Or<\/li>\n<li>Dor\u00e9<\/li>\n<\/ul>\n<\/li>\n<li>Type: Sangle de remplacement<\/li>\n<li>Compatible:\n<ul>\n<li>Apple<\/li>\n<li>Apple Watch Models 38 mm, 40 mm, 41 mm, 42 mm<\/li>\n<\/ul>\n<\/li>\n<\/ul>","protected":false},"excerpt":{"rendered":"<p>Si vous \u00eates passionn\u00e9 d&#8217;informatique et d&#8217;\u00e9lectronique, si vous \u00eates \u00e0 la pointe de la technologie et qu&#8217;aucun d\u00e9tail ne vous \u00e9chappe, achetez Bracelet \u00e0 montre Apple MXMC3ZM\/A au meilleur prix. Mati\u00e8re: Acier Acier inoxydable Caisse: 42 mm Couleur: Or Dor\u00e9 Type: Sangle de remplacement Compatible: Apple Apple Watch Models 38 mm, 40 mm, 41 [&hellip;]<\/p>\n","protected":false},"featured_media":73989,"comment_status":"open","ping_status":"closed","template":"","meta":[],"product_brand":[979],"product_cat":[575,65,748],"product_tag":[566],"class_list":{"0":"post-73996","1":"product","2":"type-product","3":"status-publish","4":"has-post-thumbnail","6":"product_brand-brandp_533","7":"product_cat-electronique-telephonie-et-tablettes","8":"product_cat-informatique-electronique","9":"product_cat-smartwatches","10":"product_tag-tag_547","12":"first","13":"instock","14":"taxable","15":"shipping-taxable","16":"purchasable","17":"product-type-simple"},"_links":{"self":[{"href":"https:\/\/bigbuy.tupique.com\/en\/wp-json\/wp\/v2\/product\/73996","targetHints":{"allow":["GET"]}}],"collection":[{"href":"https:\/\/bigbuy.tupique.com\/en\/wp-json\/wp\/v2\/product"}],"about":[{"href":"https:\/\/bigbuy.tupique.com\/en\/wp-json\/wp\/v2\/types\/product"}],"replies":[{"embeddable":true,"href":"https:\/\/bigbuy.tupique.com\/en\/wp-json\/wp\/v2\/comments?post=73996"}],"wp:featuredmedia":[{"embeddable":true,"href":"https:\/\/bigbuy.tupique.com\/en\/wp-json\/wp\/v2\/media\/73989"}],"wp:attachment":[{"href":"https:\/\/bigbuy.tupique.com\/en\/wp-json\/wp\/v2\/media?parent=73996"}],"wp:term":[{"taxonomy":"product_brand","embeddable":true,"href":"https:\/\/bigbuy.tupique.com\/en\/wp-json\/wp\/v2\/product_brand?post=73996"},{"taxonomy":"product_cat","embeddable":true,"href":"https:\/\/bigbuy.tupique.com\/en\/wp-json\/wp\/v2\/product_cat?post=73996"},{"taxonomy":"product_tag","embeddable":true,"href":"https:\/\/bigbuy.tupique.com\/en\/wp-json\/wp\/v2\/product_tag?post=73996"}],"curies":[{"name":"wp","href":"https:\/\/api.w.org\/{rel}","templated":true}]}}