{"id":73988,"date":"2026-04-02T16:17:47","date_gmt":"2026-04-02T15:17:47","guid":{"rendered":"https:\/\/bigbuy.tupique.com\/produto\/headphones-with-microphone-apple-muw33zm-a-pink\/"},"modified":"2026-04-15T08:12:52","modified_gmt":"2026-04-15T07:12:52","slug":"headphones-with-microphone-apple-muw33zm-a-pink","status":"publish","type":"product","link":"https:\/\/bigbuy.tupique.com\/en\/produto\/headphones-with-microphone-apple-muw33zm-a-pink\/","title":{"rendered":"Casques avec Microphone Apple MUW33ZM\/A Rose"},"content":{"rendered":"<p>Si vous \u00eates passionn\u00e9 d&#8217;<b>informatique et d&#8217;\u00e9lectronique<\/b>, si vous \u00eates \u00e0 la pointe de la technologie et qu&#8217;aucun d\u00e9tail ne vous \u00e9chappe, achetez <b>Casques avec Microphone Apple MUW33ZM\/A Rose<\/b> au meilleur prix.<\/p>\n<ul>\n<li>Type:\n<ul>\n<li>Casques avec Microphone<\/li>\n<li>Casque<\/li>\n<\/ul>\n<\/li>\n<li>Microphone int\u00e9gr\u00e9: Non<\/li>\n<li>Bloc d\u2019Alimentation: C\u00e2ble \u00e9lectrique<\/li>\n<li>Couleur: Rose<\/li>\n<li>Caract\u00e9ristiques:\n<ul>\n<li>Microphone int\u00e9gr\u00e9<\/li>\n<li>Garantie<\/li>\n<li>Guide d&#8217;installation inclus<\/li>\n<li>Batterie int\u00e9gr\u00e9e<\/li>\n<\/ul>\n<\/li>\n<li>Connexions:\n<ul>\n<li>USB<\/li>\n<li>USB-C<\/li>\n<li>Jack 3.5 mm<\/li>\n<\/ul>\n<\/li>\n<li>Connectivit\u00e9:\n<ul>\n<li>Bluetooth<\/li>\n<li>Bluetooth 5.3<\/li>\n<\/ul>\n<\/li>\n<li>Type de casque: Externe supra-aural<\/li>\n<li>Compatible: Android, iOS<\/li>\n<li>Batterie: Oui<\/li>\n<li>Utilisation recommand\u00e9e: Appels et musique<\/li>\n<li>Inclut: Housse de transport<\/li>\n<li>Type de batterie: Litio Ion<\/li>\n<\/ul>","protected":false},"excerpt":{"rendered":"<p>Si vous \u00eates passionn\u00e9 d&#8217;informatique et d&#8217;\u00e9lectronique, si vous \u00eates \u00e0 la pointe de la technologie et qu&#8217;aucun d\u00e9tail ne vous \u00e9chappe, achetez Casques avec Microphone Apple MUW33ZM\/A Rose au meilleur prix. Type: Casques avec Microphone Casque Microphone int\u00e9gr\u00e9: Non Bloc d\u2019Alimentation: C\u00e2ble \u00e9lectrique Couleur: Rose Caract\u00e9ristiques: Microphone int\u00e9gr\u00e9 Garantie Guide d&#8217;installation inclus Batterie int\u00e9gr\u00e9e [&hellip;]<\/p>\n","protected":false},"featured_media":73978,"comment_status":"open","ping_status":"closed","template":"","meta":[],"product_brand":[979],"product_cat":[758,575,65],"product_tag":[566,106],"class_list":{"0":"post-73988","1":"product","2":"type-product","3":"status-publish","4":"has-post-thumbnail","6":"product_brand-brandp_533","7":"product_cat-casque-avec-microphone","8":"product_cat-electronique-telephonie-et-tablettes","9":"product_cat-informatique-electronique","10":"product_tag-tag_547","11":"product_tag-tag_1295","13":"first","14":"instock","15":"taxable","16":"shipping-taxable","17":"purchasable","18":"product-type-simple"},"_links":{"self":[{"href":"https:\/\/bigbuy.tupique.com\/en\/wp-json\/wp\/v2\/product\/73988","targetHints":{"allow":["GET"]}}],"collection":[{"href":"https:\/\/bigbuy.tupique.com\/en\/wp-json\/wp\/v2\/product"}],"about":[{"href":"https:\/\/bigbuy.tupique.com\/en\/wp-json\/wp\/v2\/types\/product"}],"replies":[{"embeddable":true,"href":"https:\/\/bigbuy.tupique.com\/en\/wp-json\/wp\/v2\/comments?post=73988"}],"wp:featuredmedia":[{"embeddable":true,"href":"https:\/\/bigbuy.tupique.com\/en\/wp-json\/wp\/v2\/media\/73978"}],"wp:attachment":[{"href":"https:\/\/bigbuy.tupique.com\/en\/wp-json\/wp\/v2\/media?parent=73988"}],"wp:term":[{"taxonomy":"product_brand","embeddable":true,"href":"https:\/\/bigbuy.tupique.com\/en\/wp-json\/wp\/v2\/product_brand?post=73988"},{"taxonomy":"product_cat","embeddable":true,"href":"https:\/\/bigbuy.tupique.com\/en\/wp-json\/wp\/v2\/product_cat?post=73988"},{"taxonomy":"product_tag","embeddable":true,"href":"https:\/\/bigbuy.tupique.com\/en\/wp-json\/wp\/v2\/product_tag?post=73988"}],"curies":[{"name":"wp","href":"https:\/\/api.w.org\/{rel}","templated":true}]}}