{"id":73895,"date":"2026-04-02T16:10:10","date_gmt":"2026-04-02T15:10:10","guid":{"rendered":"https:\/\/bigbuy.tupique.com\/produto\/keyboard-apple-mqdp3b-a-spanish-qwerty-white\/"},"modified":"2026-04-15T08:12:51","modified_gmt":"2026-04-15T07:12:51","slug":"keyboard-apple-mqdp3b-a-spanish-qwerty-white","status":"publish","type":"product","link":"https:\/\/bigbuy.tupique.com\/en\/produto\/keyboard-apple-mqdp3b-a-spanish-qwerty-white\/","title":{"rendered":"Clavier Apple MQDP3B\/A Espagnol Qwerty Blanc"},"content":{"rendered":"<p>Retournez au bureau sans rien oublier ! Achetez <b>Clavier Apple MQDP3B\/A Espagnol Qwerty Blanc<\/b> et faites envie \u00e0 vos coll\u00e8gues!<\/p>\n<ul>\n<li>Type: Clavier<\/li>\n<li>Clavier: Espagnol Qwerty<\/li>\n<li>Mati\u00e8re: Aluminium<\/li>\n<li>Couleur:\n<ul>\n<li>Argent\u00e9<\/li>\n<li>Blanc<\/li>\n<\/ul>\n<\/li>\n<\/ul>","protected":false},"excerpt":{"rendered":"<p>Retournez au bureau sans rien oublier ! Achetez Clavier Apple MQDP3B\/A Espagnol Qwerty Blanc et faites envie \u00e0 vos coll\u00e8gues! Type: Clavier Clavier: Espagnol Qwerty Mati\u00e8re: Aluminium Couleur: Argent\u00e9 Blanc<\/p>","protected":false},"featured_media":73887,"comment_status":"open","ping_status":"closed","template":"","meta":[],"product_brand":[979],"product_cat":[729,65,581],"product_tag":[213,106],"class_list":{"0":"post-73895","1":"product","2":"type-product","3":"status-publish","4":"has-post-thumbnail","6":"product_brand-brandp_533","7":"product_cat-claviers","8":"product_cat-informatique-electronique","9":"product_cat-informatique-peripheriques-et-consommables","10":"product_tag-tag_933","11":"product_tag-tag_1295","13":"first","14":"instock","15":"taxable","16":"shipping-taxable","17":"purchasable","18":"product-type-simple"},"_links":{"self":[{"href":"https:\/\/bigbuy.tupique.com\/en\/wp-json\/wp\/v2\/product\/73895","targetHints":{"allow":["GET"]}}],"collection":[{"href":"https:\/\/bigbuy.tupique.com\/en\/wp-json\/wp\/v2\/product"}],"about":[{"href":"https:\/\/bigbuy.tupique.com\/en\/wp-json\/wp\/v2\/types\/product"}],"replies":[{"embeddable":true,"href":"https:\/\/bigbuy.tupique.com\/en\/wp-json\/wp\/v2\/comments?post=73895"}],"wp:featuredmedia":[{"embeddable":true,"href":"https:\/\/bigbuy.tupique.com\/en\/wp-json\/wp\/v2\/media\/73887"}],"wp:attachment":[{"href":"https:\/\/bigbuy.tupique.com\/en\/wp-json\/wp\/v2\/media?parent=73895"}],"wp:term":[{"taxonomy":"product_brand","embeddable":true,"href":"https:\/\/bigbuy.tupique.com\/en\/wp-json\/wp\/v2\/product_brand?post=73895"},{"taxonomy":"product_cat","embeddable":true,"href":"https:\/\/bigbuy.tupique.com\/en\/wp-json\/wp\/v2\/product_cat?post=73895"},{"taxonomy":"product_tag","embeddable":true,"href":"https:\/\/bigbuy.tupique.com\/en\/wp-json\/wp\/v2\/product_tag?post=73895"}],"curies":[{"name":"wp","href":"https:\/\/api.w.org\/{rel}","templated":true}]}}