{"id":73799,"date":"2026-04-02T16:07:18","date_gmt":"2026-04-02T15:07:18","guid":{"rendered":"https:\/\/bigbuy.tupique.com\/produto\/hard-drive-western-digital-wdbawy0020bbk-wesn-2-tb-ssd\/"},"modified":"2026-04-15T08:10:33","modified_gmt":"2026-04-15T07:10:33","slug":"hard-drive-western-digital-wdbawy0020bbk-wesn-2-tb-ssd","status":"publish","type":"product","link":"https:\/\/bigbuy.tupique.com\/en\/produto\/hard-drive-western-digital-wdbawy0020bbk-wesn-2-tb-ssd\/","title":{"rendered":"Disque dur Western Digital WDBAWY0020BBK-WESN 2 TB SSD"},"content":{"rendered":"<p>Si vous \u00eates passionn\u00e9 d&#8217;<b>informatique et d&#8217;\u00e9lectronique<\/b>, si vous \u00eates \u00e0 la pointe de la technologie et qu&#8217;aucun d\u00e9tail ne vous \u00e9chappe, achetez <b>Disque dur Western Digital WDBAWY0020BBK-WESN 2 TB SSD<\/b> au meilleur prix.<\/p>\n<ul>\n<li>vitesse:\n<ul>\n<li>10 Gbit\/s<\/li>\n<li>2000 MB\/s<\/li>\n<\/ul>\n<\/li>\n<li>Mati\u00e8re:\n<ul>\n<li>M\u00e9tal<\/li>\n<li>Polycarbonate<\/li>\n<\/ul>\n<\/li>\n<li>Couleur: Noir<\/li>\n<li>Connexions:\n<ul>\n<li>USB<\/li>\n<li>USB-C<\/li>\n<li>USB 3.2<\/li>\n<\/ul>\n<\/li>\n<li>Disque dur: 2 TB SSD<\/li>\n<li>Compatible:\n<ul>\n<li>Windows<\/li>\n<li>macOS<\/li>\n<li>Ordinateurs<\/li>\n<\/ul>\n<\/li>\n<li>Non Inclus: Wi-Fi<\/li>\n<li>Type de stockage: SSD<\/li>\n<\/ul>","protected":false},"excerpt":{"rendered":"<p>Si vous \u00eates passionn\u00e9 d&#8217;informatique et d&#8217;\u00e9lectronique, si vous \u00eates \u00e0 la pointe de la technologie et qu&#8217;aucun d\u00e9tail ne vous \u00e9chappe, achetez Disque dur Western Digital WDBAWY0020BBK-WESN 2 TB SSD au meilleur prix. vitesse: 10 Gbit\/s 2000 MB\/s Mati\u00e8re: M\u00e9tal Polycarbonate Couleur: Noir Connexions: USB USB-C USB 3.2 Disque dur: 2 TB SSD Compatible: [&hellip;]<\/p>\n","protected":false},"featured_media":73790,"comment_status":"open","ping_status":"closed","template":"","meta":[],"product_brand":[792],"product_cat":[65,958,1140],"product_tag":[213,106],"class_list":{"0":"post-73799","1":"product","2":"type-product","3":"status-publish","4":"has-post-thumbnail","6":"product_brand-brandp_589","7":"product_cat-informatique-electronique","8":"product_cat-informatique-ordinateurs","9":"product_cat-mini-pc","10":"product_tag-tag_933","11":"product_tag-tag_1295","13":"first","14":"instock","15":"taxable","16":"shipping-taxable","17":"purchasable","18":"product-type-simple"},"_links":{"self":[{"href":"https:\/\/bigbuy.tupique.com\/en\/wp-json\/wp\/v2\/product\/73799","targetHints":{"allow":["GET"]}}],"collection":[{"href":"https:\/\/bigbuy.tupique.com\/en\/wp-json\/wp\/v2\/product"}],"about":[{"href":"https:\/\/bigbuy.tupique.com\/en\/wp-json\/wp\/v2\/types\/product"}],"replies":[{"embeddable":true,"href":"https:\/\/bigbuy.tupique.com\/en\/wp-json\/wp\/v2\/comments?post=73799"}],"wp:featuredmedia":[{"embeddable":true,"href":"https:\/\/bigbuy.tupique.com\/en\/wp-json\/wp\/v2\/media\/73790"}],"wp:attachment":[{"href":"https:\/\/bigbuy.tupique.com\/en\/wp-json\/wp\/v2\/media?parent=73799"}],"wp:term":[{"taxonomy":"product_brand","embeddable":true,"href":"https:\/\/bigbuy.tupique.com\/en\/wp-json\/wp\/v2\/product_brand?post=73799"},{"taxonomy":"product_cat","embeddable":true,"href":"https:\/\/bigbuy.tupique.com\/en\/wp-json\/wp\/v2\/product_cat?post=73799"},{"taxonomy":"product_tag","embeddable":true,"href":"https:\/\/bigbuy.tupique.com\/en\/wp-json\/wp\/v2\/product_tag?post=73799"}],"curies":[{"name":"wp","href":"https:\/\/api.w.org\/{rel}","templated":true}]}}