{"id":73119,"date":"2026-04-02T15:27:40","date_gmt":"2026-04-02T14:27:40","guid":{"rendered":"https:\/\/bigbuy.tupique.com\/produto\/ticket-printer-epson-c31cd38025c0-2\/"},"modified":"2026-05-11T19:55:56","modified_gmt":"2026-05-11T17:55:56","slug":"ticket-printer-epson-c31cd38025c0-2","status":"publish","type":"product","link":"https:\/\/bigbuy.tupique.com\/en\/produto\/ticket-printer-epson-c31cd38025c0-2\/","title":{"rendered":"Imprimante \u00e0 Billets Epson C31CD38025C0"},"content":{"rendered":"<p>Si vous \u00eates passionn\u00e9 d&#8217;<b>informatique et d&#8217;\u00e9lectronique<\/b>, si vous \u00eates \u00e0 la pointe de la technologie et qu&#8217;aucun d\u00e9tail ne vous \u00e9chappe, achetez <b>Imprimante \u00e0 Billets Epson C31CD38025C0<\/b> au meilleur prix.<\/p>\n<p>L\u2019<b>Imprimante de Tickets<\/b> Epson mod\u00e8le <b>C31CD38025C0<\/b> est une solution efficace et compacte con\u00e7ue pour les entreprises n\u00e9cessitant une impression rapide et fiable des re\u00e7us au point de vente. Cet appareil de la marque reconnue <b>Epson<\/b> se distingue par sa connectivit\u00e9 <b>sans fil<\/b> et son int\u00e9gration facile via <b>port USB<\/b>, permettant une installation ais\u00e9e dans divers environnements commerciaux sans contrainte de c\u00e2blage. Son design en <b>noir<\/b> lui conf\u00e8re une apparence discr\u00e8te et professionnelle, adapt\u00e9e aux comptoirs modernes ou classiques. Fabriqu\u00e9e avec la qualit\u00e9 habituelle d\u2019Epson et assembl\u00e9e en Chine, cette imprimante offre une impression thermique silencieuse et efficace pour les re\u00e7us, ce qui se traduit par de faibles co\u00fbts de maintenance et une vitesse constante d\u2019\u00e9mission des tickets. Sa compatibilit\u00e9 avec des rouleaux de papier de 80 mm assure une grande polyvalence pour g\u00e9rer diff\u00e9rents volumes de clients, tandis que la connectivit\u00e9 sans fil facilite la mobilit\u00e9 ou l\u2019installation dans des espaces restreints sans perte de performance. La <b>Epson C31CD38025C0<\/b> est id\u00e9ale pour les commerces, restaurants et tout environnement valorisant la pr\u00e9cision, la fiabilit\u00e9 et une int\u00e9gration ais\u00e9e dans les syst\u00e8mes de caisse modernes. En r\u00e9sum\u00e9, il s\u2019agit d\u2019une imprimante de tickets robuste et fonctionnelle, constituant un choix pratique pour les entreprises recherchant efficacit\u00e9 et connectivit\u00e9 avanc\u00e9e.<\/p>\n<ul>\n<li>Type:\n<ul>\n<li>Sans fil<\/li>\n<li>Imprimante \u00e0 Billets<\/li>\n<li>TPV<\/li>\n<\/ul>\n<\/li>\n<li>Caract\u00e9ristiques:\n<ul>\n<li>Connexion USB<\/li>\n<li>Sans fil<\/li>\n<li>M\u00e9moire<\/li>\n<\/ul>\n<\/li>\n<li>Connectivit\u00e9:\n<ul>\n<li>Ethernet<\/li>\n<li>Bluetooth<\/li>\n<li>Ethernet LAN<\/li>\n<\/ul>\n<\/li>\n<li>R\u00e9solution d&#8217;image maximale: 180 x 180 dpi<\/li>\n<li>Bloc d\u2019Alimentation:\n<ul>\n<li>r\u00e9seau \u00e9lectrique<\/li>\n<li>Courant alternatif<\/li>\n<li>CA<\/li>\n<\/ul>\n<\/li>\n<li>vitesse: 250 mm\/s<\/li>\n<li>Type de prise:\n<ul>\n<li>Prise EU<\/li>\n<li>Type C<\/li>\n<\/ul>\n<\/li>\n<li>Connexions:\n<ul>\n<li>USB B<\/li>\n<li>Ethernet LAN<\/li>\n<li>USB<\/li>\n<li>USB B x 1<\/li>\n<\/ul>\n<\/li>\n<li>Produit \u00e0 brancher: Oui<\/li>\n<li>Largeur: 125 mm<\/li>\n<li>consommation d&#8217;\u00e9nergie:\n<ul>\n<li>100 MA<\/li>\n<li>100 kWh<\/li>\n<\/ul>\n<\/li>\n<li>Couleur: Noir<\/li>\n<li>Tension: 24 V<\/li>\n<li>Technologie: Thermique<\/li>\n<li>Impression couleur: Non<\/li>\n<li>R\u00e9solution: 180 x 180 dpi<\/li>\n<li>Niveau sonore: 55 dB<\/li>\n<li>Plage d&#8217;humidit\u00e9 de travail: 10 % &#8211; 90 %<\/li>\n<\/ul>","protected":false},"excerpt":{"rendered":"<p>Si vous \u00eates passionn\u00e9 d&#8217;informatique et d&#8217;\u00e9lectronique, si vous \u00eates \u00e0 la pointe de la technologie et qu&#8217;aucun d\u00e9tail ne vous \u00e9chappe, achetez Imprimante \u00e0 Billets Epson C31CD38025C0 au meilleur prix. L\u2019Imprimante de Tickets Epson mod\u00e8le C31CD38025C0 est une solution efficace et compacte con\u00e7ue pour les entreprises n\u00e9cessitant une impression rapide et fiable des re\u00e7us [&hellip;]<\/p>\n","protected":false},"featured_media":73107,"comment_status":"open","ping_status":"closed","template":"","meta":[],"product_brand":[632],"product_cat":[592,65,581],"product_tag":[210],"class_list":{"0":"post-73119","1":"product","2":"type-product","3":"status-publish","4":"has-post-thumbnail","6":"product_brand-brandp_547","7":"product_cat-imprimantes","8":"product_cat-informatique-electronique","9":"product_cat-informatique-peripheriques-et-consommables","10":"product_tag-tag_25","12":"first","13":"instock","14":"taxable","15":"shipping-taxable","16":"purchasable","17":"product-type-simple"},"_links":{"self":[{"href":"https:\/\/bigbuy.tupique.com\/en\/wp-json\/wp\/v2\/product\/73119","targetHints":{"allow":["GET"]}}],"collection":[{"href":"https:\/\/bigbuy.tupique.com\/en\/wp-json\/wp\/v2\/product"}],"about":[{"href":"https:\/\/bigbuy.tupique.com\/en\/wp-json\/wp\/v2\/types\/product"}],"replies":[{"embeddable":true,"href":"https:\/\/bigbuy.tupique.com\/en\/wp-json\/wp\/v2\/comments?post=73119"}],"wp:featuredmedia":[{"embeddable":true,"href":"https:\/\/bigbuy.tupique.com\/en\/wp-json\/wp\/v2\/media\/73107"}],"wp:attachment":[{"href":"https:\/\/bigbuy.tupique.com\/en\/wp-json\/wp\/v2\/media?parent=73119"}],"wp:term":[{"taxonomy":"product_brand","embeddable":true,"href":"https:\/\/bigbuy.tupique.com\/en\/wp-json\/wp\/v2\/product_brand?post=73119"},{"taxonomy":"product_cat","embeddable":true,"href":"https:\/\/bigbuy.tupique.com\/en\/wp-json\/wp\/v2\/product_cat?post=73119"},{"taxonomy":"product_tag","embeddable":true,"href":"https:\/\/bigbuy.tupique.com\/en\/wp-json\/wp\/v2\/product_tag?post=73119"}],"curies":[{"name":"wp","href":"https:\/\/api.w.org\/{rel}","templated":true}]}}