{"id":72908,"date":"2026-04-02T15:13:51","date_gmt":"2026-04-02T14:13:51","guid":{"rendered":"https:\/\/bigbuy.tupique.com\/produto\/superautomatic-coffee-maker-philips-ep2336-40-230-w-15-bar-18-l-black\/"},"modified":"2026-05-11T20:00:57","modified_gmt":"2026-05-11T18:00:57","slug":"superautomatic-coffee-maker-philips-ep2336-40-230-w-15-bar-18-l-black","status":"publish","type":"product","link":"https:\/\/bigbuy.tupique.com\/en\/produto\/superautomatic-coffee-maker-philips-ep2336-40-230-w-15-bar-18-l-black\/","title":{"rendered":"Cafeti\u00e8re superautomatique Philips EP2336\/40 230 W 15 bar 1,8 L Noir"},"content":{"rendered":"<p>Si vous recherchez des \u00e9lectrom\u00e9nagers pour votre maison aux meilleurs prix, ne manquez pas <b>Cafeti\u00e8re superautomatique Philips EP2336\/40 230 W 15 bar 1,8 L Noir<\/b> et une large s\u00e9lection de petits \u00e9lectrom\u00e9nagers de qualit\u00e9 !<\/p>\n<p>La <b>Philips EP2336\/40<\/b> est une <b>machine \u00e0 caf\u00e9 super-automatique<\/b> con\u00e7ue pour ceux qui recherchent confort et qualit\u00e9 professionnelle dans la pr\u00e9paration quotidienne de caf\u00e9 \u00e0 la maison. Avec une finition \u00e9l\u00e9gante en <b>noir et chrome<\/b>, ce mod\u00e8le s\u2019int\u00e8gre facilement dans toute cuisine moderne, tout en offrant des fonctionnalit\u00e9s avanc\u00e9es pour optimiser l\u2019exp\u00e9rience utilisateur. Elle int\u00e8gre un &lt;b;moulin int\u00e9gr\u00e9<\/b> capable de moudre jusqu\u2019\u00e0 <b>275 g de grains de caf\u00e9<\/b>, garantissant une fra\u00eecheur maximale \u00e0 chaque tasse et la possibilit\u00e9 d\u2019adapter la mouture au go\u00fbt personnel. Le syst\u00e8me <b>LatteGo<\/b> facilite la pr\u00e9paration instantan\u00e9e de sp\u00e9cialit\u00e9s lact\u00e9es, permettant de cr\u00e9er jusqu\u2019\u00e0 <b>quatre boissons<\/b> diff\u00e9rentes de mani\u00e8re simple et automatique. Elle dispose \u00e9galement d\u2019un <b>r\u00e9servoir d\u2019eau amovible<\/b> et d\u2019un <b>r\u00e9servoir \u00e0 lait<\/b>, simplifiant le remplissage et le nettoyage, indispensables pour un entretien rapide et efficace. De plus, le <b>bac d\u2019\u00e9gouttage amovible<\/b> assure une manipulation s\u00fbre et un nettoyage sans effort, tandis que le <b>filtre \u00e0 eau<\/b> int\u00e9gr\u00e9 garantit puret\u00e9 et go\u00fbt optimal \u00e0 chaque pr\u00e9paration. Sa technologie de fonctionnement silencieux, reconnue sous le nom \u2018Silent Brew\u2019, permet de profiter des fonctions automatiques sans nuisances sonores. La Philips EP2336\/40 est une machine \u00e0 caf\u00e9 avanc\u00e9e et polyvalente, destin\u00e9e aux utilisateurs qui appr\u00e9cient la vari\u00e9t\u00e9 des boissons ainsi que la facilit\u00e9 d\u2019utilisation et le soin du go\u00fbt \u00e0 chaque tasse.<\/p>\n<ul>\n<li>Couleur:\n<ul>\n<li>Noir<\/li>\n<li>Chrome<\/li>\n<\/ul>\n<\/li>\n<li>Poids approx.: 8 kg<\/li>\n<li>puissance:\n<ul>\n<li>230 W<\/li>\n<li>1500 W<\/li>\n<\/ul>\n<\/li>\n<li>Largeur:\n<ul>\n<li>4,6 cm<\/li>\n<li>433 mm<\/li>\n<\/ul>\n<\/li>\n<li>Capacit\u00e9:\n<ul>\n<li>1,8 L<\/li>\n<li>275 g<\/li>\n<\/ul>\n<\/li>\n<li>Caract\u00e9ristiques:\n<ul>\n<li>12 modes<\/li>\n<li>Bac d&#8217;\u00e9gouttage amovible<\/li>\n<li>R\u00e9servoir pour le lait<\/li>\n<li>Filtre \u00e0 eau<\/li>\n<li>Broyeur int\u00e9gr\u00e9<\/li>\n<li>\u00c9cran integr\u00e9<\/li>\n<li>Facile \u00e0 nettoyer<\/li>\n<li>R\u00e9servoir d&#8217;eau amovible<\/li>\n<li>Commande par boutons<\/li>\n<\/ul>\n<\/li>\n<li>Type:\n<ul>\n<li>Machine \u00e0 espresso<\/li>\n<li>Cafeti\u00e8re superautomatique<\/li>\n<\/ul>\n<\/li>\n<li>Fonctions: Capuccino<\/li>\n<li>Longueur du c\u00e2ble: 1 m<\/li>\n<li>Pression: 15 bar<\/li>\n<li>Tension: 230 V<\/li>\n<li>Poids: 8 kg<\/li>\n<li>Classification \u00e9nerg\u00e9tique: A<\/li>\n<li>Produit \u00e0 brancher: Oui<\/li>\n<li>Long: 100 cm<\/li>\n<li>Fr\u00e9quence: 50 Hz<\/li>\n<li>Inclut: Ecran<\/li>\n<li>Type de commande: Tactile<\/li>\n<li>Tension d&#8217;entr\u00e9e AC: 230 V<\/li>\n<\/ul>","protected":false},"excerpt":{"rendered":"<p>Si vous recherchez des \u00e9lectrom\u00e9nagers pour votre maison aux meilleurs prix, ne manquez pas Cafeti\u00e8re superautomatique Philips EP2336\/40 230 W 15 bar 1,8 L Noir et une large s\u00e9lection de petits \u00e9lectrom\u00e9nagers de qualit\u00e9 ! La Philips EP2336\/40 est une machine \u00e0 caf\u00e9 super-automatique con\u00e7ue pour ceux qui recherchent confort et qualit\u00e9 professionnelle dans la [&hellip;]<\/p>\n","protected":false},"featured_media":72901,"comment_status":"open","ping_status":"closed","template":"","meta":[],"product_brand":[315],"product_cat":[725,60,77],"product_tag":[59,56],"class_list":{"0":"post-72908","1":"product","2":"type-product","3":"status-publish","4":"has-post-thumbnail","6":"product_brand-brandp_571","7":"product_cat-cafetieres","8":"product_cat-cuisine-gourmet","9":"product_cat-petit-electromenager","10":"product_tag-tag_1304","11":"product_tag-tag_930","13":"first","14":"instock","15":"taxable","16":"shipping-taxable","17":"purchasable","18":"product-type-simple"},"_links":{"self":[{"href":"https:\/\/bigbuy.tupique.com\/en\/wp-json\/wp\/v2\/product\/72908","targetHints":{"allow":["GET"]}}],"collection":[{"href":"https:\/\/bigbuy.tupique.com\/en\/wp-json\/wp\/v2\/product"}],"about":[{"href":"https:\/\/bigbuy.tupique.com\/en\/wp-json\/wp\/v2\/types\/product"}],"replies":[{"embeddable":true,"href":"https:\/\/bigbuy.tupique.com\/en\/wp-json\/wp\/v2\/comments?post=72908"}],"wp:featuredmedia":[{"embeddable":true,"href":"https:\/\/bigbuy.tupique.com\/en\/wp-json\/wp\/v2\/media\/72901"}],"wp:attachment":[{"href":"https:\/\/bigbuy.tupique.com\/en\/wp-json\/wp\/v2\/media?parent=72908"}],"wp:term":[{"taxonomy":"product_brand","embeddable":true,"href":"https:\/\/bigbuy.tupique.com\/en\/wp-json\/wp\/v2\/product_brand?post=72908"},{"taxonomy":"product_cat","embeddable":true,"href":"https:\/\/bigbuy.tupique.com\/en\/wp-json\/wp\/v2\/product_cat?post=72908"},{"taxonomy":"product_tag","embeddable":true,"href":"https:\/\/bigbuy.tupique.com\/en\/wp-json\/wp\/v2\/product_tag?post=72908"}],"curies":[{"name":"wp","href":"https:\/\/api.w.org\/{rel}","templated":true}]}}