{"id":69179,"date":"2026-04-02T03:39:32","date_gmt":"2026-04-02T02:39:32","guid":{"rendered":"https:\/\/bigbuy.tupique.com\/produto\/smart-tv-lg-75qned82a6b-75-4k-ultra-hd-led-hdr-edge-led-qned\/"},"modified":"2026-04-15T04:09:15","modified_gmt":"2026-04-15T03:09:15","slug":"smart-tv-lg-75qned82a6b-75-4k-ultra-hd-led-hdr-edge-led-qned","status":"publish","type":"product","link":"https:\/\/bigbuy.tupique.com\/en\/produto\/smart-tv-lg-75qned82a6b-75-4k-ultra-hd-led-hdr-edge-led-qned\/","title":{"rendered":"TV intelligente LG 75QNED82A6B 75&#8243; 4K Ultra HD LED HDR Edge-LED QNED"},"content":{"rendered":"<p>Si vous \u00eates passionn\u00e9 d&#8217;<b>informatique et d&#8217;\u00e9lectronique<\/b>, si vous \u00eates \u00e0 la pointe de la technologie et qu&#8217;aucun d\u00e9tail ne vous \u00e9chappe, achetez <b>TV intelligente LG 75QNED82A6B 75&#8243; 4K Ultra HD LED HDR Edge-LED QNED<\/b> au meilleur prix.<\/p>\n<p>Le <b>Smart TV LG 75QNED82A6B<\/b> est un t\u00e9l\u00e9viseur grand format con\u00e7u pour offrir une exp\u00e9rience visuelle avanc\u00e9e avec un <b>\u00e9cran de 75 pouces<\/b> et une r\u00e9solution <b>4K Ultra HD<\/b> de 3840 x 2160 pixels, garantissant une image nette et d\u00e9taill\u00e9e. Sa technologie de dalle QNED combine points quantiques et mini LED, offrant une luminosit\u00e9 \u00e9lev\u00e9e, des couleurs pr\u00e9cises et un contraste am\u00e9lior\u00e9 pour les contenus HDR comme SDR, adapt\u00e9 \u00e0 diff\u00e9rents niveaux d\u2019\u00e9clairage. Ce mod\u00e8le pr\u00e9sente un design moderne en <b>noir<\/b> avec \u00e9cran plat, int\u00e9grant un syst\u00e8me d\u2019exploitation <b>WebOS version 25<\/b>, facilitant l\u2019acc\u00e8s aux applications, au streaming et \u00e0 une navigation fluide gr\u00e2ce \u00e0 sa connectivit\u00e9 Wi-Fi int\u00e9gr\u00e9e. Son double tuner, analogique et num\u00e9rique (compatible DVB-S2, DVB-T et DVB-T2), assure la r\u00e9ception des signaux terrestres et satellite, \u00e9largissant les options de visionnage. Il dispose aussi de fonctions compl\u00e9mentaires comme le t\u00e9l\u00e9texte, le guide \u00e9lectronique des programmes (EPG) et un mode ECO optimisant la consommation \u00e9nerg\u00e9tique, class\u00e9 <b>D<\/b>. C\u00f4t\u00e9 son, il offre une puissance RMS estim\u00e9e \u00e0 <b>20W<\/b>, adapt\u00e9e \u00e0 un usage domestique sans besoin d\u2019enceintes externes. Il se distingue \u00e9galement par sa capacit\u00e9 \u00e0 s\u2019int\u00e9grer dans des environnements connect\u00e9s, facilitant l\u2019interaction et la personnalisation utilisateur. En r\u00e9sum\u00e9, ce t\u00e9l\u00e9viseur propose une solution compl\u00e8te pour ceux qui recherchent un grand \u00e9cran avec une qualit\u00e9 d\u2019image avanc\u00e9e, des fonctionnalit\u00e9s intelligentes et une connectivit\u00e9 tout en respectant une consommation responsable.<\/p>\n<ul>\n<li>Diagonale de l&#8217;\u00e9cran (cm):\n<ul>\n<li>190,5 cm<\/li>\n<li>188 cm<\/li>\n<\/ul>\n<\/li>\n<li>Connectivit\u00e9:\n<ul>\n<li>Wi-Fi<\/li>\n<li>Bluetooth<\/li>\n<li>Interface commune<\/li>\n<li>Bluetooth 5.0<\/li>\n<li>eARC<\/li>\n<\/ul>\n<\/li>\n<li>R\u00e9solution (px): 3840 x 2160 px<\/li>\n<li>Couleur: Noir<\/li>\n<li>Caract\u00e9ristiques:\n<ul>\n<li>Navigation web<\/li>\n<li>ECO<\/li>\n<li>TV intelligente<\/li>\n<li>T\u00e9l\u00e9texte<\/li>\n<li>Guide \u00e9lectronique des programmes (EPG)<\/li>\n<li>Apple AirPlay 2<\/li>\n<li>2 Haut-parleurs<\/li>\n<li>Fonction sous-titre<\/li>\n<li>Canal de retour audio (ARC)<\/li>\n<li>Guide vocal<\/li>\n<li>\u00c9cran plat<\/li>\n<\/ul>\n<\/li>\n<li>Connexions:\n<ul>\n<li>USB 2.0<\/li>\n<li>RJ45<\/li>\n<li>Ethernet LAN<\/li>\n<li>RF x 2<\/li>\n<li>CI+<\/li>\n<li>CI+ 1.4 x 1<\/li>\n<li>HDMI 2.1 x 1<\/li>\n<li>HDMI 1.4<\/li>\n<\/ul>\n<\/li>\n<li>Rapport d&#8217;aspect: 16:9<\/li>\n<li>Classification \u00e9nerg\u00e9tique: D<\/li>\n<li>Syst\u00e8me d&#8217;exploitation: webOS<\/li>\n<li>Compatibilit\u00e9: Google Assistant<\/li>\n<li>Bloc d\u2019Alimentation: Cordon d&#8217;alimentation CA<\/li>\n<li>Technologie:\n<ul>\n<li>LED<\/li>\n<li>HDR<\/li>\n<li>Edge-LED<\/li>\n<li>QNED<\/li>\n<\/ul>\n<\/li>\n<li>Puissance RMS: 20W<\/li>\n<li>Fr\u00e9quence: 50 Hz<\/li>\n<li>TV intelligente: Oui<\/li>\n<li>Inclut: T\u00e9l\u00e9commande<\/li>\n<li>Processeur: Quad Core<\/li>\n<li>R\u00e9solution: 4K Ultra HD<\/li>\n<li>Formats: Dolby Audio<\/li>\n<li>Fr\u00e9quence d&#8217;entr\u00e9e AC: 50-60 Hz<\/li>\n<li>Ecran: 75&#8243;<\/li>\n<li>Cha\u00eenes: 2.0<\/li>\n<li>Tension d&#8217;entr\u00e9e AC: 100 &#8211; 240 V<\/li>\n<li>R\u00e9cepteur: Analogique et num\u00e9rique<\/li>\n<li>Montage: VESA<\/li>\n<li>Compatible: VESA 400 x 300<\/li>\n<\/ul>","protected":false},"excerpt":{"rendered":"<p>Si vous \u00eates passionn\u00e9 d&#8217;informatique et d&#8217;\u00e9lectronique, si vous \u00eates \u00e0 la pointe de la technologie et qu&#8217;aucun d\u00e9tail ne vous \u00e9chappe, achetez TV intelligente LG 75QNED82A6B 75&#8243; 4K Ultra HD LED HDR Edge-LED QNED au meilleur prix. Le Smart TV LG 75QNED82A6B est un t\u00e9l\u00e9viseur grand format con\u00e7u pour offrir une exp\u00e9rience visuelle avanc\u00e9e [&hellip;]<\/p>\n","protected":false},"featured_media":69174,"comment_status":"open","ping_status":"closed","template":"","meta":[],"product_brand":[662],"product_cat":[589,65,957],"product_tag":[],"class_list":{"0":"post-69179","1":"product","2":"type-product","3":"status-publish","4":"has-post-thumbnail","6":"product_brand-brandp_559","7":"product_cat-electronique-television","8":"product_cat-informatique-electronique","9":"product_cat-televisions-et-smart-tv","11":"first","12":"instock","13":"taxable","14":"shipping-taxable","15":"purchasable","16":"product-type-simple"},"_links":{"self":[{"href":"https:\/\/bigbuy.tupique.com\/en\/wp-json\/wp\/v2\/product\/69179","targetHints":{"allow":["GET"]}}],"collection":[{"href":"https:\/\/bigbuy.tupique.com\/en\/wp-json\/wp\/v2\/product"}],"about":[{"href":"https:\/\/bigbuy.tupique.com\/en\/wp-json\/wp\/v2\/types\/product"}],"replies":[{"embeddable":true,"href":"https:\/\/bigbuy.tupique.com\/en\/wp-json\/wp\/v2\/comments?post=69179"}],"wp:featuredmedia":[{"embeddable":true,"href":"https:\/\/bigbuy.tupique.com\/en\/wp-json\/wp\/v2\/media\/69174"}],"wp:attachment":[{"href":"https:\/\/bigbuy.tupique.com\/en\/wp-json\/wp\/v2\/media?parent=69179"}],"wp:term":[{"taxonomy":"product_brand","embeddable":true,"href":"https:\/\/bigbuy.tupique.com\/en\/wp-json\/wp\/v2\/product_brand?post=69179"},{"taxonomy":"product_cat","embeddable":true,"href":"https:\/\/bigbuy.tupique.com\/en\/wp-json\/wp\/v2\/product_cat?post=69179"},{"taxonomy":"product_tag","embeddable":true,"href":"https:\/\/bigbuy.tupique.com\/en\/wp-json\/wp\/v2\/product_tag?post=69179"}],"curies":[{"name":"wp","href":"https:\/\/api.w.org\/{rel}","templated":true}]}}