{"id":68268,"date":"2026-04-02T02:12:54","date_gmt":"2026-04-02T01:12:54","guid":{"rendered":"https:\/\/bigbuy.tupique.com\/produto\/smartwatch-amazfit-t-rex-3\/"},"modified":"2026-04-16T01:36:39","modified_gmt":"2026-04-16T00:36:39","slug":"smartwatch-amazfit-t-rex-3","status":"publish","type":"product","link":"https:\/\/bigbuy.tupique.com\/en\/produto\/smartwatch-amazfit-t-rex-3\/","title":{"rendered":"Montre intelligente Amazfit T-REX 3"},"content":{"rendered":"<p>Si vous \u00eates \u00e0 la recherche de nouvelles tendances sur le march\u00e9, nous vous pr\u00e9sentons <b>Montre intelligente Amazfit T-REX 3<\/b> !<\/p>\n<p>La <b>montre connect\u00e9e<\/b> <b>Amazfit T-REX 3<\/b> se pr\u00e9sente comme une option robuste et polyvalente, con\u00e7ue pour ceux qui recherchent une montre intelligente r\u00e9sistante pour un usage quotidien et les activit\u00e9s en plein air. Ce mod\u00e8le dispose d\u2019un <b>\u00e9cran de 1,5&#8243;<\/b> \u00e0 haute visibilit\u00e9, offrant une lecture claire des donn\u00e9es dans toutes les conditions, id\u00e9al pour la gestion des notifications et le suivi de l\u2019activit\u00e9 physique. Sa <b>bracelet en silicone<\/b>, disponible en <b>noir, rouge et orange<\/b>, assure confort et respirabilit\u00e9 pendant l\u2019exercice, tout en garantissant une grande durabilit\u00e9 face \u00e0 la transpiration et \u00e0 l\u2019exposition ext\u00e9rieure. Dot\u00e9e de fonctions essentielles telles qu\u2019un <b>acc\u00e9l\u00e9rom\u00e8tre<\/b> et d\u2019autres capteurs courants dans cette cat\u00e9gorie de montres, elle permet un suivi pr\u00e9cis des mouvements et de l\u2019activit\u00e9 quotidienne, indispensable pour les sportifs et les utilisateurs actifs. Son design sportif et ses mat\u00e9riaux r\u00e9sistants font de l\u2019Amazfit T-REX 3 une alternative fiable pour ceux qui privil\u00e9gient la fonctionnalit\u00e9 et la robustesse dans un wearable moderne, s\u2019adaptant parfaitement \u00e0 diff\u00e9rents styles de vie et besoins. Cette montre intelligente allie allure robuste et technologie pratique, s\u2019imposant comme un alli\u00e9 fiable pour le suivi et l\u2019organisation au quotidien.<\/p>\n<ul>\n<li>Type de montre: Montre intelligente<\/li>\n<li>Produit \u00e0 brancher: Oui<\/li>\n<li>Type de prise: Prise EU<\/li>\n<li>Bloc d\u2019Alimentation: r\u00e9seau \u00e9lectrique<\/li>\n<li>Connectivit\u00e9:\n<ul>\n<li>Bluetooth<\/li>\n<li>Wi-Fi<\/li>\n<li>GPS<\/li>\n<li>NFC<\/li>\n<li>Bluetooth 5.2<\/li>\n<li>Bluetooth Low Energy<\/li>\n<\/ul>\n<\/li>\n<li>Couleur du bracelet: Rouge<\/li>\n<li>Couleur:\n<ul>\n<li>Noir<\/li>\n<li>Rouge<\/li>\n<li>Orange<\/li>\n<\/ul>\n<\/li>\n<li>Mati\u00e8re: Silicone<\/li>\n<li>Caract\u00e9ristiques:\n<ul>\n<li>Acc\u00e9l\u00e9rom\u00e8tre<\/li>\n<li>Barom\u00e8tre<\/li>\n<li>Ecran tactile<\/li>\n<li>Capteur de lumi\u00e8re ambiante<\/li>\n<li>Gyroscope<\/li>\n<li>Alarme<\/li>\n<li>Microphone int\u00e9gr\u00e9<\/li>\n<li>R\u00e9veil<\/li>\n<li>Thermom\u00e8tre<\/li>\n<li>Chronom\u00e8tre<\/li>\n<li>Moniteur de Sommeil<\/li>\n<li>SMS<\/li>\n<li>Notifications d\u2019appels et de messages<\/li>\n<li>Charge magn\u00e9tique<\/li>\n<li>Multisport<\/li>\n<li>Capteur g\u00e9omagn\u00e9tique<\/li>\n<li>Capteur de niveau d&#8217;oxyg\u00e8ne dans le sang<\/li>\n<\/ul>\n<\/li>\n<li>Fonctions:\n<ul>\n<li>\u00c9cran couleur<\/li>\n<li>Moniteur de Sommeil<\/li>\n<li>Recherche d&#8217;un appareil<\/li>\n<li>Moniteur de fr\u00e9quence cardiaque<\/li>\n<\/ul>\n<\/li>\n<li>Type de batterie: Int\u00e9gr\u00e9e<\/li>\n<li>M\u00e9moire interne: 32 GB<\/li>\n<li>Caisse: 47 mm<\/li>\n<li>Mat\u00e9riau du bracelet: Silicone<\/li>\n<li>Forme:\n<ul>\n<li>Rond<\/li>\n<li>Ronde<\/li>\n<\/ul>\n<\/li>\n<li>Pile incluse: Oui<\/li>\n<li>Couleur du bo\u00eetier de l&#8217;horloge: Rouge<\/li>\n<li>Type de fermeture: Boucle<\/li>\n<li>Inclut:\n<ul>\n<li>Batterie<\/li>\n<li>Minuterie<\/li>\n<li>Chargeur<\/li>\n<li>Manuel de l&#8217;utilisateur<\/li>\n<\/ul>\n<\/li>\n<li>Piles incluses: Oui<\/li>\n<li>Genre: Unisexe<\/li>\n<li>Ecran: 1,5&#8243;<\/li>\n<li>Compatible: iOS, Android<\/li>\n<li>Temps de charge approx.: 3 heures<\/li>\n<li>Cam\u00e9ra\/Appareil Photo: Non<\/li>\n<li>Technologie: AMOLED<\/li>\n<li>Syst\u00e8me d&#8217;exploitation: Amazfit OS<\/li>\n<li>Bracelet \u00e0 montre: Silicone<\/li>\n<li>Couleur du cadran: Rouge<\/li>\n<li>Capacit\u00e9: 700 mAh<\/li>\n<li>Connexion USB: Non<\/li>\n<li>Dimensions approx.: 22 mm<\/li>\n<li>R\u00e9sistant \u00e0 l&#8217;eau: 10 atm<\/li>\n<li>Sport: Fitness<\/li>\n<\/ul>","protected":false},"excerpt":{"rendered":"<p>Si vous \u00eates \u00e0 la recherche de nouvelles tendances sur le march\u00e9, nous vous pr\u00e9sentons Montre intelligente Amazfit T-REX 3 ! La montre connect\u00e9e Amazfit T-REX 3 se pr\u00e9sente comme une option robuste et polyvalente, con\u00e7ue pour ceux qui recherchent une montre intelligente r\u00e9sistante pour un usage quotidien et les activit\u00e9s en plein air. Ce [&hellip;]<\/p>\n","protected":false},"featured_media":68266,"comment_status":"open","ping_status":"closed","template":"","meta":[],"product_brand":[1161],"product_cat":[575,65,748],"product_tag":[103,566,106],"class_list":{"0":"post-68268","1":"product","2":"type-product","3":"status-publish","4":"has-post-thumbnail","6":"product_brand-brandp_2351","7":"product_cat-electronique-telephonie-et-tablettes","8":"product_cat-informatique-electronique","9":"product_cat-smartwatches","10":"product_tag-tag_1261","11":"product_tag-tag_547","12":"product_tag-tag_1295","14":"first","15":"instock","16":"taxable","17":"shipping-taxable","18":"purchasable","19":"product-type-simple"},"_links":{"self":[{"href":"https:\/\/bigbuy.tupique.com\/en\/wp-json\/wp\/v2\/product\/68268","targetHints":{"allow":["GET"]}}],"collection":[{"href":"https:\/\/bigbuy.tupique.com\/en\/wp-json\/wp\/v2\/product"}],"about":[{"href":"https:\/\/bigbuy.tupique.com\/en\/wp-json\/wp\/v2\/types\/product"}],"replies":[{"embeddable":true,"href":"https:\/\/bigbuy.tupique.com\/en\/wp-json\/wp\/v2\/comments?post=68268"}],"wp:featuredmedia":[{"embeddable":true,"href":"https:\/\/bigbuy.tupique.com\/en\/wp-json\/wp\/v2\/media\/68266"}],"wp:attachment":[{"href":"https:\/\/bigbuy.tupique.com\/en\/wp-json\/wp\/v2\/media?parent=68268"}],"wp:term":[{"taxonomy":"product_brand","embeddable":true,"href":"https:\/\/bigbuy.tupique.com\/en\/wp-json\/wp\/v2\/product_brand?post=68268"},{"taxonomy":"product_cat","embeddable":true,"href":"https:\/\/bigbuy.tupique.com\/en\/wp-json\/wp\/v2\/product_cat?post=68268"},{"taxonomy":"product_tag","embeddable":true,"href":"https:\/\/bigbuy.tupique.com\/en\/wp-json\/wp\/v2\/product_tag?post=68268"}],"curies":[{"name":"wp","href":"https:\/\/api.w.org\/{rel}","templated":true}]}}