{"id":68198,"date":"2026-04-02T02:11:10","date_gmt":"2026-04-02T01:11:10","guid":{"rendered":"https:\/\/bigbuy.tupique.com\/produto\/tablet-tcl-nxtpaper-14-8-gb-ram-256-gb-grey\/"},"modified":"2026-04-15T08:10:07","modified_gmt":"2026-04-15T07:10:07","slug":"tablet-tcl-nxtpaper-14-8-gb-ram-256-gb-grey","status":"publish","type":"product","link":"https:\/\/bigbuy.tupique.com\/en\/produto\/tablet-tcl-nxtpaper-14-8-gb-ram-256-gb-grey\/","title":{"rendered":"Tablette TCL NXTPAPER 14&#8243; 8 GB RAM 256 GB Gris"},"content":{"rendered":"<p>Si vous \u00eates passionn\u00e9 d&#8217;<b>informatique et d&#8217;\u00e9lectronique<\/b>, si vous \u00eates \u00e0 la pointe de la technologie et qu&#8217;aucun d\u00e9tail ne vous \u00e9chappe, achetez <b>Tablette TCL NXTPAPER 14&#8243; 8 GB RAM 256 GB Gris<\/b> au meilleur prix.<\/p>\n<p>La <b>tablette<\/b> TCL mod\u00e8le 9491G-2CLCA111-4 offre une exp\u00e9rience polyvalente adapt\u00e9e aussi bien au milieu professionnel qu\u2019aux loisirs, gr\u00e2ce \u00e0 son <b>grand \u00e9cran LCD de 14 pouces<\/b> qui assure une visualisation large et nette, id\u00e9ale pour le multit\u00e2che, la consommation de contenus multim\u00e9dias et une navigation efficace. Dot\u00e9e de <b>8 Go de m\u00e9moire RAM<\/b>, cet appareil garantit une gestion fluide des applications et des processus simultan\u00e9s, optimisant la productivit\u00e9 \u00e0 chaque utilisation. Sa <b>capacit\u00e9 de stockage interne de 256 Go<\/b> se distingue des tablettes classiques, permettant de conserver une vaste biblioth\u00e8que de documents, applications, photos et vid\u00e9os sans contrainte d\u2019espace. Elle int\u00e8gre des <b>appareils photo de 13 MP et 8 MP<\/b>\u2014id\u00e9als pour des appels vid\u00e9o de haute qualit\u00e9 et la capture d\u2019images nettes dans diverses situations\u2014, ainsi qu\u2019un <b>microphone int\u00e9gr\u00e9<\/b> et <b>autofocus<\/b> pour des dialogues clairs et des photos pr\u00e9cises. Le design en <b>gris<\/b> apporte une esth\u00e9tique \u00e9l\u00e9gante et discr\u00e8te, convenant aussi bien aux environnements professionnels que domestiques. Toutes ces caract\u00e9ristiques s\u2019ajoutent \u00e0 la robustesse et \u00e0 l\u2019efficacit\u00e9 propres \u00e0 TCL, faisant de cette tablette une option fiable et moderne sur le march\u00e9 des appareils portables grand format.<\/p>\n<ul>\n<li>Produit \u00e0 brancher: Oui<\/li>\n<li>Diagonale de l&#8217;\u00e9cran (cm): 35,6 cm<\/li>\n<li>Type de prise: Prise EU<\/li>\n<li>Type: Tablette<\/li>\n<li>Bloc d\u2019Alimentation: r\u00e9seau \u00e9lectrique<\/li>\n<li>Caract\u00e9ristiques:\n<ul>\n<li>Cam\u00e9ra frontale<\/li>\n<li>\u00c9cran LCD<\/li>\n<li>Microphone int\u00e9gr\u00e9<\/li>\n<li>Autofocus<\/li>\n<li>4 Haut-parleurs<\/li>\n<li>\u00c9cran avec coins arrondis<\/li>\n<\/ul>\n<\/li>\n<li>Capacit\u00e9 de la batterie: 10000 mAh<\/li>\n<li>Technologie: IPS<\/li>\n<li>Inclut: Chargeur<\/li>\n<li>Gyroscope: Oui<\/li>\n<li>Ecran: 14&#8243;<\/li>\n<li>M\u00e9moire RAM: 8 GB RAM<\/li>\n<li>M\u00e9moire interne: 256 GB<\/li>\n<li>Couleur: Gris<\/li>\n<li>Connexions:\n<ul>\n<li>USB-C<\/li>\n<li>USB-C 2.0<\/li>\n<\/ul>\n<\/li>\n<li>Connectivit\u00e9:\n<ul>\n<li>Bluetooth<\/li>\n<li>Wi-Fi<\/li>\n<li>GPS<\/li>\n<li>Bluetooth 5.0<\/li>\n<\/ul>\n<\/li>\n<li>Classification \u00e9nerg\u00e9tique: G<\/li>\n<li>Syst\u00e8me d&#8217;exploitation: Android<\/li>\n<li>Classification IP: IP54<\/li>\n<li>Temps de charge approx.: 2 heures<\/li>\n<li>Cam\u00e9ra\/Appareil Photo:\n<ul>\n<li>8 MP<\/li>\n<li>13 MP<\/li>\n<li>Arri\u00e8re<\/li>\n<\/ul>\n<\/li>\n<li>Fonctions: Acc\u00e9l\u00e9rom\u00e8tre<\/li>\n<li>Non Inclus:\n<ul>\n<li>Adaptateur AC<\/li>\n<li>Connexion au r\u00e9seau mobile<\/li>\n<\/ul>\n<\/li>\n<li>Fr\u00e9quence: 60 Hz<\/li>\n<li>Flux lumineux: 400 lm<\/li>\n<li>Rapport d&#8217;aspect: 3:2<\/li>\n<li>Type de batterie: Litio Ion<\/li>\n<li>Noyaux: 8 Noyaux<\/li>\n<li>Autonomie approx.: 12 heures<\/li>\n<li>Famille de processeurs: MediaTek<\/li>\n<li>R\u00e9solution (px):\n<ul>\n<li>1080 px<\/li>\n<li>1920 x 1080 px<\/li>\n<\/ul>\n<\/li>\n<li>Processeur: MediaTek Helio G99<\/li>\n<\/ul>","protected":false},"excerpt":{"rendered":"<p>Si vous \u00eates passionn\u00e9 d&#8217;informatique et d&#8217;\u00e9lectronique, si vous \u00eates \u00e0 la pointe de la technologie et qu&#8217;aucun d\u00e9tail ne vous \u00e9chappe, achetez Tablette TCL NXTPAPER 14&#8243; 8 GB RAM 256 GB Gris au meilleur prix. La tablette TCL mod\u00e8le 9491G-2CLCA111-4 offre une exp\u00e9rience polyvalente adapt\u00e9e aussi bien au milieu professionnel qu\u2019aux loisirs, gr\u00e2ce \u00e0 [&hellip;]<\/p>\n","protected":false},"featured_media":68196,"comment_status":"open","ping_status":"closed","template":"","meta":[],"product_brand":[1153],"product_cat":[575,65,1052],"product_tag":[566,106],"class_list":{"0":"post-68198","1":"product","2":"type-product","3":"status-publish","4":"has-post-thumbnail","6":"product_brand-brandp_3009","7":"product_cat-electronique-telephonie-et-tablettes","8":"product_cat-informatique-electronique","9":"product_cat-tablettes","10":"product_tag-tag_547","11":"product_tag-tag_1295","13":"first","14":"instock","15":"taxable","16":"shipping-taxable","17":"purchasable","18":"product-type-simple"},"_links":{"self":[{"href":"https:\/\/bigbuy.tupique.com\/en\/wp-json\/wp\/v2\/product\/68198","targetHints":{"allow":["GET"]}}],"collection":[{"href":"https:\/\/bigbuy.tupique.com\/en\/wp-json\/wp\/v2\/product"}],"about":[{"href":"https:\/\/bigbuy.tupique.com\/en\/wp-json\/wp\/v2\/types\/product"}],"replies":[{"embeddable":true,"href":"https:\/\/bigbuy.tupique.com\/en\/wp-json\/wp\/v2\/comments?post=68198"}],"wp:featuredmedia":[{"embeddable":true,"href":"https:\/\/bigbuy.tupique.com\/en\/wp-json\/wp\/v2\/media\/68196"}],"wp:attachment":[{"href":"https:\/\/bigbuy.tupique.com\/en\/wp-json\/wp\/v2\/media?parent=68198"}],"wp:term":[{"taxonomy":"product_brand","embeddable":true,"href":"https:\/\/bigbuy.tupique.com\/en\/wp-json\/wp\/v2\/product_brand?post=68198"},{"taxonomy":"product_cat","embeddable":true,"href":"https:\/\/bigbuy.tupique.com\/en\/wp-json\/wp\/v2\/product_cat?post=68198"},{"taxonomy":"product_tag","embeddable":true,"href":"https:\/\/bigbuy.tupique.com\/en\/wp-json\/wp\/v2\/product_tag?post=68198"}],"curies":[{"name":"wp","href":"https:\/\/api.w.org\/{rel}","templated":true}]}}