{"id":67987,"date":"2026-04-02T01:51:27","date_gmt":"2026-04-02T00:51:27","guid":{"rendered":"https:\/\/bigbuy.tupique.com\/produto\/tablet-apple-ipad-air-13-octa-core-8-gb-ram-128-gb-blue-2\/"},"modified":"2026-05-11T19:55:47","modified_gmt":"2026-05-11T17:55:47","slug":"tablet-apple-ipad-air-13-octa-core-8-gb-ram-128-gb-blue-2","status":"publish","type":"product","link":"https:\/\/bigbuy.tupique.com\/en\/produto\/tablet-apple-ipad-air-13-octa-core-8-gb-ram-128-gb-blue-2\/","title":{"rendered":"Tablette Apple iPad Air 13&#8243; Octa Core 8 GB RAM 128 GB Bleu"},"content":{"rendered":"<p>Si vous \u00eates \u00e0 la recherche de nouvelles tendances sur le march\u00e9, nous vous pr\u00e9sentons <b>Tablette Apple iPad Air 13&#8243; Octa Core 8 GB RAM 128 GB Bleu<\/b> !<\/p>\n<p>L\u2019<b>iPad Air<\/b> d\u2019Apple est une <b>tablette<\/b> avanc\u00e9e con\u00e7ue pour ceux qui recherchent productivit\u00e9, divertissement et portabilit\u00e9 dans un seul appareil. Ce mod\u00e8le dispose d\u2019un <b>\u00e9cran de 13 pouces<\/b>, offrant un large espace visuel id\u00e9al pour le multit\u00e2che, la lecture de contenus multim\u00e9dias ou l\u2019\u00e9dition pr\u00e9cise de documents et de photos. Dot\u00e9 de <b>8 Go de m\u00e9moire RAM<\/b>, il assure des performances fluides avec des applications exigeantes et des t\u00e2ches intensives, de la cr\u00e9ation num\u00e9rique aux appels vid\u00e9o de haute qualit\u00e9. Il propose <b>128 Go de stockage interne<\/b>, permettant de conserver de nombreux fichiers, applications, images et vid\u00e9os sans se soucier de l\u2019espace disponible. Le <b>design en aluminium<\/b> se distingue par son esth\u00e9tique et sa robustesse, et il est disponible en <b>bleu<\/b> et <b>gris<\/b> pour s\u2019adapter \u00e0 diff\u00e9rents styles personnels. Il int\u00e8gre une <b>cam\u00e9ra frontale et une cam\u00e9ra principale de 12 MP<\/b>, offrant des photos et vid\u00e9os nettes, facilitant la communication et la capture de moments importants, tandis que la connectivit\u00e9 Wi-Fi permet de naviguer et de t\u00e9l\u00e9charger rapidement du contenu. Cet iPad Air \u00e9quilibre parfaitement puissance et l\u00e9g\u00e8ret\u00e9, se positionnant comme un excellent choix pour les \u00e9tudiants, les professionnels et les utilisateurs qui privil\u00e9gient la polyvalence et une exp\u00e9rience premium sur tablette.<\/p>\n<ul>\n<li>Type:\n<ul>\n<li>Tablette<\/li>\n<li>Flash<\/li>\n<\/ul>\n<\/li>\n<li>Type de prise: Prise EU<\/li>\n<li>Produit \u00e0 brancher: Oui<\/li>\n<li>Couleur:\n<ul>\n<li>Gris<\/li>\n<li>Bleu<\/li>\n<\/ul>\n<\/li>\n<li>Connectivit\u00e9:\n<ul>\n<li>Wi-Fi<\/li>\n<li>Bluetooth<\/li>\n<li>GPS<\/li>\n<li>Wi-Fi 6 GHz<\/li>\n<li>Bluetooth 5.3<\/li>\n<\/ul>\n<\/li>\n<li>Formats: AAC<\/li>\n<li>Syst\u00e8me d&#8217;exploitation:\n<ul>\n<li>iPadOS<\/li>\n<li>iOS<\/li>\n<\/ul>\n<\/li>\n<li>Caract\u00e9ristiques:\n<ul>\n<li>Capteur de lumi\u00e8re ambiante<\/li>\n<li>Cam\u00e9ra frontale<\/li>\n<li>Microphone int\u00e9gr\u00e9<\/li>\n<li>Autofocus<\/li>\n<li>2 Haut-parleurs<\/li>\n<li>4 Haut-parleurs<\/li>\n<li>Lecteur d&#8217;empreintes<\/li>\n<li>Boussole \u00e9lectronique<\/li>\n<li>\u00c9cran avec coins arrondis<\/li>\n<\/ul>\n<\/li>\n<li>Interface: Wi-Fi<\/li>\n<li>R\u00e9solution:\n<ul>\n<li>12 MP<\/li>\n<li>2732 x 2048 px<\/li>\n<\/ul>\n<\/li>\n<li>Technologie:\n<ul>\n<li>LED<\/li>\n<li>IPS<\/li>\n<li>Mime<\/li>\n<\/ul>\n<\/li>\n<li>Dimensions approx.: 27 x 7 x 33 cm<\/li>\n<li>Bloc d\u2019Alimentation:\n<ul>\n<li>r\u00e9seau \u00e9lectrique<\/li>\n<li>USB<\/li>\n<\/ul>\n<\/li>\n<li>Connexions:\n<ul>\n<li>USB-C<\/li>\n<li>USB-C 3.2 Gen 2 (3.1 Gen 2)<\/li>\n<\/ul>\n<\/li>\n<li>Cam\u00e9ra\/Appareil Photo:\n<ul>\n<li>12 mpx<\/li>\n<li>12 MP<\/li>\n<li>Arri\u00e8re<\/li>\n<\/ul>\n<\/li>\n<li>Ecran: 13&#8243;<\/li>\n<li>Processeur:\n<ul>\n<li>Octa Core<\/li>\n<li>M3<\/li>\n<\/ul>\n<\/li>\n<li>M\u00e9moire RAM: 8 GB RAM<\/li>\n<li>M\u00e9moire interne: 128 GB<\/li>\n<li>Mati\u00e8re: Aluminium<\/li>\n<li>Fonctions:\n<ul>\n<li>Barom\u00e8tre<\/li>\n<li>Acc\u00e9l\u00e9rom\u00e8tre<\/li>\n<li>G\u00e9olocalisation<\/li>\n<\/ul>\n<\/li>\n<li>Classification \u00e9nerg\u00e9tique: G<\/li>\n<li>Ouverture: F\/1,8<\/li>\n<li>Non Inclus:\n<ul>\n<li>Adaptateur AC<\/li>\n<li>Connexion au r\u00e9seau mobile<\/li>\n<\/ul>\n<\/li>\n<li>Certificat: Certification ENERGY STAR<\/li>\n<li>Compatible: iPadOS<\/li>\n<li>Type de batterie: Litio Ion<\/li>\n<li>Noyaux:\n<ul>\n<li>8 Noyaux<\/li>\n<li>16 Noyaux<\/li>\n<\/ul>\n<\/li>\n<li>R\u00e9solution (px):\n<ul>\n<li>3840 x 2160 px<\/li>\n<li>2160 px<\/li>\n<\/ul>\n<\/li>\n<li>Diagonale de l&#8217;\u00e9cran (cm): 33 cm<\/li>\n<li>Autonomie approx.: 10 heures<\/li>\n<li>Dispositif intelligent: Apple Intelligence<\/li>\n<\/ul>","protected":false},"excerpt":{"rendered":"<p>Si vous \u00eates \u00e0 la recherche de nouvelles tendances sur le march\u00e9, nous vous pr\u00e9sentons Tablette Apple iPad Air 13&#8243; Octa Core 8 GB RAM 128 GB Bleu ! L\u2019iPad Air d\u2019Apple est une tablette avanc\u00e9e con\u00e7ue pour ceux qui recherchent productivit\u00e9, divertissement et portabilit\u00e9 dans un seul appareil. Ce mod\u00e8le dispose d\u2019un \u00e9cran de [&hellip;]<\/p>\n","protected":false},"featured_media":67962,"comment_status":"open","ping_status":"closed","template":"","meta":[],"product_brand":[979],"product_cat":[575,65,1052],"product_tag":[566,106],"class_list":{"0":"post-67987","1":"product","2":"type-product","3":"status-publish","4":"has-post-thumbnail","6":"product_brand-brandp_533","7":"product_cat-electronique-telephonie-et-tablettes","8":"product_cat-informatique-electronique","9":"product_cat-tablettes","10":"product_tag-tag_547","11":"product_tag-tag_1295","13":"first","14":"instock","15":"taxable","16":"shipping-taxable","17":"purchasable","18":"product-type-simple"},"_links":{"self":[{"href":"https:\/\/bigbuy.tupique.com\/en\/wp-json\/wp\/v2\/product\/67987","targetHints":{"allow":["GET"]}}],"collection":[{"href":"https:\/\/bigbuy.tupique.com\/en\/wp-json\/wp\/v2\/product"}],"about":[{"href":"https:\/\/bigbuy.tupique.com\/en\/wp-json\/wp\/v2\/types\/product"}],"replies":[{"embeddable":true,"href":"https:\/\/bigbuy.tupique.com\/en\/wp-json\/wp\/v2\/comments?post=67987"}],"wp:featuredmedia":[{"embeddable":true,"href":"https:\/\/bigbuy.tupique.com\/en\/wp-json\/wp\/v2\/media\/67962"}],"wp:attachment":[{"href":"https:\/\/bigbuy.tupique.com\/en\/wp-json\/wp\/v2\/media?parent=67987"}],"wp:term":[{"taxonomy":"product_brand","embeddable":true,"href":"https:\/\/bigbuy.tupique.com\/en\/wp-json\/wp\/v2\/product_brand?post=67987"},{"taxonomy":"product_cat","embeddable":true,"href":"https:\/\/bigbuy.tupique.com\/en\/wp-json\/wp\/v2\/product_cat?post=67987"},{"taxonomy":"product_tag","embeddable":true,"href":"https:\/\/bigbuy.tupique.com\/en\/wp-json\/wp\/v2\/product_tag?post=67987"}],"curies":[{"name":"wp","href":"https:\/\/api.w.org\/{rel}","templated":true}]}}