{"id":67925,"date":"2026-04-02T01:49:38","date_gmt":"2026-04-02T00:49:38","guid":{"rendered":"https:\/\/bigbuy.tupique.com\/produto\/air-fryer-ninja-grey\/"},"modified":"2026-04-15T08:10:10","modified_gmt":"2026-04-15T07:10:10","slug":"air-fryer-ninja-grey","status":"publish","type":"product","link":"https:\/\/bigbuy.tupique.com\/en\/produto\/air-fryer-ninja-grey\/","title":{"rendered":"Friteuse \u00e0 Air NINJA Gris"},"content":{"rendered":"<p>Si vous recherchez des \u00e9lectrom\u00e9nagers pour votre maison aux meilleurs prix, ne manquez pas <b>Friteuse \u00e0 Air NINJA Gris<\/b> et une large s\u00e9lection de petits \u00e9lectrom\u00e9nagers de qualit\u00e9 !<\/p>\n<p>La <b>friteuse \u00e0 air<\/b> NINJA SFP700EU offre une alternative efficace et saine pour cuisiner des aliments croustillants avec tr\u00e8s peu ou pas d\u2019huile, gr\u00e2ce \u00e0 une technologie de circulation d\u2019air chaud qui garantit des r\u00e9sultats homog\u00e8nes et des textures dor\u00e9es sans sacrifier la saveur. Ce mod\u00e8le se distingue par sa <b>polyvalence<\/b> et sa facilit\u00e9 d\u2019utilisation, avec un design robuste en <b>noir et gris<\/b> qui s\u2019int\u00e8gre \u00e9l\u00e9gamment dans toute cuisine moderne. Fabriqu\u00e9e avec des mat\u00e9riaux de qualit\u00e9, elle associe <b>finitions r\u00e9sistantes<\/b> et structure durable, adapt\u00e9e \u00e0 un usage quotidien. Sa connexion \u00e0 la <b>prise \u00e9lectrique<\/b> via une <b>fiche europ\u00e9enne (EU)<\/b> assure une compatibilit\u00e9 totale dans les foyers europ\u00e9ens et une puissance stable pendant l\u2019utilisation. Avec un <b>poids de 10,5 kg<\/b>, la friteuse offre une base solide et une bonne stabilit\u00e9 sur les surfaces planes, tout en restant assez maniable pour \u00eatre d\u00e9plac\u00e9e ou rang\u00e9e lorsqu\u2019elle n\u2019est pas utilis\u00e9e. Le syst\u00e8me de contr\u00f4le intuitif permet d\u2019ajuster facilement le temps et la temp\u00e9rature, pour pr\u00e9parer une grande vari\u00e9t\u00e9 de recettes, des frites aux plats cuits au four plus sains, sans difficult\u00e9. La NINJA SFP700EU est une option id\u00e9ale pour ceux qui souhaitent r\u00e9duire leur consommation d\u2019huile et savourer des repas d\u00e9licieux \u00e0 la maison, soutenue par une marque reconnue pour son innovation et sa fiabilit\u00e9.<\/p>\n<ul>\n<li>Type de prise: Prise EU<\/li>\n<li>Type: Friteuse \u00e0 Air<\/li>\n<li>Produit \u00e0 brancher: Oui<\/li>\n<li>Bloc d\u2019Alimentation: r\u00e9seau \u00e9lectrique<\/li>\n<li>Couleur:\n<ul>\n<li>Noir<\/li>\n<li>Gris<\/li>\n<\/ul>\n<\/li>\n<li>Poids: 10,5 kg<\/li>\n<\/ul>","protected":false},"excerpt":{"rendered":"<p>Si vous recherchez des \u00e9lectrom\u00e9nagers pour votre maison aux meilleurs prix, ne manquez pas Friteuse \u00e0 Air NINJA Gris et une large s\u00e9lection de petits \u00e9lectrom\u00e9nagers de qualit\u00e9 ! La friteuse \u00e0 air NINJA SFP700EU offre une alternative efficace et saine pour cuisiner des aliments croustillants avec tr\u00e8s peu ou pas d\u2019huile, gr\u00e2ce \u00e0 une [&hellip;]<\/p>\n","protected":false},"featured_media":67924,"comment_status":"open","ping_status":"closed","template":"","meta":[],"product_brand":[287],"product_cat":[60,391,77],"product_tag":[56],"class_list":{"0":"post-67925","1":"product","2":"type-product","3":"status-publish","4":"has-post-thumbnail","6":"product_brand-brandp_6527","7":"product_cat-cuisine-gourmet","8":"product_cat-friteuses","9":"product_cat-petit-electromenager","10":"product_tag-tag_930","12":"first","13":"instock","14":"taxable","15":"shipping-taxable","16":"purchasable","17":"product-type-simple"},"_links":{"self":[{"href":"https:\/\/bigbuy.tupique.com\/en\/wp-json\/wp\/v2\/product\/67925","targetHints":{"allow":["GET"]}}],"collection":[{"href":"https:\/\/bigbuy.tupique.com\/en\/wp-json\/wp\/v2\/product"}],"about":[{"href":"https:\/\/bigbuy.tupique.com\/en\/wp-json\/wp\/v2\/types\/product"}],"replies":[{"embeddable":true,"href":"https:\/\/bigbuy.tupique.com\/en\/wp-json\/wp\/v2\/comments?post=67925"}],"wp:featuredmedia":[{"embeddable":true,"href":"https:\/\/bigbuy.tupique.com\/en\/wp-json\/wp\/v2\/media\/67924"}],"wp:attachment":[{"href":"https:\/\/bigbuy.tupique.com\/en\/wp-json\/wp\/v2\/media?parent=67925"}],"wp:term":[{"taxonomy":"product_brand","embeddable":true,"href":"https:\/\/bigbuy.tupique.com\/en\/wp-json\/wp\/v2\/product_brand?post=67925"},{"taxonomy":"product_cat","embeddable":true,"href":"https:\/\/bigbuy.tupique.com\/en\/wp-json\/wp\/v2\/product_cat?post=67925"},{"taxonomy":"product_tag","embeddable":true,"href":"https:\/\/bigbuy.tupique.com\/en\/wp-json\/wp\/v2\/product_tag?post=67925"}],"curies":[{"name":"wp","href":"https:\/\/api.w.org\/{rel}","templated":true}]}}