{"id":67522,"date":"2026-04-02T00:48:31","date_gmt":"2026-04-01T23:48:31","guid":{"rendered":"https:\/\/bigbuy.tupique.com\/produto\/gas-cooker-meireles-g1530dvxnat-60-cm-53-l-steel\/"},"modified":"2026-04-15T14:29:28","modified_gmt":"2026-04-15T13:29:28","slug":"gas-cooker-meireles-g1530dvxnat-60-cm-53-l-steel","status":"publish","type":"product","link":"https:\/\/bigbuy.tupique.com\/en\/produto\/gas-cooker-meireles-g1530dvxnat-60-cm-53-l-steel\/","title":{"rendered":"Cuisini\u00e8re \u00e0 Gaz Meireles G1530DVXNAT 60 cm 53 L Acier"},"content":{"rendered":"<p>Si vous recherchez des \u00e9lectrom\u00e9nagers pour votre maison aux meilleurs prix, ne manquez pas <b>Cuisini\u00e8re \u00e0 Gaz Meireles G1530DVXNAT 60 cm 53 L Acier<\/b> et une large s\u00e9lection de petits \u00e9lectrom\u00e9nagers de qualit\u00e9 !<\/p>\n<ul>\n<li>Couleur: Acier<\/li>\n<li>Type:\n<ul>\n<li>Cuisini\u00e8re \u00e0 Gaz<\/li>\n<li>\u00c0 Gaz, 3 br\u00fbleurs<\/li>\n<\/ul>\n<\/li>\n<li>Mat\u00e9riel: Acier inoxydable<\/li>\n<li>Gaz: Gaz Naturel<\/li>\n<li>Informations importantes: En ce qui concerne le raccordement au gaz il convient de tenir compte des r\u00e9glementations sp\u00e9cifiques \u00e0 chaque pays<\/li>\n<li>Type d&#8217;installation: Ind\u00e9pendant<\/li>\n<li>Bloc d\u2019Alimentation: Au gaz<\/li>\n<li>Zones de cuisson: 3<\/li>\n<li>Type de commande: Plaque Tournante<\/li>\n<li>Type de carburant: Gaz<\/li>\n<li>Pieds: Ajustables<\/li>\n<li>\u00c9cran integr\u00e9: Non<\/li>\n<li>Capacit\u00e9: 51 L<\/li>\n<\/ul>","protected":false},"excerpt":{"rendered":"<p><span class=\"unit-info\">10.9214 &euro; \/ 1 l<\/span><\/p>","protected":false},"featured_media":67521,"comment_status":"open","ping_status":"closed","template":"","meta":[],"product_brand":[1543],"product_cat":[60,747,77],"product_tag":[55],"class_list":{"0":"post-67522","1":"product","2":"type-product","3":"status-publish","4":"has-post-thumbnail","6":"product_brand-brandp_1637","7":"product_cat-cuisine-gourmet","8":"product_cat-fours","9":"product_cat-petit-electromenager","10":"product_tag-tag_926","12":"first","13":"instock","14":"taxable","15":"shipping-taxable","16":"purchasable","17":"product-type-simple"},"_links":{"self":[{"href":"https:\/\/bigbuy.tupique.com\/en\/wp-json\/wp\/v2\/product\/67522","targetHints":{"allow":["GET"]}}],"collection":[{"href":"https:\/\/bigbuy.tupique.com\/en\/wp-json\/wp\/v2\/product"}],"about":[{"href":"https:\/\/bigbuy.tupique.com\/en\/wp-json\/wp\/v2\/types\/product"}],"replies":[{"embeddable":true,"href":"https:\/\/bigbuy.tupique.com\/en\/wp-json\/wp\/v2\/comments?post=67522"}],"wp:featuredmedia":[{"embeddable":true,"href":"https:\/\/bigbuy.tupique.com\/en\/wp-json\/wp\/v2\/media\/67521"}],"wp:attachment":[{"href":"https:\/\/bigbuy.tupique.com\/en\/wp-json\/wp\/v2\/media?parent=67522"}],"wp:term":[{"taxonomy":"product_brand","embeddable":true,"href":"https:\/\/bigbuy.tupique.com\/en\/wp-json\/wp\/v2\/product_brand?post=67522"},{"taxonomy":"product_cat","embeddable":true,"href":"https:\/\/bigbuy.tupique.com\/en\/wp-json\/wp\/v2\/product_cat?post=67522"},{"taxonomy":"product_tag","embeddable":true,"href":"https:\/\/bigbuy.tupique.com\/en\/wp-json\/wp\/v2\/product_tag?post=67522"}],"curies":[{"name":"wp","href":"https:\/\/api.w.org\/{rel}","templated":true}]}}