{"id":67518,"date":"2026-04-02T00:48:27","date_gmt":"2026-04-01T23:48:27","guid":{"rendered":"https:\/\/bigbuy.tupique.com\/produto\/trolley-aisens-ft100te-171-60-100\/"},"modified":"2026-04-15T03:33:16","modified_gmt":"2026-04-15T02:33:16","slug":"trolley-aisens-ft100te-171-60-100","status":"publish","type":"product","link":"https:\/\/bigbuy.tupique.com\/en\/produto\/trolley-aisens-ft100te-171-60-100\/","title":{"rendered":"Trolley Aisens FT100TE-171 60&#8243; 100&#8243;"},"content":{"rendered":"<p>Si vous \u00eates passionn\u00e9 d&#8217;<b>informatique et d&#8217;\u00e9lectronique<\/b>, si vous \u00eates \u00e0 la pointe de la technologie et qu&#8217;aucun d\u00e9tail ne vous \u00e9chappe, achetez <b>Trolley Aisens FT100TE-171 60&#8243; 100&#8243;<\/b> au meilleur prix.<\/p>\n<p>Le <b>support TV<\/b> Aisens mod\u00e8le <b>FT100TE-171<\/b> est un support au sol con\u00e7u pour moniteurs et t\u00e9l\u00e9viseurs grand format, compatible avec des \u00e9crans de <b>60\u201d \u00e0 100\u201d<\/b> (152,4 cm \u00e0 2,54 m) et une capacit\u00e9 maximale de <b>100 kg<\/b>. Sa structure robuste en <b>acier noir<\/b> assure r\u00e9sistance et stabilit\u00e9, id\u00e9ale pour un usage professionnel ou domestique n\u00e9cessitant mobilit\u00e9 et r\u00e9glage. Ce support dispose d\u2019un syst\u00e8me manuel de r\u00e9glage en hauteur de <b>1335 \u00e0 1635 mm<\/b>, permettant un positionnement ergonomique adapt\u00e9 \u00e0 tout espace. L\u2019installation est simple gr\u00e2ce \u00e0 une large compatibilit\u00e9 avec des interfaces de montage de <b>200&#215;200 mm \u00e0 1000&#215;600 mm<\/b>, couvrant les standards VESA les plus courants, et supporte un seul t\u00e9l\u00e9viseur ou moniteur avec des formats de montage vari\u00e9s (200&#215;200, 300&#215;300, 400&#215;200, 400&#215;400, 600&#215;400, 800&#215;400, 800&#215;600, 1000&#215;600 mm). Le support offre aussi un syst\u00e8me d\u2019inclinaison r\u00e9glable de <b>-10\u00b0 \u00e0 +5\u00b0<\/b>, pour optimiser l\u2019angle de vue selon les besoins. Son design trolley comprend <b>quatre roues, toutes \u00e9quip\u00e9es d\u2019un syst\u00e8me de blocage<\/b>, facilitant un d\u00e9placement s\u00fbr et stable dans des environnements comme salles de conf\u00e9rence, stands ou salles de classe. Il int\u00e8gre \u00e9galement un plateau pour DVD et un support pour cam\u00e9ra, \u00e9largissant ses fonctions pour applications multim\u00e9dia et visioconf\u00e9rences. Avec des dimensions totales de <b>1350 mm de large, 683 mm de profondeur et 2281 mm de hauteur<\/b>, il constitue une solution compl\u00e8te et polyvalente pour l\u2019installation et la mobilit\u00e9 contr\u00f4l\u00e9e d\u2019\u00e9crans grand format en orientation paysage. Livr\u00e9 avec manuel utilisateur et kit de montage, il garantit une installation claire et rapide. Ce support au sol \u00e9cologique avec roues et manivelle est une option pratique et fonctionnelle pour ceux qui recherchent un support r\u00e9glable, mobile et robuste pour grands \u00e9crans, assurant stabilit\u00e9 et adaptabilit\u00e9 en milieux professionnels ou domestiques.<\/p>\n<ul>\n<li>Type:\n<ul>\n<li>Support de TV<\/li>\n<li>Trolley<\/li>\n<li>Support pour le sol<\/li>\n<\/ul>\n<\/li>\n<li>Couleur: Noir<\/li>\n<li>Kit de Montage: Oui<\/li>\n<li>Inclut:\n<ul>\n<li>Vis<\/li>\n<li>Kit de Montage<\/li>\n<li>Manuel de l&#8217;utilisateur<\/li>\n<\/ul>\n<\/li>\n<li>Caract\u00e9ristiques:\n<ul>\n<li>Hauteur r\u00e9glable<\/li>\n<li>4 roues pour facilit\u00e9 son d\u00e9placement<\/li>\n<li>R\u00e9glable<\/li>\n<li>Avec des roues<\/li>\n<li>Inclinaison r\u00e9glable<\/li>\n<\/ul>\n<\/li>\n<li>VESA:\n<ul>\n<li>20 x 20 cm<\/li>\n<li>100 x 60 cm<\/li>\n<\/ul>\n<\/li>\n<li>Poids Max. support\u00e9: 100 kg<\/li>\n<li>Mati\u00e8re: Acier<\/li>\n<li>Ecran:\n<ul>\n<li>60&#8243;<\/li>\n<li>100&#8243;<\/li>\n<\/ul>\n<\/li>\n<li>Avec des roues: x4<\/li>\n<li>Unit\u00e9s: 1 Unit\u00e9<\/li>\n<\/ul>","protected":false},"excerpt":{"rendered":"<p><span class=\"unit-info\">356.9900 &euro; \/ 1 unit<\/span><\/p>","protected":false},"featured_media":67515,"comment_status":"open","ping_status":"closed","template":"","meta":[],"product_brand":[1345],"product_cat":[65,581,586],"product_tag":[106],"class_list":{"0":"post-67518","1":"product","2":"type-product","3":"status-publish","4":"has-post-thumbnail","6":"product_brand-brandp_7069","7":"product_cat-informatique-electronique","8":"product_cat-informatique-peripheriques-et-consommables","9":"product_cat-supports-pour-ecrans","10":"product_tag-tag_1295","12":"first","13":"instock","14":"taxable","15":"shipping-taxable","16":"purchasable","17":"product-type-simple"},"_links":{"self":[{"href":"https:\/\/bigbuy.tupique.com\/en\/wp-json\/wp\/v2\/product\/67518","targetHints":{"allow":["GET"]}}],"collection":[{"href":"https:\/\/bigbuy.tupique.com\/en\/wp-json\/wp\/v2\/product"}],"about":[{"href":"https:\/\/bigbuy.tupique.com\/en\/wp-json\/wp\/v2\/types\/product"}],"replies":[{"embeddable":true,"href":"https:\/\/bigbuy.tupique.com\/en\/wp-json\/wp\/v2\/comments?post=67518"}],"wp:featuredmedia":[{"embeddable":true,"href":"https:\/\/bigbuy.tupique.com\/en\/wp-json\/wp\/v2\/media\/67515"}],"wp:attachment":[{"href":"https:\/\/bigbuy.tupique.com\/en\/wp-json\/wp\/v2\/media?parent=67518"}],"wp:term":[{"taxonomy":"product_brand","embeddable":true,"href":"https:\/\/bigbuy.tupique.com\/en\/wp-json\/wp\/v2\/product_brand?post=67518"},{"taxonomy":"product_cat","embeddable":true,"href":"https:\/\/bigbuy.tupique.com\/en\/wp-json\/wp\/v2\/product_cat?post=67518"},{"taxonomy":"product_tag","embeddable":true,"href":"https:\/\/bigbuy.tupique.com\/en\/wp-json\/wp\/v2\/product_tag?post=67518"}],"curies":[{"name":"wp","href":"https:\/\/api.w.org\/{rel}","templated":true}]}}