{"id":67479,"date":"2026-04-02T00:43:21","date_gmt":"2026-04-01T23:43:21","guid":{"rendered":"https:\/\/bigbuy.tupique.com\/produto\/gas-cooker-meireles-5\/"},"modified":"2026-04-15T05:22:44","modified_gmt":"2026-04-15T04:22:44","slug":"gas-cooker-meireles-5","status":"publish","type":"product","link":"https:\/\/bigbuy.tupique.com\/en\/produto\/gas-cooker-meireles-5\/","title":{"rendered":"Cuisini\u00e8re \u00e0 Gaz Meireles"},"content":{"rendered":"<p>Si vous \u00eates \u00e0 la recherche de nouvelles tendances sur le march\u00e9, nous vous pr\u00e9sentons <b>Cuisini\u00e8re \u00e0 Gaz Meireles<\/b> !<\/p>\n<ul>\n<li>Type: Cuisini\u00e8re \u00e0 Gaz<\/li>\n<li>Informations importantes: En ce qui concerne le raccordement au gaz, il convient de respecter les r\u00e9glementations nationales en vigueur.<\/li>\n<\/ul>\n<p>Informations importantes: En ce qui concerne le raccordement au gaz, il convient de respecter les r\u00e9glementations nationales en vigueur..<\/p>","protected":false},"excerpt":{"rendered":"<p>Si vous \u00eates \u00e0 la recherche de nouvelles tendances sur le march\u00e9, nous vous pr\u00e9sentons Cuisini\u00e8re \u00e0 Gaz Meireles ! Type: Cuisini\u00e8re \u00e0 Gaz Informations importantes: En ce qui concerne le raccordement au gaz, il convient de respecter les r\u00e9glementations nationales en vigueur. Informations importantes: En ce qui concerne le raccordement au gaz, il convient [&hellip;]<\/p>\n","protected":false},"featured_media":67478,"comment_status":"open","ping_status":"closed","template":"","meta":[],"product_brand":[1543],"product_cat":[60,747,77],"product_tag":[55],"class_list":{"0":"post-67479","1":"product","2":"type-product","3":"status-publish","4":"has-post-thumbnail","6":"product_brand-brandp_1637","7":"product_cat-cuisine-gourmet","8":"product_cat-fours","9":"product_cat-petit-electromenager","10":"product_tag-tag_926","12":"first","13":"instock","14":"taxable","15":"shipping-taxable","16":"purchasable","17":"product-type-simple"},"_links":{"self":[{"href":"https:\/\/bigbuy.tupique.com\/en\/wp-json\/wp\/v2\/product\/67479","targetHints":{"allow":["GET"]}}],"collection":[{"href":"https:\/\/bigbuy.tupique.com\/en\/wp-json\/wp\/v2\/product"}],"about":[{"href":"https:\/\/bigbuy.tupique.com\/en\/wp-json\/wp\/v2\/types\/product"}],"replies":[{"embeddable":true,"href":"https:\/\/bigbuy.tupique.com\/en\/wp-json\/wp\/v2\/comments?post=67479"}],"wp:featuredmedia":[{"embeddable":true,"href":"https:\/\/bigbuy.tupique.com\/en\/wp-json\/wp\/v2\/media\/67478"}],"wp:attachment":[{"href":"https:\/\/bigbuy.tupique.com\/en\/wp-json\/wp\/v2\/media?parent=67479"}],"wp:term":[{"taxonomy":"product_brand","embeddable":true,"href":"https:\/\/bigbuy.tupique.com\/en\/wp-json\/wp\/v2\/product_brand?post=67479"},{"taxonomy":"product_cat","embeddable":true,"href":"https:\/\/bigbuy.tupique.com\/en\/wp-json\/wp\/v2\/product_cat?post=67479"},{"taxonomy":"product_tag","embeddable":true,"href":"https:\/\/bigbuy.tupique.com\/en\/wp-json\/wp\/v2\/product_tag?post=67479"}],"curies":[{"name":"wp","href":"https:\/\/api.w.org\/{rel}","templated":true}]}}