{"id":67440,"date":"2026-04-02T00:33:30","date_gmt":"2026-04-01T23:33:30","guid":{"rendered":"https:\/\/bigbuy.tupique.com\/produto\/hairdryer-parlux-elysium-blue\/"},"modified":"2026-04-15T04:46:03","modified_gmt":"2026-04-15T03:46:03","slug":"hairdryer-parlux-elysium-blue","status":"publish","type":"product","link":"https:\/\/bigbuy.tupique.com\/en\/produto\/hairdryer-parlux-elysium-blue\/","title":{"rendered":"S\u00e8che-cheveux Parlux ELYSIUM Bleu"},"content":{"rendered":"<p>Si vous recherchez des \u00e9lectrom\u00e9nagers pour votre maison aux meilleurs prix, ne manquez pas <b>S\u00e8che-cheveux Parlux ELYSIUM Bleu<\/b> et une large s\u00e9lection de petits \u00e9lectrom\u00e9nagers de qualit\u00e9 !<\/p>\n<p>Le <b>Parlux ELYSIUM<\/b> est un <b>s\u00e8che-cheveux<\/b> professionnel de haute qualit\u00e9 qui se distingue par son design et sa fonctionnalit\u00e9, adapt\u00e9 \u00e0 un usage unisexe. Il pr\u00e9sente une finition en <b>bleu galaxie<\/b> alliant style et modernit\u00e9, id\u00e9al pour ceux qui recherchent un appareil \u00e0 l\u2019esth\u00e9tique unique. Fabriqu\u00e9 en Italie, ce s\u00e8che-cheveux int\u00e8gre un syst\u00e8me de prise europ\u00e9en (EU), garantissant compatibilit\u00e9 et s\u00e9curit\u00e9 pour le march\u00e9 europ\u00e9en. Son design ergonomique facilite la prise en main lors du s\u00e9chage, offrant un contr\u00f4le pr\u00e9cis et confortable, aussi bien \u00e0 domicile qu\u2019en milieu professionnel. De plus, la marque Parlux est reconnue pour sa fiabilit\u00e9 et sa durabilit\u00e9, des qualit\u00e9s essentielles pour ceux qui exigent un s\u00e8che-cheveux performant et robuste. Bien que les donn\u00e9es techniques telles que la puissance ou les technologies sp\u00e9cifiques ne soient pas pr\u00e9cis\u00e9es, l\u2019ELYSIUM r\u00e9pond aux besoins fondamentaux d\u2019un s\u00e8che-cheveux moderne, constituant un outil indispensable pour le soin quotidien des cheveux ou pour les coiffeurs recherchant une performance constante et une finition professionnelle. Sa capacit\u00e9 unitaire le rend facile \u00e0 int\u00e9grer et pratique pour divers usages. En r\u00e9sum\u00e9, le Parlux ELYSIUM combine un design attrayant avec la garantie de qualit\u00e9 italienne, se positionnant comme une option solide pour ceux qui souhaitent un s\u00e8che-cheveux fonctionnel avec une pr\u00e9sentation \u00e9l\u00e9gante.<\/p>\n<ul>\n<li>Produit \u00e0 brancher: Oui<\/li>\n<li>Type: S\u00e8che-cheveux<\/li>\n<li>Bloc d\u2019Alimentation: r\u00e9seau \u00e9lectrique<\/li>\n<li>Couleur: Bleu<\/li>\n<li>Genre: Unisexe<\/li>\n<li>Type de prise: Prise EU<\/li>\n<\/ul>","protected":false},"excerpt":{"rendered":"<p>Si vous recherchez des \u00e9lectrom\u00e9nagers pour votre maison aux meilleurs prix, ne manquez pas S\u00e8che-cheveux Parlux ELYSIUM Bleu et une large s\u00e9lection de petits \u00e9lectrom\u00e9nagers de qualit\u00e9 ! Le Parlux ELYSIUM est un s\u00e8che-cheveux professionnel de haute qualit\u00e9 qui se distingue par son design et sa fonctionnalit\u00e9, adapt\u00e9 \u00e0 un usage unisexe. Il pr\u00e9sente une [&hellip;]<\/p>\n","protected":false},"featured_media":67439,"comment_status":"open","ping_status":"closed","template":"","meta":[],"product_brand":[1668],"product_cat":[753,752,1065],"product_tag":[722,56],"class_list":{"0":"post-67440","1":"product","2":"type-product","3":"status-publish","4":"has-post-thumbnail","6":"product_brand-brandp_457","7":"product_cat-coiffure","8":"product_cat-sante-beaute","9":"product_cat-seche-cheveux","10":"product_tag-tag_923","11":"product_tag-tag_930","13":"first","14":"instock","15":"taxable","16":"shipping-taxable","17":"purchasable","18":"product-type-simple"},"_links":{"self":[{"href":"https:\/\/bigbuy.tupique.com\/en\/wp-json\/wp\/v2\/product\/67440","targetHints":{"allow":["GET"]}}],"collection":[{"href":"https:\/\/bigbuy.tupique.com\/en\/wp-json\/wp\/v2\/product"}],"about":[{"href":"https:\/\/bigbuy.tupique.com\/en\/wp-json\/wp\/v2\/types\/product"}],"replies":[{"embeddable":true,"href":"https:\/\/bigbuy.tupique.com\/en\/wp-json\/wp\/v2\/comments?post=67440"}],"wp:featuredmedia":[{"embeddable":true,"href":"https:\/\/bigbuy.tupique.com\/en\/wp-json\/wp\/v2\/media\/67439"}],"wp:attachment":[{"href":"https:\/\/bigbuy.tupique.com\/en\/wp-json\/wp\/v2\/media?parent=67440"}],"wp:term":[{"taxonomy":"product_brand","embeddable":true,"href":"https:\/\/bigbuy.tupique.com\/en\/wp-json\/wp\/v2\/product_brand?post=67440"},{"taxonomy":"product_cat","embeddable":true,"href":"https:\/\/bigbuy.tupique.com\/en\/wp-json\/wp\/v2\/product_cat?post=67440"},{"taxonomy":"product_tag","embeddable":true,"href":"https:\/\/bigbuy.tupique.com\/en\/wp-json\/wp\/v2\/product_tag?post=67440"}],"curies":[{"name":"wp","href":"https:\/\/api.w.org\/{rel}","templated":true}]}}