{"id":67410,"date":"2026-04-02T00:23:15","date_gmt":"2026-04-01T23:23:15","guid":{"rendered":"https:\/\/bigbuy.tupique.com\/produto\/firming-cream-valmont-lelixir-des-glaciers-50-ml\/"},"modified":"2026-05-11T19:57:28","modified_gmt":"2026-05-11T17:57:28","slug":"firming-cream-valmont-lelixir-des-glaciers-50-ml","status":"publish","type":"product","link":"https:\/\/bigbuy.tupique.com\/en\/produto\/firming-cream-valmont-lelixir-des-glaciers-50-ml\/","title":{"rendered":"Cr\u00e8me raffermissante Valmont L\u00b4ELIXIR DES GLACIERS 50 ml"},"content":{"rendered":"<\/p>\n<p><b>Cr\u00e8me raffermissante Valmont L\u00b4ELIXIR DES GLACIERS 50 ml<\/b> est un produit de qualit\u00e9 con\u00e7u pour les personnes exigeantes qui prennent soin de leur image et recherchent les meilleurs cosm\u00e9tiques pour mettre en valeur leur beaut\u00e9. Si vous en faites partie, les produits 100 % originaux <b>Valmont<\/b> sont faits pour vous.<\/p>\n<p>La <b>cr\u00e8me raffermissante<\/b> de <b>Valmont<\/b> est un soin visage avanc\u00e9 formul\u00e9 pour r\u00e9pondre aux besoins de la <b>peau normale<\/b> et de <b>tous types de peau<\/b>, en apportant fermet\u00e9 et \u00e9lasticit\u00e9 gr\u00e2ce \u00e0 une combinaison \u00e9tudi\u00e9e d\u2019ingr\u00e9dients de haute qualit\u00e9. Propos\u00e9e dans un format pratique de <b>50 ml<\/b>, cette cr\u00e8me suisse est con\u00e7ue pour le soin quotidien de la peau adulte, avec des actifs anti\u2011\u00e2ge qui aident \u00e0 lutter contre le rel\u00e2chement cutan\u00e9 et \u00e0 am\u00e9liorer la texture de la peau, aussi bien le jour que la nuit. Sa texture onctueuse permet une absorption optimale, assure une hydratation profonde et laisse la peau visiblement plus tonifi\u00e9e et revitalis\u00e9e. Le d\u00e9veloppement propre de Valmont, marque reconnue pour son excellence cosm\u00e9tique d\u2019origine <b>suisse<\/b>, garantit une formule de pointe adapt\u00e9e aux besoins sp\u00e9cifiques de la <b>femme<\/b> qui recherche un produit efficace, s\u00fbr et en phase avec les routines modernes. Elle apporte douceur, nutrition intense et une sensation de confort imm\u00e9diat \u00e0 chaque utilisation, contribuant au maintien d\u2019une peau jeune et lumineuse dans toute routine visage. Une option distingu\u00e9e et s\u00fbre pour celles qui souhaitent int\u00e9grer une solution raffermissante et anti\u2011\u00e2ge haut de gamme \u00e0 leur soin quotidien.<\/p>\n<ul>\n<li>Genre: Femme<\/li>\n<li>Propri\u00e9t\u00e9s: Anti-\u00e2ge<\/li>\n<li>Type: Cr\u00e8me raffermissante<\/li>\n<li>Utilisation recommand\u00e9e:\n<ul>\n<li>Peau normale<\/li>\n<li>Tous les types de peau<\/li>\n<\/ul>\n<\/li>\n<li>Caract\u00e9ristiques: Jour\/Nuit<\/li>\n<li>Texture: Cr\u00e8me<\/li>\n<li>Capacit\u00e9: 50 ml<\/li>\n<\/ul>","protected":false},"excerpt":{"rendered":"<p><span class=\"unit-info\">981.9800 &euro; \/ 100 ml<\/span><\/p>","protected":false},"featured_media":67408,"comment_status":"open","ping_status":"closed","template":"","meta":[],"product_brand":[1675],"product_cat":[1503,769,1495],"product_tag":[722],"class_list":{"0":"post-67410","1":"product","2":"type-product","3":"status-publish","4":"has-post-thumbnail","6":"product_brand-brandp_500","7":"product_cat-cremes-anti-rides-et-hydratantes","8":"product_cat-parfum-cosmetique","9":"product_cat-soin-du-visage","10":"product_tag-tag_923","12":"first","13":"instock","14":"taxable","15":"shipping-taxable","16":"purchasable","17":"product-type-simple"},"_links":{"self":[{"href":"https:\/\/bigbuy.tupique.com\/en\/wp-json\/wp\/v2\/product\/67410","targetHints":{"allow":["GET"]}}],"collection":[{"href":"https:\/\/bigbuy.tupique.com\/en\/wp-json\/wp\/v2\/product"}],"about":[{"href":"https:\/\/bigbuy.tupique.com\/en\/wp-json\/wp\/v2\/types\/product"}],"replies":[{"embeddable":true,"href":"https:\/\/bigbuy.tupique.com\/en\/wp-json\/wp\/v2\/comments?post=67410"}],"wp:featuredmedia":[{"embeddable":true,"href":"https:\/\/bigbuy.tupique.com\/en\/wp-json\/wp\/v2\/media\/67408"}],"wp:attachment":[{"href":"https:\/\/bigbuy.tupique.com\/en\/wp-json\/wp\/v2\/media?parent=67410"}],"wp:term":[{"taxonomy":"product_brand","embeddable":true,"href":"https:\/\/bigbuy.tupique.com\/en\/wp-json\/wp\/v2\/product_brand?post=67410"},{"taxonomy":"product_cat","embeddable":true,"href":"https:\/\/bigbuy.tupique.com\/en\/wp-json\/wp\/v2\/product_cat?post=67410"},{"taxonomy":"product_tag","embeddable":true,"href":"https:\/\/bigbuy.tupique.com\/en\/wp-json\/wp\/v2\/product_tag?post=67410"}],"curies":[{"name":"wp","href":"https:\/\/api.w.org\/{rel}","templated":true}]}}