{"id":67260,"date":"2026-04-01T23:18:27","date_gmt":"2026-04-01T22:18:27","guid":{"rendered":"https:\/\/bigbuy.tupique.com\/produto\/womens-hair-dressing-set-ph-bonder-redken-2-pcs\/"},"modified":"2026-04-14T23:38:09","modified_gmt":"2026-04-14T22:38:09","slug":"womens-hair-dressing-set-ph-bonder-redken-2-pcs","status":"publish","type":"product","link":"https:\/\/bigbuy.tupique.com\/en\/produto\/womens-hair-dressing-set-ph-bonder-redken-2-pcs\/","title":{"rendered":"Assortiment pour cheveux femmes Ph-bonder Redken (2 pcs)"},"content":{"rendered":"<p>Vous aimeriez offrir un <b>lot de parfum et de produit cosm\u00e9tique<\/b> ? <b>Assortiment pour cheveux femmes Ph-bonder Redken (2 pcs) 100 % original<\/b> est un lot exclusif id\u00e9al pour faire un geste pour vos familles ou amis. Ne soyez pas \u00e0 court de <b>produits Redken 100 % originaux<\/b> !<\/p>\n<ul>\n<li>Genre: Femme<\/li>\n<li>Inclut:\n<ul>\n<li>S\u00e9rum Protecteur<\/li>\n<li>Complexe nourrissant<\/li>\n<\/ul>\n<\/li>\n<li>Type: Lot<\/li>\n<\/ul>","protected":false},"excerpt":{"rendered":"<p>Vous aimeriez offrir un lot de parfum et de produit cosm\u00e9tique ? Assortiment pour cheveux femmes Ph-bonder Redken (2 pcs) 100 % original est un lot exclusif id\u00e9al pour faire un geste pour vos familles ou amis. Ne soyez pas \u00e0 court de produits Redken 100 % originaux ! Genre: Femme Inclut: S\u00e9rum Protecteur Complexe [&hellip;]<\/p>\n","protected":false},"featured_media":67259,"comment_status":"open","ping_status":"closed","template":"","meta":[],"product_brand":[1686],"product_cat":[753,1492,752],"product_tag":[722,103,1048],"class_list":{"0":"post-67260","1":"product","2":"type-product","3":"status-publish","4":"has-post-thumbnail","6":"product_brand-brandp_469","7":"product_cat-coiffure","8":"product_cat-masques-et-traitements-capillaires","9":"product_cat-sante-beaute","10":"product_tag-tag_923","11":"product_tag-tag_1261","12":"product_tag-tag_1262","14":"first","15":"instock","16":"taxable","17":"shipping-taxable","18":"purchasable","19":"product-type-simple"},"_links":{"self":[{"href":"https:\/\/bigbuy.tupique.com\/en\/wp-json\/wp\/v2\/product\/67260","targetHints":{"allow":["GET"]}}],"collection":[{"href":"https:\/\/bigbuy.tupique.com\/en\/wp-json\/wp\/v2\/product"}],"about":[{"href":"https:\/\/bigbuy.tupique.com\/en\/wp-json\/wp\/v2\/types\/product"}],"replies":[{"embeddable":true,"href":"https:\/\/bigbuy.tupique.com\/en\/wp-json\/wp\/v2\/comments?post=67260"}],"wp:featuredmedia":[{"embeddable":true,"href":"https:\/\/bigbuy.tupique.com\/en\/wp-json\/wp\/v2\/media\/67259"}],"wp:attachment":[{"href":"https:\/\/bigbuy.tupique.com\/en\/wp-json\/wp\/v2\/media?parent=67260"}],"wp:term":[{"taxonomy":"product_brand","embeddable":true,"href":"https:\/\/bigbuy.tupique.com\/en\/wp-json\/wp\/v2\/product_brand?post=67260"},{"taxonomy":"product_cat","embeddable":true,"href":"https:\/\/bigbuy.tupique.com\/en\/wp-json\/wp\/v2\/product_cat?post=67260"},{"taxonomy":"product_tag","embeddable":true,"href":"https:\/\/bigbuy.tupique.com\/en\/wp-json\/wp\/v2\/product_tag?post=67260"}],"curies":[{"name":"wp","href":"https:\/\/api.w.org\/{rel}","templated":true}]}}