{"id":67205,"date":"2026-04-01T22:53:35","date_gmt":"2026-04-01T21:53:35","guid":{"rendered":"https:\/\/bigbuy.tupique.com\/produto\/hydrating-mask-chanel-sublimage-50-ml\/"},"modified":"2026-05-11T19:57:28","modified_gmt":"2026-05-11T17:57:28","slug":"hydrating-mask-chanel-sublimage-50-ml","status":"publish","type":"product","link":"https:\/\/bigbuy.tupique.com\/en\/produto\/hydrating-mask-chanel-sublimage-50-ml\/","title":{"rendered":"Masque hydratant Chanel SUBLIMAGE 50 ml"},"content":{"rendered":"<p>Si vous \u00eates \u00e0 la recherche de nouvelles tendances sur le march\u00e9, nous vous pr\u00e9sentons <b>Masque hydratant Chanel SUBLIMAGE 50 ml<\/b> !<\/p>\n<ul>\n<li>Genre: Femme<\/li>\n<li>Capacit\u00e9: 50 ml<\/li>\n<\/ul>","protected":false},"excerpt":{"rendered":"<p><span class=\"unit-info\">655.9800 &euro; \/ 100 ml<\/span><\/p>","protected":false},"featured_media":67204,"comment_status":"open","ping_status":"closed","template":"","meta":[],"product_brand":[1682],"product_cat":[1534,769,1495],"product_tag":[722,1672],"class_list":{"0":"post-67205","1":"product","2":"type-product","3":"status-publish","4":"has-post-thumbnail","6":"product_brand-brandp_344","7":"product_cat-masques-faciaux","8":"product_cat-parfum-cosmetique","9":"product_cat-soin-du-visage","10":"product_tag-tag_923","11":"product_tag-tag_1280","13":"first","14":"instock","15":"taxable","16":"shipping-taxable","17":"purchasable","18":"product-type-simple"},"_links":{"self":[{"href":"https:\/\/bigbuy.tupique.com\/en\/wp-json\/wp\/v2\/product\/67205","targetHints":{"allow":["GET"]}}],"collection":[{"href":"https:\/\/bigbuy.tupique.com\/en\/wp-json\/wp\/v2\/product"}],"about":[{"href":"https:\/\/bigbuy.tupique.com\/en\/wp-json\/wp\/v2\/types\/product"}],"replies":[{"embeddable":true,"href":"https:\/\/bigbuy.tupique.com\/en\/wp-json\/wp\/v2\/comments?post=67205"}],"wp:featuredmedia":[{"embeddable":true,"href":"https:\/\/bigbuy.tupique.com\/en\/wp-json\/wp\/v2\/media\/67204"}],"wp:attachment":[{"href":"https:\/\/bigbuy.tupique.com\/en\/wp-json\/wp\/v2\/media?parent=67205"}],"wp:term":[{"taxonomy":"product_brand","embeddable":true,"href":"https:\/\/bigbuy.tupique.com\/en\/wp-json\/wp\/v2\/product_brand?post=67205"},{"taxonomy":"product_cat","embeddable":true,"href":"https:\/\/bigbuy.tupique.com\/en\/wp-json\/wp\/v2\/product_cat?post=67205"},{"taxonomy":"product_tag","embeddable":true,"href":"https:\/\/bigbuy.tupique.com\/en\/wp-json\/wp\/v2\/product_tag?post=67205"}],"curies":[{"name":"wp","href":"https:\/\/api.w.org\/{rel}","templated":true}]}}