{"id":66871,"date":"2026-04-01T21:53:25","date_gmt":"2026-04-01T20:53:25","guid":{"rendered":"https:\/\/bigbuy.tupique.com\/produto\/facial-cream-helena-rubinstein-re-plasty-50-ml\/"},"modified":"2026-04-15T07:38:08","modified_gmt":"2026-04-15T06:38:08","slug":"facial-cream-helena-rubinstein-re-plasty-50-ml","status":"publish","type":"product","link":"https:\/\/bigbuy.tupique.com\/en\/produto\/facial-cream-helena-rubinstein-re-plasty-50-ml\/","title":{"rendered":"Cr\u00e8me visage Helena Rubinstein RE-PLASTY 50 ml"},"content":{"rendered":"<p>Si vous \u00eates \u00e0 la recherche de nouvelles tendances sur le march\u00e9, nous vous pr\u00e9sentons <b>Cr\u00e8me visage Helena Rubinstein RE-PLASTY 50 ml<\/b> !<\/p>\n<ul>\n<li>Type: Cr\u00e8me visage<\/li>\n<li>Genre: Unisexe<\/li>\n<li>Texture: Cr\u00e8me<\/li>\n<li>Capacit\u00e9: 50 ml<\/li>\n<\/ul>","protected":false},"excerpt":{"rendered":"<p><span class=\"unit-info\">659.9800 &euro; \/ 100 ml<\/span><\/p>","protected":false},"featured_media":66870,"comment_status":"open","ping_status":"closed","template":"","meta":[],"product_brand":[1530],"product_cat":[1503,769,1495],"product_tag":[722],"class_list":{"0":"post-66871","1":"product","2":"type-product","3":"status-publish","4":"has-post-thumbnail","6":"product_brand-brandp_392","7":"product_cat-cremes-anti-rides-et-hydratantes","8":"product_cat-parfum-cosmetique","9":"product_cat-soin-du-visage","10":"product_tag-tag_923","12":"first","13":"instock","14":"taxable","15":"shipping-taxable","16":"purchasable","17":"product-type-simple"},"_links":{"self":[{"href":"https:\/\/bigbuy.tupique.com\/en\/wp-json\/wp\/v2\/product\/66871","targetHints":{"allow":["GET"]}}],"collection":[{"href":"https:\/\/bigbuy.tupique.com\/en\/wp-json\/wp\/v2\/product"}],"about":[{"href":"https:\/\/bigbuy.tupique.com\/en\/wp-json\/wp\/v2\/types\/product"}],"replies":[{"embeddable":true,"href":"https:\/\/bigbuy.tupique.com\/en\/wp-json\/wp\/v2\/comments?post=66871"}],"wp:featuredmedia":[{"embeddable":true,"href":"https:\/\/bigbuy.tupique.com\/en\/wp-json\/wp\/v2\/media\/66870"}],"wp:attachment":[{"href":"https:\/\/bigbuy.tupique.com\/en\/wp-json\/wp\/v2\/media?parent=66871"}],"wp:term":[{"taxonomy":"product_brand","embeddable":true,"href":"https:\/\/bigbuy.tupique.com\/en\/wp-json\/wp\/v2\/product_brand?post=66871"},{"taxonomy":"product_cat","embeddable":true,"href":"https:\/\/bigbuy.tupique.com\/en\/wp-json\/wp\/v2\/product_cat?post=66871"},{"taxonomy":"product_tag","embeddable":true,"href":"https:\/\/bigbuy.tupique.com\/en\/wp-json\/wp\/v2\/product_tag?post=66871"}],"curies":[{"name":"wp","href":"https:\/\/api.w.org\/{rel}","templated":true}]}}