{"id":66851,"date":"2026-04-01T21:50:53","date_gmt":"2026-04-01T20:50:53","guid":{"rendered":"https:\/\/bigbuy.tupique.com\/produto\/gas-cooker-meireles-e-911-bl-black\/"},"modified":"2026-05-11T19:56:26","modified_gmt":"2026-05-11T17:56:26","slug":"gas-cooker-meireles-e-911-bl-black","status":"publish","type":"product","link":"https:\/\/bigbuy.tupique.com\/en\/produto\/gas-cooker-meireles-e-911-bl-black\/","title":{"rendered":"Cuisini\u00e8re \u00e0 Gaz Meireles E 911 BL Noir"},"content":{"rendered":"<p>Si vous recherchez des \u00e9lectrom\u00e9nagers pour votre maison aux meilleurs prix, ne manquez pas <b>Cuisini\u00e8re \u00e0 Gaz Meireles E 911 BL Noir<\/b> et une large s\u00e9lection de petits \u00e9lectrom\u00e9nagers de qualit\u00e9 !<\/p>\n<ul>\n<li>Produit \u00e0 brancher: Oui<\/li>\n<li>Type de prise: Prise EU<\/li>\n<li>Mat\u00e9riel: Acier inoxydable<\/li>\n<li>Informations importantes: En ce qui concerne le raccordement au gaz, il convient de respecter les r\u00e9glementations nationales en vigueur.<\/li>\n<li>Type:\n<ul>\n<li>Cuisini\u00e8re \u00e0 Gaz<\/li>\n<li>\u00c9lectronique<\/li>\n<\/ul>\n<\/li>\n<li>Couleur: Noir<\/li>\n<li>Largeur: 90 cm<\/li>\n<li>Caract\u00e9ristiques:\n<ul>\n<li>Plaque Tournante<\/li>\n<li>Lumi\u00e8re int\u00e9rieure<\/li>\n<li>\u00c9cran integr\u00e9<\/li>\n<li>Facile \u00e0 nettoyer<\/li>\n<li>Interrupteur marche\/arr\u00eat<\/li>\n<li>Facilit\u00e9 d&#8217;utilisation<\/li>\n<\/ul>\n<\/li>\n<li>Type d&#8217;installation: Ind\u00e9pendant<\/li>\n<li>Classification \u00e9nerg\u00e9tique: A<\/li>\n<li>Bloc d\u2019Alimentation: r\u00e9seau \u00e9lectrique<\/li>\n<li>Type de commande:\n<ul>\n<li>Boutons<\/li>\n<li>Boutons, rotatif<\/li>\n<\/ul>\n<\/li>\n<li>Pays \/ r\u00e9gion de fabrication: Espagne<\/li>\n<li>Fr\u00e9quence: 50 &#8211; 60 Hz<\/li>\n<li>Tension: 220-240 V<\/li>\n<li>Pieds: Ajustables<\/li>\n<li>Contr\u00f4le: Boutons, rotatif<\/li>\n<\/ul>","protected":false},"excerpt":{"rendered":"<p>Si vous recherchez des \u00e9lectrom\u00e9nagers pour votre maison aux meilleurs prix, ne manquez pas Cuisini\u00e8re \u00e0 Gaz Meireles E 911 BL Noir et une large s\u00e9lection de petits \u00e9lectrom\u00e9nagers de qualit\u00e9 ! Produit \u00e0 brancher: Oui Type de prise: Prise EU Mat\u00e9riel: Acier inoxydable Informations importantes: En ce qui concerne le raccordement au gaz, il [&hellip;]<\/p>\n","protected":false},"featured_media":66850,"comment_status":"open","ping_status":"closed","template":"","meta":[],"product_brand":[1543],"product_cat":[60,747,77],"product_tag":[55],"class_list":{"0":"post-66851","1":"product","2":"type-product","3":"status-publish","4":"has-post-thumbnail","6":"product_brand-brandp_1637","7":"product_cat-cuisine-gourmet","8":"product_cat-fours","9":"product_cat-petit-electromenager","10":"product_tag-tag_926","12":"first","13":"instock","14":"taxable","15":"shipping-taxable","16":"purchasable","17":"product-type-simple"},"_links":{"self":[{"href":"https:\/\/bigbuy.tupique.com\/en\/wp-json\/wp\/v2\/product\/66851","targetHints":{"allow":["GET"]}}],"collection":[{"href":"https:\/\/bigbuy.tupique.com\/en\/wp-json\/wp\/v2\/product"}],"about":[{"href":"https:\/\/bigbuy.tupique.com\/en\/wp-json\/wp\/v2\/types\/product"}],"replies":[{"embeddable":true,"href":"https:\/\/bigbuy.tupique.com\/en\/wp-json\/wp\/v2\/comments?post=66851"}],"wp:featuredmedia":[{"embeddable":true,"href":"https:\/\/bigbuy.tupique.com\/en\/wp-json\/wp\/v2\/media\/66850"}],"wp:attachment":[{"href":"https:\/\/bigbuy.tupique.com\/en\/wp-json\/wp\/v2\/media?parent=66851"}],"wp:term":[{"taxonomy":"product_brand","embeddable":true,"href":"https:\/\/bigbuy.tupique.com\/en\/wp-json\/wp\/v2\/product_brand?post=66851"},{"taxonomy":"product_cat","embeddable":true,"href":"https:\/\/bigbuy.tupique.com\/en\/wp-json\/wp\/v2\/product_cat?post=66851"},{"taxonomy":"product_tag","embeddable":true,"href":"https:\/\/bigbuy.tupique.com\/en\/wp-json\/wp\/v2\/product_tag?post=66851"}],"curies":[{"name":"wp","href":"https:\/\/api.w.org\/{rel}","templated":true}]}}