{"id":66674,"date":"2026-04-01T21:40:26","date_gmt":"2026-04-01T20:40:26","guid":{"rendered":"https:\/\/bigbuy.tupique.com\/produto\/unisex-perfume-maison-francis-kurkdjian-oud-edp-70-ml\/"},"modified":"2026-04-15T06:26:51","modified_gmt":"2026-04-15T05:26:51","slug":"unisex-perfume-maison-francis-kurkdjian-oud-edp-70-ml","status":"publish","type":"product","link":"https:\/\/bigbuy.tupique.com\/en\/produto\/unisex-perfume-maison-francis-kurkdjian-oud-edp-70-ml\/","title":{"rendered":"Parfum Unisexe Maison Francis Kurkdjian OUD EDP 70 ml"},"content":{"rendered":"<p>Si vous \u00eates \u00e0 la recherche de nouvelles tendances sur le march\u00e9, nous vous pr\u00e9sentons <b>Parfum Unisexe Maison Francis Kurkdjian OUD EDP 70 ml<\/b> !<\/p>\n<ul>\n<li>Genre: Unisexe<\/li>\n<li>Type: EDP (Eau de Parfum)<\/li>\n<li>Nom du parfum: Oud<\/li>\n<li>Capacit\u00e9: 70 ml<\/li>\n<li>Type de fragrance: EDP<\/li>\n<li>Ingr\u00e9dients:\n<ul>\n<li>Triethyl citrate<\/li>\n<li>Water (Aqua)<\/li>\n<li>Butyl methoxydibenzoylmethane<\/li>\n<li>Citronellol<\/li>\n<li>Dipropylene glycol<\/li>\n<li>Eugenol<\/li>\n<li>Fragance (parfum)<\/li>\n<li>Hydroxycitronellal<\/li>\n<li>Limonene<\/li>\n<li>Linalool<\/li>\n<li>Pentaerythrityl tetra-di-t-butyl hydroxyhydrocinnamate<\/li>\n<li>Citral<\/li>\n<li>Geraniol<\/li>\n<li>Alcool<\/li>\n<\/ul>\n<\/li>\n<\/ul>\n<p>Informations importantes: La conception de l&#8217;emballage du produit peut varier en fonction des promotions publicitaires du fabricant ou de la p\u00e9riode de l&#8217;ann\u00e9e. Les diff\u00e9rents emballages sont conserv\u00e9s jusqu&#8217;\u00e0 la fin du stock..<\/p>","protected":false},"excerpt":{"rendered":"<p><span class=\"unit-info\">507.1286 &euro; \/ 100 ml<\/span><\/p>","protected":false},"featured_media":66672,"comment_status":"open","ping_status":"closed","template":"","meta":[],"product_brand":[1666],"product_cat":[769,1056,1486],"product_tag":[542,723,1048,543],"class_list":{"0":"post-66674","1":"product","2":"type-product","3":"status-publish","4":"has-post-thumbnail","6":"product_brand-brandp_7398","7":"product_cat-parfum-cosmetique","8":"product_cat-parfums","9":"product_cat-parfums-pour-femme","10":"product_tag-tag_1274","11":"product_tag-tag_1273","12":"product_tag-tag_1262","13":"product_tag-tag_61","15":"first","16":"instock","17":"taxable","18":"shipping-taxable","19":"purchasable","20":"product-type-simple"},"_links":{"self":[{"href":"https:\/\/bigbuy.tupique.com\/en\/wp-json\/wp\/v2\/product\/66674","targetHints":{"allow":["GET"]}}],"collection":[{"href":"https:\/\/bigbuy.tupique.com\/en\/wp-json\/wp\/v2\/product"}],"about":[{"href":"https:\/\/bigbuy.tupique.com\/en\/wp-json\/wp\/v2\/types\/product"}],"replies":[{"embeddable":true,"href":"https:\/\/bigbuy.tupique.com\/en\/wp-json\/wp\/v2\/comments?post=66674"}],"wp:featuredmedia":[{"embeddable":true,"href":"https:\/\/bigbuy.tupique.com\/en\/wp-json\/wp\/v2\/media\/66672"}],"wp:attachment":[{"href":"https:\/\/bigbuy.tupique.com\/en\/wp-json\/wp\/v2\/media?parent=66674"}],"wp:term":[{"taxonomy":"product_brand","embeddable":true,"href":"https:\/\/bigbuy.tupique.com\/en\/wp-json\/wp\/v2\/product_brand?post=66674"},{"taxonomy":"product_cat","embeddable":true,"href":"https:\/\/bigbuy.tupique.com\/en\/wp-json\/wp\/v2\/product_cat?post=66674"},{"taxonomy":"product_tag","embeddable":true,"href":"https:\/\/bigbuy.tupique.com\/en\/wp-json\/wp\/v2\/product_tag?post=66674"}],"curies":[{"name":"wp","href":"https:\/\/api.w.org\/{rel}","templated":true}]}}