{"id":66630,"date":"2026-04-01T21:37:30","date_gmt":"2026-04-01T20:37:30","guid":{"rendered":"https:\/\/bigbuy.tupique.com\/produto\/gas-cooker-meireles-g540xnat-55-cm-steel\/"},"modified":"2026-04-14T23:38:22","modified_gmt":"2026-04-14T22:38:22","slug":"gas-cooker-meireles-g540xnat-55-cm-steel","status":"publish","type":"product","link":"https:\/\/bigbuy.tupique.com\/en\/produto\/gas-cooker-meireles-g540xnat-55-cm-steel\/","title":{"rendered":"Cuisini\u00e8re \u00e0 Gaz Meireles G540XNAT 55 cm Acier"},"content":{"rendered":"<p>Si vous recherchez des \u00e9lectrom\u00e9nagers pour votre maison aux meilleurs prix, ne manquez pas <b>Cuisini\u00e8re \u00e0 Gaz Meireles G540XNAT 55 cm Acier<\/b> et une large s\u00e9lection de petits \u00e9lectrom\u00e9nagers de qualit\u00e9 !<\/p>\n<ul>\n<li>Plaque au gaz: 3 Feux \u00e0 gaz<\/li>\n<li>Contr\u00f4le: Plaque Tournante<\/li>\n<li>Classification \u00e9nerg\u00e9tique: A<\/li>\n<li>Dimensions approx.: 56,5 x 60 x 85 cm<\/li>\n<li>Couleur: Acier<\/li>\n<li>Gaz: Gaz Naturel<\/li>\n<li>Informations importantes: En ce qui concerne le raccordement au gaz il convient de tenir compte des r\u00e9glementations sp\u00e9cifiques \u00e0 chaque pays<\/li>\n<li>Type: \u00c0 Gaz, 3 br\u00fbleurs<\/li>\n<li>Mat\u00e9riel: Acier inoxydable<\/li>\n<li>Caract\u00e9ristiques:\n<ul>\n<li>Facile \u00e0 nettoyer<\/li>\n<li>Couverture<\/li>\n<\/ul>\n<\/li>\n<li>Bloc d\u2019Alimentation: Au gaz<\/li>\n<li>Zones de cuisson: 3<\/li>\n<li>Type de commande: Plaque Tournante<\/li>\n<li>Poids: 15 kg<\/li>\n<li>Type d&#8217;installation: Ind\u00e9pendant<\/li>\n<\/ul>\n<p>Informations importantes: En ce qui concerne le raccordement au gaz, il convient de respecter les r\u00e9glementations nationales en vigueur..<\/p>","protected":false},"excerpt":{"rendered":"<p><span class=\"unit-info\">11.5271 &euro; \/ 1 l<\/span><\/p>","protected":false},"featured_media":66629,"comment_status":"open","ping_status":"closed","template":"","meta":[],"product_brand":[1543],"product_cat":[60,747,77],"product_tag":[55],"class_list":{"0":"post-66630","1":"product","2":"type-product","3":"status-publish","4":"has-post-thumbnail","6":"product_brand-brandp_1637","7":"product_cat-cuisine-gourmet","8":"product_cat-fours","9":"product_cat-petit-electromenager","10":"product_tag-tag_926","12":"first","13":"instock","14":"taxable","15":"shipping-taxable","16":"purchasable","17":"product-type-simple"},"_links":{"self":[{"href":"https:\/\/bigbuy.tupique.com\/en\/wp-json\/wp\/v2\/product\/66630","targetHints":{"allow":["GET"]}}],"collection":[{"href":"https:\/\/bigbuy.tupique.com\/en\/wp-json\/wp\/v2\/product"}],"about":[{"href":"https:\/\/bigbuy.tupique.com\/en\/wp-json\/wp\/v2\/types\/product"}],"replies":[{"embeddable":true,"href":"https:\/\/bigbuy.tupique.com\/en\/wp-json\/wp\/v2\/comments?post=66630"}],"wp:featuredmedia":[{"embeddable":true,"href":"https:\/\/bigbuy.tupique.com\/en\/wp-json\/wp\/v2\/media\/66629"}],"wp:attachment":[{"href":"https:\/\/bigbuy.tupique.com\/en\/wp-json\/wp\/v2\/media?parent=66630"}],"wp:term":[{"taxonomy":"product_brand","embeddable":true,"href":"https:\/\/bigbuy.tupique.com\/en\/wp-json\/wp\/v2\/product_brand?post=66630"},{"taxonomy":"product_cat","embeddable":true,"href":"https:\/\/bigbuy.tupique.com\/en\/wp-json\/wp\/v2\/product_cat?post=66630"},{"taxonomy":"product_tag","embeddable":true,"href":"https:\/\/bigbuy.tupique.com\/en\/wp-json\/wp\/v2\/product_tag?post=66630"}],"curies":[{"name":"wp","href":"https:\/\/api.w.org\/{rel}","templated":true}]}}