{"id":66497,"date":"2026-04-01T21:28:46","date_gmt":"2026-04-01T20:28:46","guid":{"rendered":"https:\/\/bigbuy.tupique.com\/produto\/stick-vacuum-cleaner-dreame-010101aa000558-150-aw\/"},"modified":"2026-05-11T19:57:26","modified_gmt":"2026-05-11T17:57:26","slug":"stick-vacuum-cleaner-dreame-010101aa000558-150-aw","status":"publish","type":"product","link":"https:\/\/bigbuy.tupique.com\/en\/produto\/stick-vacuum-cleaner-dreame-010101aa000558-150-aw\/","title":{"rendered":"Aspirateur balai Dreame 010101AA000558 150 AW"},"content":{"rendered":"<p>Si vous \u00eates \u00e0 la recherche de nouvelles tendances sur le march\u00e9, nous vous pr\u00e9sentons <b>Aspirateur balai Dreame 010101AA000558 150 AW<\/b> !<\/p>\n<p>Le <b>balai aspirateur<\/b> de Dreame est une solution pratique et efficace pour le nettoyage quotidien de tous types de sols et surfaces domestiques. Ce mod\u00e8le se distingue par son <b>design sans fil<\/b>, permettant de se d\u00e9placer librement dans diff\u00e9rentes pi\u00e8ces sans d\u00e9pendre de prises ou de rallonges, ce qui facilite le nettoyage des zones difficiles d\u2019acc\u00e8s. Sa conception associe <b>mat\u00e9riaux m\u00e9talliques et plastiques<\/b>, offrant une structure \u00e0 la fois robuste et l\u00e9g\u00e8re, id\u00e9ale pour une utilisation confortable et prolong\u00e9e. La <b>couleur bleue<\/b> lui conf\u00e8re un aspect moderne et \u00e9l\u00e9gant, s\u2019int\u00e9grant facilement dans tout int\u00e9rieur. Dot\u00e9 d\u2019une <b>batterie de 3000 mAh<\/b>, il assure une autonomie g\u00e9n\u00e9reuse pour des sessions de nettoyage compl\u00e8tes, couvrant de grandes surfaces sans recharges fr\u00e9quentes. La technologie sans fil favorise la portabilit\u00e9 et l\u2019efficacit\u00e9, particuli\u00e8rement adapt\u00e9e aux foyers avec plusieurs pi\u00e8ces ou des zones \u00e9loign\u00e9es des points de charge habituels. Ce balai aspirateur Dreame allie polyvalence, confort et puissance, se positionnant comme un alli\u00e9 fiable pour garder la maison impeccable avec un minimum d\u2019effort.<\/p>\n<ul>\n<li>Produit \u00e0 brancher: Oui<\/li>\n<li>Type: Aspirateur balai<\/li>\n<li>Type de prise: Prise EU<\/li>\n<li>Bloc d\u2019Alimentation:\n<ul>\n<li>r\u00e9seau \u00e9lectrique<\/li>\n<li>Batterie rechargeable<\/li>\n<\/ul>\n<\/li>\n<li>Couleur:\n<ul>\n<li>Noir<\/li>\n<li>Gris<\/li>\n<li>Bleu<\/li>\n<\/ul>\n<\/li>\n<li>Mati\u00e8re:\n<ul>\n<li>M\u00e9tal<\/li>\n<li>Plastique<\/li>\n<\/ul>\n<\/li>\n<li>Caract\u00e9ristiques: Sans fil<\/li>\n<li>Capacit\u00e9 de la batterie: 3000 mAh<\/li>\n<li>Inclut:\n<ul>\n<li>Adaptateur AC<\/li>\n<li>Brosse<\/li>\n<li>Support<\/li>\n<li>Manuel de l&#8217;utilisateur<\/li>\n<li>Buse pour tapisserie d\u2019ameublement<\/li>\n<\/ul>\n<\/li>\n<li>Filtre: HEPA<\/li>\n<li>Autonomie approx.: 1 heure<\/li>\n<li>Niveau sonore: 79 dB<\/li>\n<li>Aspiration: 25000 Pa<\/li>\n<li>puissance: 150 AW<\/li>\n<li>Capacit\u00e9: 0,6 L<\/li>\n<\/ul>","protected":false},"excerpt":{"rendered":"<p>Si vous \u00eates \u00e0 la recherche de nouvelles tendances sur le march\u00e9, nous vous pr\u00e9sentons Aspirateur balai Dreame 010101AA000558 150 AW ! Le balai aspirateur de Dreame est une solution pratique et efficace pour le nettoyage quotidien de tous types de sols et surfaces domestiques. Ce mod\u00e8le se distingue par son design sans fil, permettant [&hellip;]<\/p>\n","protected":false},"featured_media":66495,"comment_status":"open","ping_status":"closed","template":"","meta":[],"product_brand":[860],"product_cat":[762,239,240],"product_tag":[56,210],"class_list":{"0":"post-66497","1":"product","2":"type-product","3":"status-publish","4":"has-post-thumbnail","6":"product_brand-brandp_4590","7":"product_cat-aspirateurs-et-robots","8":"product_cat-maison-jardin","9":"product_cat-nettoyage-aspirateur-et-repassage","10":"product_tag-tag_930","11":"product_tag-tag_25","13":"first","14":"instock","15":"taxable","16":"shipping-taxable","17":"purchasable","18":"product-type-simple"},"_links":{"self":[{"href":"https:\/\/bigbuy.tupique.com\/en\/wp-json\/wp\/v2\/product\/66497","targetHints":{"allow":["GET"]}}],"collection":[{"href":"https:\/\/bigbuy.tupique.com\/en\/wp-json\/wp\/v2\/product"}],"about":[{"href":"https:\/\/bigbuy.tupique.com\/en\/wp-json\/wp\/v2\/types\/product"}],"replies":[{"embeddable":true,"href":"https:\/\/bigbuy.tupique.com\/en\/wp-json\/wp\/v2\/comments?post=66497"}],"wp:featuredmedia":[{"embeddable":true,"href":"https:\/\/bigbuy.tupique.com\/en\/wp-json\/wp\/v2\/media\/66495"}],"wp:attachment":[{"href":"https:\/\/bigbuy.tupique.com\/en\/wp-json\/wp\/v2\/media?parent=66497"}],"wp:term":[{"taxonomy":"product_brand","embeddable":true,"href":"https:\/\/bigbuy.tupique.com\/en\/wp-json\/wp\/v2\/product_brand?post=66497"},{"taxonomy":"product_cat","embeddable":true,"href":"https:\/\/bigbuy.tupique.com\/en\/wp-json\/wp\/v2\/product_cat?post=66497"},{"taxonomy":"product_tag","embeddable":true,"href":"https:\/\/bigbuy.tupique.com\/en\/wp-json\/wp\/v2\/product_tag?post=66497"}],"curies":[{"name":"wp","href":"https:\/\/api.w.org\/{rel}","templated":true}]}}