{"id":66494,"date":"2026-04-01T21:28:42","date_gmt":"2026-04-01T20:28:42","guid":{"rendered":"https:\/\/bigbuy.tupique.com\/produto\/washing-machine-samsung-ww80fg3m05awec-8-kg-595-cm-1400-rpm\/"},"modified":"2026-04-15T07:02:22","modified_gmt":"2026-04-15T06:02:22","slug":"washing-machine-samsung-ww80fg3m05awec-8-kg-595-cm-1400-rpm","status":"publish","type":"product","link":"https:\/\/bigbuy.tupique.com\/en\/produto\/washing-machine-samsung-ww80fg3m05awec-8-kg-595-cm-1400-rpm\/","title":{"rendered":"Machine \u00e0 laver Samsung WW80FG3M05AWEC 8 kg 59,5 cm 1400 rpm"},"content":{"rendered":"<p>Si vous \u00eates \u00e0 la recherche de nouvelles tendances sur le march\u00e9, nous vous pr\u00e9sentons <b>Machine \u00e0 laver Samsung WW80FG3M05AWEC 8 kg 59,5 cm 1400 rpm<\/b> !<\/p>\n<ul>\n<li>Type d&#8217;installation: Sous le plan de travail<\/li>\n<li>Produit \u00e0 brancher: Oui<\/li>\n<li>Langue: Espagnol<\/li>\n<li>Type de prise: Prise EU<\/li>\n<li>Bloc d\u2019Alimentation: r\u00e9seau \u00e9lectrique<\/li>\n<li>Classification \u00e9nerg\u00e9tique: A<\/li>\n<li>Capacit\u00e9: 8 kg<\/li>\n<li>Couleur: Blanc<\/li>\n<li>Caract\u00e9ristiques:\n<ul>\n<li>Verrouillage pour enfants<\/li>\n<li>\u00c9cran integr\u00e9<\/li>\n<\/ul>\n<\/li>\n<li>Technologie: LED<\/li>\n<li>Type de charge: Frontal<\/li>\n<li>vitesse: 1400 rpm<\/li>\n<li>Largeur: 59,5 cm<\/li>\n<\/ul>","protected":false},"excerpt":{"rendered":"<p><span class=\"unit-info\">70.2488 &euro; \/ 1 kg<\/span><\/p>","protected":false},"featured_media":66485,"comment_status":"open","ping_status":"closed","template":"","meta":[],"product_brand":[183],"product_cat":[239,240,751],"product_tag":[],"class_list":{"0":"post-66494","1":"product","2":"type-product","3":"status-publish","4":"has-post-thumbnail","6":"product_brand-brandp_576","7":"product_cat-maison-jardin","8":"product_cat-nettoyage-aspirateur-et-repassage","9":"product_cat-seche-linge-fers-a-repasser-sechoirs","11":"first","12":"instock","13":"taxable","14":"shipping-taxable","15":"purchasable","16":"product-type-simple"},"_links":{"self":[{"href":"https:\/\/bigbuy.tupique.com\/en\/wp-json\/wp\/v2\/product\/66494","targetHints":{"allow":["GET"]}}],"collection":[{"href":"https:\/\/bigbuy.tupique.com\/en\/wp-json\/wp\/v2\/product"}],"about":[{"href":"https:\/\/bigbuy.tupique.com\/en\/wp-json\/wp\/v2\/types\/product"}],"replies":[{"embeddable":true,"href":"https:\/\/bigbuy.tupique.com\/en\/wp-json\/wp\/v2\/comments?post=66494"}],"wp:featuredmedia":[{"embeddable":true,"href":"https:\/\/bigbuy.tupique.com\/en\/wp-json\/wp\/v2\/media\/66485"}],"wp:attachment":[{"href":"https:\/\/bigbuy.tupique.com\/en\/wp-json\/wp\/v2\/media?parent=66494"}],"wp:term":[{"taxonomy":"product_brand","embeddable":true,"href":"https:\/\/bigbuy.tupique.com\/en\/wp-json\/wp\/v2\/product_brand?post=66494"},{"taxonomy":"product_cat","embeddable":true,"href":"https:\/\/bigbuy.tupique.com\/en\/wp-json\/wp\/v2\/product_cat?post=66494"},{"taxonomy":"product_tag","embeddable":true,"href":"https:\/\/bigbuy.tupique.com\/en\/wp-json\/wp\/v2\/product_tag?post=66494"}],"curies":[{"name":"wp","href":"https:\/\/api.w.org\/{rel}","templated":true}]}}