{"id":66444,"date":"2026-04-01T21:27:08","date_gmt":"2026-04-01T20:27:08","guid":{"rendered":"https:\/\/bigbuy.tupique.com\/produto\/styling-brush-dreame-air-style-pro-1300-w\/"},"modified":"2026-05-11T19:57:16","modified_gmt":"2026-05-11T17:57:16","slug":"styling-brush-dreame-air-style-pro-1300-w","status":"publish","type":"product","link":"https:\/\/bigbuy.tupique.com\/en\/produto\/styling-brush-dreame-air-style-pro-1300-w\/","title":{"rendered":"Brosse \u00e0 coiffer Dreame AIR STYLE PRO 1300 W"},"content":{"rendered":"<p>Si vous \u00eates \u00e0 la recherche de nouvelles tendances sur le march\u00e9, nous vous pr\u00e9sentons <b>Brosse \u00e0 coiffer Dreame AIR STYLE PRO 1300 W<\/b> !<\/p>\n<p>Le <b>Dreame AIR STYLE PRO<\/b> est une <b>brosse coiffante<\/b> con\u00e7ue pour offrir un coiffage efficace et polyvalent gr\u00e2ce \u00e0 sa combinaison de caract\u00e9ristiques techniques adapt\u00e9es aux besoins professionnels et domestiques. Cet appareil fonctionne avec des <b>piles<\/b>, garantissant une plus grande libert\u00e9 de mouvement sans d\u00e9pendre de c\u00e2bles, tout en offrant aussi l\u2019option d\u2019utilisation avec un <b>c\u00e2ble \u00e9lectrique<\/b>, apportant flexibilit\u00e9 selon l\u2019environnement et la dur\u00e9e du coiffage. Sa finition en <b>noir<\/b> conf\u00e8re un design \u00e9l\u00e9gant et sobre, tandis que l\u2019int\u00e9gration de mat\u00e9riaux m\u00e9talliques assure une structure robuste et durable. Avec une puissance de <b>1300 W<\/b>, il mod\u00e8le efficacement les cheveux, facilitant la fixation et la cr\u00e9ation de styles vari\u00e9s rapidement gr\u00e2ce \u00e0 une chaleur uniforme qui prot\u00e8ge la fibre capillaire. Fabriqu\u00e9 en <b>Chine<\/b>, ce mod\u00e8le se positionne comme une option pratique et fonctionnelle dans la gamme moyenne-haute des outils de coiffure, offrant une exp\u00e9rience confortable pour les utilisateurs recherchant des r\u00e9sultats professionnels sans complication. La combinaison des modes d\u2019alimentation, sa puissance et la qualit\u00e9 de ses composants font du <b>AIR STYLE PRO<\/b> un outil adaptable pour ceux qui ont besoin d\u2019une brosse coiffante fiable pour un usage quotidien ou ponctuel en salon. En r\u00e9sum\u00e9, ce mod\u00e8le Dreame se distingue par son \u00e9quilibre entre praticit\u00e9, puissance et design, id\u00e9al pour obtenir des coiffures d\u00e9finies et durables.<\/p>\n<ul>\n<li>Type: Batteries<\/li>\n<li>Type de prise: Prise EU<\/li>\n<li>Produit \u00e0 brancher: Oui<\/li>\n<li>Bloc d\u2019Alimentation:\n<ul>\n<li>r\u00e9seau \u00e9lectrique<\/li>\n<li>C\u00e2ble \u00e9lectrique<\/li>\n<\/ul>\n<\/li>\n<li>Couleur:\n<ul>\n<li>Noir<\/li>\n<li>Dor\u00e9<\/li>\n<\/ul>\n<\/li>\n<li>Mati\u00e8re: M\u00e9tal<\/li>\n<li>puissance: 1300 W<\/li>\n<li>Thermostat: R\u00e9glable<\/li>\n<li>Utilisation recommand\u00e9e:\n<ul>\n<li>S\u00e8che-cheveux<\/li>\n<li>Tous les types de cheveux<\/li>\n<\/ul>\n<\/li>\n<li>Longueur du c\u00e2ble: 2,8 m<\/li>\n<li>Caract\u00e9ristiques: C\u00e2ble rotatif 360\u00ba<\/li>\n<li>\u00c9cran integr\u00e9: Non<\/li>\n<li>Inclut: Housse de transport<\/li>\n<li>Unit\u00e9s: 3 Unit\u00e9s<\/li>\n<li>Vitesse: 3 vitesses<\/li>\n<li>Niveaux de temp\u00e9rature: 3 niveaux<\/li>\n<\/ul>","protected":false},"excerpt":{"rendered":"<p><span class=\"unit-info\">109.9967 &euro; \/ 1 unit<\/span><\/p>","protected":false},"featured_media":66432,"comment_status":"open","ping_status":"closed","template":"","meta":[],"product_brand":[860],"product_cat":[753,754,752],"product_tag":[722,56],"class_list":{"0":"post-66444","1":"product","2":"type-product","3":"status-publish","4":"has-post-thumbnail","6":"product_brand-brandp_4590","7":"product_cat-coiffure","8":"product_cat-lisseurs-pour-cheveux","9":"product_cat-sante-beaute","10":"product_tag-tag_923","11":"product_tag-tag_930","13":"first","14":"instock","15":"taxable","16":"shipping-taxable","17":"purchasable","18":"product-type-simple"},"_links":{"self":[{"href":"https:\/\/bigbuy.tupique.com\/en\/wp-json\/wp\/v2\/product\/66444","targetHints":{"allow":["GET"]}}],"collection":[{"href":"https:\/\/bigbuy.tupique.com\/en\/wp-json\/wp\/v2\/product"}],"about":[{"href":"https:\/\/bigbuy.tupique.com\/en\/wp-json\/wp\/v2\/types\/product"}],"replies":[{"embeddable":true,"href":"https:\/\/bigbuy.tupique.com\/en\/wp-json\/wp\/v2\/comments?post=66444"}],"wp:featuredmedia":[{"embeddable":true,"href":"https:\/\/bigbuy.tupique.com\/en\/wp-json\/wp\/v2\/media\/66432"}],"wp:attachment":[{"href":"https:\/\/bigbuy.tupique.com\/en\/wp-json\/wp\/v2\/media?parent=66444"}],"wp:term":[{"taxonomy":"product_brand","embeddable":true,"href":"https:\/\/bigbuy.tupique.com\/en\/wp-json\/wp\/v2\/product_brand?post=66444"},{"taxonomy":"product_cat","embeddable":true,"href":"https:\/\/bigbuy.tupique.com\/en\/wp-json\/wp\/v2\/product_cat?post=66444"},{"taxonomy":"product_tag","embeddable":true,"href":"https:\/\/bigbuy.tupique.com\/en\/wp-json\/wp\/v2\/product_tag?post=66444"}],"curies":[{"name":"wp","href":"https:\/\/api.w.org\/{rel}","templated":true}]}}