{"id":66199,"date":"2026-04-01T21:01:59","date_gmt":"2026-04-01T20:01:59","guid":{"rendered":"https:\/\/bigbuy.tupique.com\/produto\/projector-optoma-s336-svga-4000-lm\/"},"modified":"2026-05-11T19:57:27","modified_gmt":"2026-05-11T17:57:27","slug":"projector-optoma-s336-svga-4000-lm","status":"publish","type":"product","link":"https:\/\/bigbuy.tupique.com\/en\/produto\/projector-optoma-s336-svga-4000-lm\/","title":{"rendered":"Projecteur Optoma S336 SVGA 4000 Lm"},"content":{"rendered":"<p>Si vous \u00eates passionn\u00e9 d&#8217;<b>informatique et d&#8217;\u00e9lectronique<\/b>, si vous \u00eates \u00e0 la pointe de la technologie et qu&#8217;aucun d\u00e9tail ne vous \u00e9chappe, achetez <b>Projecteur Optoma S336 SVGA 4000 Lm<\/b> au meilleur prix.<\/p>\n<p>Le <b>Optoma S336<\/b> est un <b>projecteur<\/b> professionnel haute performance, con\u00e7u pour les environnements \u00e9ducatifs, professionnels et polyvalents o\u00f9 la clart\u00e9 visuelle et la fiabilit\u00e9 sont essentielles. Il int\u00e8gre la technologie DLP offrant une image nette avec une <b>r\u00e9solution SVGA (800&#215;600)<\/b> et une luminosit\u00e9 remarquable de <b>4000 lumens ANSI<\/b>, garantissant des projections claires m\u00eame dans des pi\u00e8ces partiellement \u00e9clair\u00e9es. Son <b>contraste de 25 000:1<\/b> permet d\u2019afficher des d\u00e9tails pr\u00e9cis et des textes bien d\u00e9finis, tandis que le format natif 4:3 le rend id\u00e9al pour les pr\u00e9sentations classiques, tout en \u00e9tant compatible 16:9 pour les contenus panoramiques. Il propose une connectivit\u00e9 \u00e9tendue gr\u00e2ce \u00e0 des <b>entr\u00e9es HDMI 1.4a compatibles 3D<\/b>, <b>VGA<\/b>, USB-A pour alimentation et connexions audio 3,5 mm, facilitant la connexion \u00e0 des ordinateurs, lecteurs multim\u00e9dias et autres appareils. Il prend en charge la projection <b>Full 3D<\/b> et s\u2019int\u00e8gre avec de nombreux standards et r\u00e9solutions PC, assurant la compatibilit\u00e9 avec la plupart des sources audiovisuelles modernes. Le S336 dispose d\u2019un <b>zoom manuel 1,1x<\/b> et d\u2019une large distance de projection de 1 \u00e0 12 m\u00e8tres, offrant une flexibilit\u00e9 d\u2019installation pour des images jusqu\u2019\u00e0 7,73 m\u00e8tres de diagonale (304,4 pouces). Sa lampe longue dur\u00e9e atteint jusqu\u2019\u00e0 <b>15 000 heures en mode Eco+<\/b>, r\u00e9duisant les co\u00fbts de maintenance, et sa faible consommation d\u2019\u00e9nergie, associ\u00e9e \u00e0 un niveau sonore de seulement 27 dBA en mode \u00e9conomique, facilite son int\u00e9gration dans des environnements n\u00e9cessitant une discr\u00e9tion sonore. L\u2019appareil comprend un <b>haut-parleur int\u00e9gr\u00e9 de 10W<\/b> adapt\u00e9 aux petites audiences, une t\u00e9l\u00e9commande extra-plate, un c\u00e2ble d\u2019alimentation et une pile. Ses dimensions compactes (31,6 x 24,4 x 10,8 cm) et son poids de 3,02 kg le rendent facilement transportable sans compromettre la stabilit\u00e9. L\u2019Optoma S336 s\u2019impose comme une solution compl\u00e8te et fiable pour ceux qui recherchent un projecteur robuste, polyvalent et simple d\u2019utilisation dans les environnements professionnels et \u00e9ducatifs.<\/p>\n<ul>\n<li>Type:\n<ul>\n<li>Projecteur<\/li>\n<li>Projecteur \u00e0 poser sur table<\/li>\n<\/ul>\n<\/li>\n<li>Poids: 3 Kg<\/li>\n<li>3D: Oui<\/li>\n<li>Type de prise: Prise EU<\/li>\n<li>Largeur: 316 mm<\/li>\n<li>Profondeur: 244 mm<\/li>\n<li>Produit \u00e0 brancher: Oui<\/li>\n<li>Tension d&#8217;entr\u00e9e AC: 100-240 V<\/li>\n<li>T\u00e9l\u00e9commande: Oui<\/li>\n<li>USB 2.0: 1<\/li>\n<li>Zoom: Manuel<\/li>\n<li>Lumens: 4000<\/li>\n<li>puissance:\n<ul>\n<li>10 W<\/li>\n<li>203 W<\/li>\n<\/ul>\n<\/li>\n<li>Rapport d&#8217;aspect:\n<ul>\n<li>16:9<\/li>\n<li>4:3<\/li>\n<\/ul>\n<\/li>\n<li>Connexions:\n<ul>\n<li>USB<\/li>\n<li>HDMI<\/li>\n<li>USB 2.0<\/li>\n<li>VGA<\/li>\n<li>PC Audio-in x 1<\/li>\n<li>HDMI 1.4<\/li>\n<\/ul>\n<\/li>\n<li>R\u00e9solution (px): 800 x 600 px<\/li>\n<li>Couleur: Noir<\/li>\n<li>Format: 4:3<\/li>\n<li>Bloc d\u2019Alimentation:\n<ul>\n<li>Cordon d&#8217;alimentation CA<\/li>\n<li>r\u00e9seau \u00e9lectrique<\/li>\n<li>Courant alternatif<\/li>\n<\/ul>\n<\/li>\n<li>Puissance RMS: 10 W<\/li>\n<li>Piles incluses: Oui<\/li>\n<li>TV intelligente: Non<\/li>\n<li>Poids approx.: 1 kg<\/li>\n<li>Fr\u00e9quence: 50 &#8211; 60 Hz<\/li>\n<li>Inclut:\n<ul>\n<li>T\u00e9l\u00e9commande<\/li>\n<li>Manuel de l&#8217;utilisateur<\/li>\n<\/ul>\n<\/li>\n<li>R\u00e9solution: SVGA<\/li>\n<li>Tension: 100 &#8211; 240 V<\/li>\n<li>Fr\u00e9quence d&#8217;entr\u00e9e AC: 50-60 Hz<\/li>\n<li>Ethernet: Non<\/li>\n<li>Non Inclus: Wi-Fi<\/li>\n<li>Vid\u00e9o: 1080 p<\/li>\n<li>Flux lumineux: 4000 Lm<\/li>\n<li>Niveau sonore: 27 dB<\/li>\n<li>Connecteurs: Kensington<\/li>\n<li>Compatible: Fixation au plafond<\/li>\n<li>\u00c9cran integr\u00e9: Non<\/li>\n<li>Rapport de contraste: 25000:1<\/li>\n<li>Full HD: Non<\/li>\n<li>consommation d&#8217;\u00e9nergie: 187 kwh<\/li>\n<li>Caract\u00e9ristiques:\n<ul>\n<li>Protection des donn\u00e9es\/mot de passe<\/li>\n<li>Haut-parleurs int\u00e9gr\u00e9s<\/li>\n<\/ul>\n<\/li>\n<li>Technologie: DLP<\/li>\n<\/ul>\n<p><\/p>\n<p>Optoma S336. Luminosit\u00e9 du projecteur: 4000 ANSI lumens, Technologie de projection: DLP, R\u00e9solution native du projecteur: SVGA (800&#215;600). Type de source lumineuse: Lampe, Dur\u00e9e de vie de la source lumineuse: 6000 h, Dur\u00e9e de vie de la source lumineuse (mode \u00e9conomique): 10000 h. Longueur focale: 21.85 &#8211; 24 mm, Type de zoom: Manuel, Ratio de projection: 1,94:1 ~ 2,16:1. Syst\u00e8me de format du signal analogique: NTSC,NTSC 3.58,NTSC 4.43,NTSC J,NTSC M,PAL,PAL 4.43,PAL B,PAL D,PAL G,PAL H,PAL I,PAL M,PAL&#8230;, Formats 3D pris en charge: Frame packing, C\u00f4te \u00e0 c\u00f4te, Haut et bas, R\u00e9solutions graphiques prises en charge: 640 x 480 (VGA),800 x 600 (SVGA),1024 x 768 (XGA),1280 x 1024 (SXGA),1280 x 720 (HD 720),1280 x&#8230;. Type de connecteur HDMI: Pleine taille, Version HDMI: 1.4a<\/p>\n<p><\/p>\n<ul>\n<li>Luminosit\u00e9 du projecteur: 4000 ANSI lumens<\/li>\n<li>Technologie de projection: DLP<\/li>\n<li>R\u00e9solution native du projecteur: SVGA (800&#215;600)<\/li>\n<li>Taux de contraste: 25000:1<\/li>\n<li>Format d&#8217;image: 4:3<\/li>\n<li>Taille d&#8217;\u00e9cran compatible: 705,6 &#8211; 7731,8 mm (27.8 &#8211; 304.4&#8243;)<\/li>\n<li>Rapports d&#8217;aspect pris en charge: 4:3,16:9<\/li>\n<li>Distance de projection: 0,71 &#8211; 7,73 m<\/li>\n<li>Uniformit\u00e9: 75%<\/li>\n<li>Domaine de num\u00e9risation horizontale: 15,38 &#8211; 91,15 kHz<\/li>\n<li>Fr\u00e9quence de balayage vertical: 50 &#8211; 85 Hz<\/li>\n<li>Correction du trap\u00e8ze, verticale: -40 &#8211; 40\u00b0<\/li>\n<li>Type de source lumineuse: Lampe<\/li>\n<li>Dur\u00e9e de vie de la source lumineuse: 6000 h<\/li>\n<li>Dur\u00e9e de vie de la source lumineuse (mode \u00e9conomique): 10000 h<\/li>\n<li>Puissance de la lampe: 203 W<\/li>\n<li>Longueur focale: 21.85 &#8211; 24 mm<\/li>\n<li>Capacit\u00e9 du zoom: Oui<\/li>\n<li>Type de zoom: Manuel<\/li>\n<li>Ratio de projection: 1,94:1 ~ 2,16:1<\/li>\n<li>D\u00e9calage: 115%<\/li>\n<li>Syst\u00e8me de format du signal analogique: NTSC,NTSC 3.58,NTSC 4.43,NTSC J,NTSC M,PAL,PAL 4.43,PAL B,PAL D,PAL G,PAL H,PAL I,PAL M,PAL N,SECAM,SECAM 4.25\/4.4,SECAM B,SECAM D,SECAM G,SECAM K,SECAM K1,SECAM L<\/li>\n<li>Full HD: Non<\/li>\n<li>Compatibilit\u00e9 3D: Oui<\/li>\n<li>Formats 3D pris en charge: Frame packing, C\u00f4te \u00e0 c\u00f4te, Haut et bas<\/li>\n<li>R\u00e9solutions graphiques prises en charge: 640 x 480 (VGA),800 x 600 (SVGA),1024 x 768 (XGA),1280 x 1024 (SXGA),1280 x 720 (HD 720),1280 x 768 (WXGA),1280 x 800 (WXGA),1600 x 1200 (UXGA),1920 x 1080 (HD 1080)<\/li>\n<li>Modes vid\u00e9o pris en charge: 480i,480p,576i,576p,720p,1080i,1080p<\/li>\n<li>Nombre de ports VGA (D-Sub): 1<\/li>\n<li>Quantit\u00e9 de ports HDMI: 1<\/li>\n<li>Entr\u00e9e vid\u00e9o composite: 1<\/li>\n<li>Port DVI: Non<\/li>\n<li>Quantit\u00e9 de Ports USB 2.0: 1<\/li>\n<li>Type de connecteur HDMI: Pleine taille<\/li>\n<li>Version HDMI: 1.4a<\/li>\n<li>Entr\u00e9e audio PC: Oui<\/li>\n<li>Sortie Audio PC: Oui<\/li>\n<li>Secteur d&#8217;entr\u00e9e d&#8217;alimentation: Oui<\/li>\n<li>Entr\u00e9e DC: Non<\/li>\n<li>Smart TV: Non<\/li>\n<li>Ethernet\/LAN: Non<\/li>\n<li>Wifi: Non<\/li>\n<li>Lecteur de cartes m\u00e9moires int\u00e9gr\u00e9: Non<\/li>\n<li>Niveau sonore: 27 dB<\/li>\n<li>Interactif: Non<\/li>\n<li>Affichage \u00e0 l&#8217;\u00e9cran (OSD): Oui<\/li>\n<li>Nombre de langues OSD: 25<\/li>\n<li>Protection par mot de passe: Oui<\/li>\n<li>Haut-parleurs int\u00e9gr\u00e9s: Oui<\/li>\n<li>Puissance \u00e9valu\u00e9e de RMS: 10 W<\/li>\n<li>Nombre de haut-parleurs int\u00e9gr\u00e9s: 1<\/li>\n<li>Type de produit: Standard throw projector<\/li>\n<li>position de march\u00e9: Pr\u00e9sentation<\/li>\n<li>Couleur du produit: Noir<\/li>\n<li>Positionnement: Bureau, Plafond<\/li>\n<li>Port de c\u00e2ble antivol: Oui<\/li>\n<li>Type d&#8217;emplacement de verrouillage de c\u00e2ble: Kensington<\/li>\n<li>\u00c9cran integr\u00e9: Non<\/li>\n<li>Source d&#8217;alimentation: Secteur<\/li>\n<li>Consommation \u00e9lectrique typique: 187 W<\/li>\n<li>Consommation d&#8217;\u00e9nergie (mode veille): 0,5 W<\/li>\n<li>Consommation (max): 225 W<\/li>\n<li>Tension d&#8217;entr\u00e9e AC: 100 &#8211; 240 V<\/li>\n<li>Fr\u00e9quence d&#8217;entr\u00e9e AC: 50\/60 Hz<\/li>\n<li>Temp\u00e9rature d&#8217;op\u00e9ration: 5 &#8211; 40 \u00b0C<\/li>\n<li>Humidit\u00e9 relative de fonctionnement (H-H): 0 &#8211; 85%<\/li>\n<li>Altitude de fonctionnement: 0 &#8211; 3000 m<\/li>\n<li>Poids: 3 kg<\/li>\n<li>Largeur: 316 mm<\/li>\n<li>Profondeur: 244 mm<\/li>\n<li>Hauteur: 108 mm<\/li>\n<li>Poids du paquet: 4,4 kg<\/li>\n<li>T\u00e9l\u00e9commande incluse: Oui<\/li>\n<li>Piles fournies: Oui<\/li>\n<li>C\u00e2bles inclus: Secteur<\/li>\n<li>Manuel d&#8217;utilisation: Oui<\/li>\n<li>Quantit\u00e9: 1 pi\u00e8ce(s)<\/li>\n<\/ul>","protected":false},"excerpt":{"rendered":"<p>Si vous \u00eates passionn\u00e9 d&#8217;informatique et d&#8217;\u00e9lectronique, si vous \u00eates \u00e0 la pointe de la technologie et qu&#8217;aucun d\u00e9tail ne vous \u00e9chappe, achetez Projecteur Optoma S336 SVGA 4000 Lm au meilleur prix. Le Optoma S336 est un projecteur professionnel haute performance, con\u00e7u pour les environnements \u00e9ducatifs, professionnels et polyvalents o\u00f9 la clart\u00e9 visuelle et la [&hellip;]<\/p>\n","protected":false},"featured_media":66198,"comment_status":"open","ping_status":"closed","template":"","meta":[],"product_brand":[1656],"product_cat":[65,581,583],"product_tag":[],"class_list":{"0":"post-66199","1":"product","2":"type-product","3":"status-publish","4":"has-post-thumbnail","6":"product_brand-brandp_615","7":"product_cat-informatique-electronique","8":"product_cat-informatique-peripheriques-et-consommables","9":"product_cat-projecteurs","11":"first","12":"instock","13":"taxable","14":"shipping-taxable","15":"purchasable","16":"product-type-simple"},"_links":{"self":[{"href":"https:\/\/bigbuy.tupique.com\/en\/wp-json\/wp\/v2\/product\/66199","targetHints":{"allow":["GET"]}}],"collection":[{"href":"https:\/\/bigbuy.tupique.com\/en\/wp-json\/wp\/v2\/product"}],"about":[{"href":"https:\/\/bigbuy.tupique.com\/en\/wp-json\/wp\/v2\/types\/product"}],"replies":[{"embeddable":true,"href":"https:\/\/bigbuy.tupique.com\/en\/wp-json\/wp\/v2\/comments?post=66199"}],"wp:featuredmedia":[{"embeddable":true,"href":"https:\/\/bigbuy.tupique.com\/en\/wp-json\/wp\/v2\/media\/66198"}],"wp:attachment":[{"href":"https:\/\/bigbuy.tupique.com\/en\/wp-json\/wp\/v2\/media?parent=66199"}],"wp:term":[{"taxonomy":"product_brand","embeddable":true,"href":"https:\/\/bigbuy.tupique.com\/en\/wp-json\/wp\/v2\/product_brand?post=66199"},{"taxonomy":"product_cat","embeddable":true,"href":"https:\/\/bigbuy.tupique.com\/en\/wp-json\/wp\/v2\/product_cat?post=66199"},{"taxonomy":"product_tag","embeddable":true,"href":"https:\/\/bigbuy.tupique.com\/en\/wp-json\/wp\/v2\/product_tag?post=66199"}],"curies":[{"name":"wp","href":"https:\/\/api.w.org\/{rel}","templated":true}]}}