{"id":66074,"date":"2026-04-01T20:58:06","date_gmt":"2026-04-01T19:58:06","guid":{"rendered":"https:\/\/bigbuy.tupique.com\/produto\/virtual-reality-glasses-meta-quest-3-512g\/"},"modified":"2026-05-11T19:57:26","modified_gmt":"2026-05-11T17:57:26","slug":"virtual-reality-glasses-meta-quest-3-512g","status":"publish","type":"product","link":"https:\/\/bigbuy.tupique.com\/en\/produto\/virtual-reality-glasses-meta-quest-3-512g\/","title":{"rendered":"Lunettes de r\u00e9alit\u00e9 Virtuelle Meta QUEST 3-512G"},"content":{"rendered":"<p>Si vous \u00eates passionn\u00e9 d&#8217;<b>informatique et d&#8217;\u00e9lectronique<\/b>, si vous \u00eates \u00e0 la pointe de la technologie et qu&#8217;aucun d\u00e9tail ne vous \u00e9chappe, achetez <b>Lunettes de r\u00e9alit\u00e9 Virtuelle Meta QUEST 3-512G<\/b> au meilleur prix.<\/p>\n<ul>\n<li>Couleur: Blanc<\/li>\n<li>Connectivit\u00e9: Bluetooth<\/li>\n<li>Bloc d\u2019Alimentation: Batterie<\/li>\n<li>M\u00e9moire RAM: 8 GB RAM<\/li>\n<li>Microphone int\u00e9gr\u00e9: Oui<\/li>\n<li>Nombre de pi\u00e8ces: 1 Pi\u00e8ce<\/li>\n<li>M\u00e9moire interne:\n<ul>\n<li>512 GB<\/li>\n<li>8 MB<\/li>\n<\/ul>\n<\/li>\n<li>Type: Lunettes de r\u00e9alit\u00e9 Virtuelle<\/li>\n<li>Connexions: USB-C<\/li>\n<li>Langue: Anglais<\/li>\n<li>Piles incluses: Oui<\/li>\n<li>\u00c2ge recommand\u00e9: + 10 Ans<\/li>\n<li>Inclut:\n<ul>\n<li>Sortie d&#8217;\u00e9couteurs<\/li>\n<li>USB Type-C &#8211; USB Type-C<\/li>\n<\/ul>\n<\/li>\n<li>Non Inclus: Adaptateur AC<\/li>\n<li>Fonctionne \u00e0 piles: 1 Litio Ion, incluidas<\/li>\n<li>Caract\u00e9ristiques: Haut-parleurs int\u00e9gr\u00e9s<\/li>\n<li>Temps de charge approx.: 2,3 heures<\/li>\n<\/ul>","protected":false},"excerpt":{"rendered":"<p>Si vous \u00eates passionn\u00e9 d&#8217;informatique et d&#8217;\u00e9lectronique, si vous \u00eates \u00e0 la pointe de la technologie et qu&#8217;aucun d\u00e9tail ne vous \u00e9chappe, achetez Lunettes de r\u00e9alit\u00e9 Virtuelle Meta QUEST 3-512G au meilleur prix. Couleur: Blanc Connectivit\u00e9: Bluetooth Bloc d\u2019Alimentation: Batterie M\u00e9moire RAM: 8 GB RAM Microphone int\u00e9gr\u00e9: Oui Nombre de pi\u00e8ces: 1 Pi\u00e8ce M\u00e9moire interne: [&hellip;]<\/p>\n","protected":false},"featured_media":183983,"comment_status":"open","ping_status":"closed","template":"","meta":[],"product_brand":[1646],"product_cat":[599,598,65],"product_tag":[210],"class_list":{"0":"post-66074","1":"product","2":"type-product","3":"status-publish","4":"has-post-thumbnail","6":"product_brand-brandp_9727","7":"product_cat-cables-de-reseaux","8":"product_cat-informatique-cables-et-adaptateurs","9":"product_cat-informatique-electronique","10":"product_tag-tag_25","12":"first","13":"instock","14":"taxable","15":"shipping-taxable","16":"purchasable","17":"product-type-simple"},"_links":{"self":[{"href":"https:\/\/bigbuy.tupique.com\/en\/wp-json\/wp\/v2\/product\/66074","targetHints":{"allow":["GET"]}}],"collection":[{"href":"https:\/\/bigbuy.tupique.com\/en\/wp-json\/wp\/v2\/product"}],"about":[{"href":"https:\/\/bigbuy.tupique.com\/en\/wp-json\/wp\/v2\/types\/product"}],"replies":[{"embeddable":true,"href":"https:\/\/bigbuy.tupique.com\/en\/wp-json\/wp\/v2\/comments?post=66074"}],"wp:featuredmedia":[{"embeddable":true,"href":"https:\/\/bigbuy.tupique.com\/en\/wp-json\/wp\/v2\/media\/183983"}],"wp:attachment":[{"href":"https:\/\/bigbuy.tupique.com\/en\/wp-json\/wp\/v2\/media?parent=66074"}],"wp:term":[{"taxonomy":"product_brand","embeddable":true,"href":"https:\/\/bigbuy.tupique.com\/en\/wp-json\/wp\/v2\/product_brand?post=66074"},{"taxonomy":"product_cat","embeddable":true,"href":"https:\/\/bigbuy.tupique.com\/en\/wp-json\/wp\/v2\/product_cat?post=66074"},{"taxonomy":"product_tag","embeddable":true,"href":"https:\/\/bigbuy.tupique.com\/en\/wp-json\/wp\/v2\/product_tag?post=66074"}],"curies":[{"name":"wp","href":"https:\/\/api.w.org\/{rel}","templated":true}]}}