{"id":66072,"date":"2026-04-01T20:58:04","date_gmt":"2026-04-01T19:58:04","guid":{"rendered":"https:\/\/bigbuy.tupique.com\/produto\/oven-aeg-ou5ab20sm-72-l\/"},"modified":"2026-04-15T07:36:44","modified_gmt":"2026-04-15T06:36:44","slug":"oven-aeg-ou5ab20sm-72-l","status":"publish","type":"product","link":"https:\/\/bigbuy.tupique.com\/en\/produto\/oven-aeg-ou5ab20sm-72-l\/","title":{"rendered":"Four AEG OU5AB20SM 72 L"},"content":{"rendered":"<p>Si vous \u00eates \u00e0 la recherche de nouvelles tendances sur le march\u00e9, nous vous pr\u00e9sentons <b>Four AEG OU5AB20SM 72 L<\/b> !<\/p>\n<ul>\n<li>Produit \u00e0 brancher: Oui<\/li>\n<li>Type de four: Four<\/li>\n<li>Type de prise: Prise EU<\/li>\n<li>Caract\u00e9ristiques: Anti-trace<\/li>\n<li>Classification \u00e9nerg\u00e9tique: A+<\/li>\n<li>Capacit\u00e9: 72 L<\/li>\n<li>Couleur: Gris<\/li>\n<li>Bloc d\u2019Alimentation: r\u00e9seau \u00e9lectrique<\/li>\n<li>Grill: Oui<\/li>\n<li>Fonctions:\n<ul>\n<li>Auto-nettoyant<\/li>\n<li>Four multifonction<\/li>\n<\/ul>\n<\/li>\n<li>consommation d&#8217;\u00e9nergie: 0,81 kWh<\/li>\n<li>Nettoyage: Aqualisis<\/li>\n<li>Technologie: Multifonction<\/li>\n<li>Auto-nettoyant: Aqualisis<\/li>\n<li>Temp\u00e9rature max.: 250\u00baC<\/li>\n<li>\u00c9lev\u00e9: 59,5 cm<\/li>\n<li>Connectivit\u00e9: No<\/li>\n<li>Type d&#8217;installation: Int\u00e9gr\u00e9<\/li>\n<\/ul>","protected":false},"excerpt":{"rendered":"<p><span class=\"unit-info\">6.9582 &euro; \/ 1 l<\/span><\/p>","protected":false},"featured_media":66061,"comment_status":"open","ping_status":"closed","template":"","meta":[],"product_brand":[1386],"product_cat":[60,747,77],"product_tag":[55],"class_list":{"0":"post-66072","1":"product","2":"type-product","3":"status-publish","4":"has-post-thumbnail","6":"product_brand-brandp_679","7":"product_cat-cuisine-gourmet","8":"product_cat-fours","9":"product_cat-petit-electromenager","10":"product_tag-tag_926","12":"first","13":"instock","14":"taxable","15":"shipping-taxable","16":"purchasable","17":"product-type-simple"},"_links":{"self":[{"href":"https:\/\/bigbuy.tupique.com\/en\/wp-json\/wp\/v2\/product\/66072","targetHints":{"allow":["GET"]}}],"collection":[{"href":"https:\/\/bigbuy.tupique.com\/en\/wp-json\/wp\/v2\/product"}],"about":[{"href":"https:\/\/bigbuy.tupique.com\/en\/wp-json\/wp\/v2\/types\/product"}],"replies":[{"embeddable":true,"href":"https:\/\/bigbuy.tupique.com\/en\/wp-json\/wp\/v2\/comments?post=66072"}],"wp:featuredmedia":[{"embeddable":true,"href":"https:\/\/bigbuy.tupique.com\/en\/wp-json\/wp\/v2\/media\/66061"}],"wp:attachment":[{"href":"https:\/\/bigbuy.tupique.com\/en\/wp-json\/wp\/v2\/media?parent=66072"}],"wp:term":[{"taxonomy":"product_brand","embeddable":true,"href":"https:\/\/bigbuy.tupique.com\/en\/wp-json\/wp\/v2\/product_brand?post=66072"},{"taxonomy":"product_cat","embeddable":true,"href":"https:\/\/bigbuy.tupique.com\/en\/wp-json\/wp\/v2\/product_cat?post=66072"},{"taxonomy":"product_tag","embeddable":true,"href":"https:\/\/bigbuy.tupique.com\/en\/wp-json\/wp\/v2\/product_tag?post=66072"}],"curies":[{"name":"wp","href":"https:\/\/api.w.org\/{rel}","templated":true}]}}