{"id":65990,"date":"2026-04-01T20:55:52","date_gmt":"2026-04-01T19:55:52","guid":{"rendered":"https:\/\/bigbuy.tupique.com\/produto\/smart-washer-dryer-lg-ai-direct-drive-turbowash-360o-1400-rpm-11-kg-6-kg\/"},"modified":"2026-05-11T19:57:24","modified_gmt":"2026-05-11T17:57:24","slug":"smart-washer-dryer-lg-ai-direct-drive-turbowash-360o-1400-rpm-11-kg-6-kg","status":"publish","type":"product","link":"https:\/\/bigbuy.tupique.com\/en\/produto\/smart-washer-dryer-lg-ai-direct-drive-turbowash-360o-1400-rpm-11-kg-6-kg\/","title":{"rendered":"Laveuse-S\u00e9cheuse Intelligente LG AI Direct Drive TurboWash 360\u00ba 1400 rpm 11 kg\/6 kg"},"content":{"rendered":"<p>Si vous \u00eates \u00e0 la recherche de nouvelles tendances sur le march\u00e9, nous vous pr\u00e9sentons <b>Laveuse-S\u00e9cheuse Intelligente LG AI Direct Drive TurboWash 360\u00ba 1400 rpm 11 kg\/6 kg<\/b> !<\/p>\n<ul>\n<li>Couleur: Blanc<\/li>\n<li>Caract\u00e9ristiques:\n<ul>\n<li>T\u00e9l\u00e9commande<\/li>\n<li>Contr\u00f4le vocal<\/li>\n<li>\u00c9cran integr\u00e9<\/li>\n<li>Verrou de s\u00e9curit\u00e9<\/li>\n<\/ul>\n<\/li>\n<li>Classification \u00e9nerg\u00e9tique:\n<ul>\n<li>A<\/li>\n<li>D<\/li>\n<\/ul>\n<\/li>\n<li>Langue: Espagnol<\/li>\n<li>vitesse: 1400 rpm<\/li>\n<li>Type de prise: Prise EU<\/li>\n<li>Produit \u00e0 brancher: Oui<\/li>\n<li>Type: Laveuse &#8211; S\u00e9cheuse<\/li>\n<li>Capacit\u00e9: 11 kg\/6 kg<\/li>\n<li>Bloc d\u2019Alimentation: r\u00e9seau \u00e9lectrique<\/li>\n<\/ul>","protected":false},"excerpt":{"rendered":"<p>Si vous \u00eates \u00e0 la recherche de nouvelles tendances sur le march\u00e9, nous vous pr\u00e9sentons Laveuse-S\u00e9cheuse Intelligente LG AI Direct Drive TurboWash 360\u00ba 1400 rpm 11 kg\/6 kg ! Couleur: Blanc Caract\u00e9ristiques: T\u00e9l\u00e9commande Contr\u00f4le vocal \u00c9cran integr\u00e9 Verrou de s\u00e9curit\u00e9 Classification \u00e9nerg\u00e9tique: A D Langue: Espagnol vitesse: 1400 rpm Type de prise: Prise EU Produit [&hellip;]<\/p>\n","protected":false},"featured_media":65982,"comment_status":"open","ping_status":"closed","template":"","meta":[],"product_brand":[662],"product_cat":[239,240,751],"product_tag":[],"class_list":{"0":"post-65990","1":"product","2":"type-product","3":"status-publish","4":"has-post-thumbnail","6":"product_brand-brandp_559","7":"product_cat-maison-jardin","8":"product_cat-nettoyage-aspirateur-et-repassage","9":"product_cat-seche-linge-fers-a-repasser-sechoirs","11":"first","12":"instock","13":"taxable","14":"shipping-taxable","15":"purchasable","16":"product-type-simple"},"_links":{"self":[{"href":"https:\/\/bigbuy.tupique.com\/en\/wp-json\/wp\/v2\/product\/65990","targetHints":{"allow":["GET"]}}],"collection":[{"href":"https:\/\/bigbuy.tupique.com\/en\/wp-json\/wp\/v2\/product"}],"about":[{"href":"https:\/\/bigbuy.tupique.com\/en\/wp-json\/wp\/v2\/types\/product"}],"replies":[{"embeddable":true,"href":"https:\/\/bigbuy.tupique.com\/en\/wp-json\/wp\/v2\/comments?post=65990"}],"wp:featuredmedia":[{"embeddable":true,"href":"https:\/\/bigbuy.tupique.com\/en\/wp-json\/wp\/v2\/media\/65982"}],"wp:attachment":[{"href":"https:\/\/bigbuy.tupique.com\/en\/wp-json\/wp\/v2\/media?parent=65990"}],"wp:term":[{"taxonomy":"product_brand","embeddable":true,"href":"https:\/\/bigbuy.tupique.com\/en\/wp-json\/wp\/v2\/product_brand?post=65990"},{"taxonomy":"product_cat","embeddable":true,"href":"https:\/\/bigbuy.tupique.com\/en\/wp-json\/wp\/v2\/product_cat?post=65990"},{"taxonomy":"product_tag","embeddable":true,"href":"https:\/\/bigbuy.tupique.com\/en\/wp-json\/wp\/v2\/product_tag?post=65990"}],"curies":[{"name":"wp","href":"https:\/\/api.w.org\/{rel}","templated":true}]}}