{"id":65847,"date":"2026-04-01T20:40:25","date_gmt":"2026-04-01T19:40:25","guid":{"rendered":"https:\/\/bigbuy.tupique.com\/produto\/vinoteca-cavanova-v50gc2tn-black\/"},"modified":"2026-04-15T07:01:24","modified_gmt":"2026-04-15T06:01:24","slug":"vinoteca-cavanova-v50gc2tn-black","status":"publish","type":"product","link":"https:\/\/bigbuy.tupique.com\/en\/produto\/vinoteca-cavanova-v50gc2tn-black\/","title":{"rendered":"Bar \u00e0 Vins Cavanova V50GC2TN Noir"},"content":{"rendered":"<p>Si vous \u00eates \u00e0 la recherche de nouvelles tendances sur le march\u00e9, nous vous pr\u00e9sentons <b>Bar \u00e0 Vins Cavanova V50GC2TN Noir<\/b> !<\/p>\n<ul>\n<li>Capacit\u00e9: 50<\/li>\n<li>Couleur: Noir<\/li>\n<li>Mati\u00e8re: Verre<\/li>\n<li>Caract\u00e9ristiques:\n<ul>\n<li>\u00c9cran LCD<\/li>\n<li>Lumi\u00e8re LED<\/li>\n<li>\u00c9cran integr\u00e9<\/li>\n<li>Temp\u00e9rature r\u00e9glable<\/li>\n<li>Non-vibrant<\/li>\n<\/ul>\n<\/li>\n<li>Type d&#8217;installation: Auto-assemblage<\/li>\n<li>Classification \u00e9nerg\u00e9tique: G<\/li>\n<li>\u00c9lev\u00e9: 84,5 cm<\/li>\n<li>Portes: 1 porte<\/li>\n<\/ul>","protected":false},"excerpt":{"rendered":"<p>Si vous \u00eates \u00e0 la recherche de nouvelles tendances sur le march\u00e9, nous vous pr\u00e9sentons Bar \u00e0 Vins Cavanova V50GC2TN Noir ! Capacit\u00e9: 50 Couleur: Noir Mati\u00e8re: Verre Caract\u00e9ristiques: \u00c9cran LCD Lumi\u00e8re LED \u00c9cran integr\u00e9 Temp\u00e9rature r\u00e9glable Non-vibrant Type d&#8217;installation: Auto-assemblage Classification \u00e9nerg\u00e9tique: G \u00c9lev\u00e9: 84,5 cm Portes: 1 porte<\/p>","protected":false},"featured_media":65846,"comment_status":"open","ping_status":"closed","template":"","meta":[],"product_brand":[1553],"product_cat":[60,109,223],"product_tag":[105],"class_list":{"0":"post-65847","1":"product","2":"type-product","3":"status-publish","4":"has-post-thumbnail","6":"product_brand-brandp_2109","7":"product_cat-cuisine-gourmet","8":"product_cat-gourmet","9":"product_cat-oenologie","10":"product_tag-tag_21","12":"first","13":"instock","14":"taxable","15":"shipping-taxable","16":"purchasable","17":"product-type-simple"},"_links":{"self":[{"href":"https:\/\/bigbuy.tupique.com\/en\/wp-json\/wp\/v2\/product\/65847","targetHints":{"allow":["GET"]}}],"collection":[{"href":"https:\/\/bigbuy.tupique.com\/en\/wp-json\/wp\/v2\/product"}],"about":[{"href":"https:\/\/bigbuy.tupique.com\/en\/wp-json\/wp\/v2\/types\/product"}],"replies":[{"embeddable":true,"href":"https:\/\/bigbuy.tupique.com\/en\/wp-json\/wp\/v2\/comments?post=65847"}],"wp:featuredmedia":[{"embeddable":true,"href":"https:\/\/bigbuy.tupique.com\/en\/wp-json\/wp\/v2\/media\/65846"}],"wp:attachment":[{"href":"https:\/\/bigbuy.tupique.com\/en\/wp-json\/wp\/v2\/media?parent=65847"}],"wp:term":[{"taxonomy":"product_brand","embeddable":true,"href":"https:\/\/bigbuy.tupique.com\/en\/wp-json\/wp\/v2\/product_brand?post=65847"},{"taxonomy":"product_cat","embeddable":true,"href":"https:\/\/bigbuy.tupique.com\/en\/wp-json\/wp\/v2\/product_cat?post=65847"},{"taxonomy":"product_tag","embeddable":true,"href":"https:\/\/bigbuy.tupique.com\/en\/wp-json\/wp\/v2\/product_tag?post=65847"}],"curies":[{"name":"wp","href":"https:\/\/api.w.org\/{rel}","templated":true}]}}