{"id":65813,"date":"2026-04-01T20:39:34","date_gmt":"2026-04-01T19:39:34","guid":{"rendered":"https:\/\/bigbuy.tupique.com\/produto\/smart-washing-machine-lg-ai-direct-drive-turbowash-360-1400-rpm-60-cm-13-kg-steam\/"},"modified":"2026-05-11T19:57:24","modified_gmt":"2026-05-11T17:57:24","slug":"smart-washing-machine-lg-ai-direct-drive-turbowash-360-1400-rpm-60-cm-13-kg-steam","status":"publish","type":"product","link":"https:\/\/bigbuy.tupique.com\/en\/produto\/smart-washing-machine-lg-ai-direct-drive-turbowash-360-1400-rpm-60-cm-13-kg-steam\/","title":{"rendered":"Machine \u00e0 laver intelligente LG AI Direct Drive TurboWash 360 1400 rpm 60 cm 13 kg Vapeur"},"content":{"rendered":"<p>Si vous \u00eates \u00e0 la recherche de nouvelles tendances sur le march\u00e9, nous vous pr\u00e9sentons <b>Machine \u00e0 laver intelligente LG AI Direct Drive TurboWash 360 1400 rpm 60 cm 13 kg Vapeur<\/b> !<\/p>\n<ul>\n<li>Type: Machine \u00e0 laver<\/li>\n<li>Caract\u00e9ristiques:\n<ul>\n<li>T\u00e9l\u00e9commande<\/li>\n<li>Contr\u00f4le vocal<\/li>\n<li>Verrouillage pour enfants<\/li>\n<li>\u00c9cran integr\u00e9<\/li>\n<li>Commande tactile<\/li>\n<li>Temp\u00e9rature r\u00e9glable<\/li>\n<\/ul>\n<\/li>\n<li>Langue: Espagnol<\/li>\n<li>Type d&#8217;installation: Sous le plan de travail<\/li>\n<li>Type de prise: Prise EU<\/li>\n<li>Fonctions: Vapeur<\/li>\n<li>Produit \u00e0 brancher: Oui<\/li>\n<li>Bloc d\u2019Alimentation: r\u00e9seau \u00e9lectrique<\/li>\n<li>Classification \u00e9nerg\u00e9tique: A<\/li>\n<li>vitesse: 1400 rpm<\/li>\n<li>Couleur: Blanc<\/li>\n<li>Largeur: 60 cm<\/li>\n<li>Tension: 220 V<\/li>\n<li>Technologie: LED<\/li>\n<li>Type de charge: Frontal<\/li>\n<li>Pieds: Ajustables<\/li>\n<li>Capacit\u00e9: 13 kg<\/li>\n<\/ul>","protected":false},"excerpt":{"rendered":"<p><span class=\"unit-info\">62.6915 &euro; \/ 1 kg<\/span><\/p>","protected":false},"featured_media":65812,"comment_status":"open","ping_status":"closed","template":"","meta":[],"product_brand":[662],"product_cat":[239,240,751],"product_tag":[],"class_list":{"0":"post-65813","1":"product","2":"type-product","3":"status-publish","4":"has-post-thumbnail","6":"product_brand-brandp_559","7":"product_cat-maison-jardin","8":"product_cat-nettoyage-aspirateur-et-repassage","9":"product_cat-seche-linge-fers-a-repasser-sechoirs","11":"first","12":"instock","13":"taxable","14":"shipping-taxable","15":"purchasable","16":"product-type-simple"},"_links":{"self":[{"href":"https:\/\/bigbuy.tupique.com\/en\/wp-json\/wp\/v2\/product\/65813","targetHints":{"allow":["GET"]}}],"collection":[{"href":"https:\/\/bigbuy.tupique.com\/en\/wp-json\/wp\/v2\/product"}],"about":[{"href":"https:\/\/bigbuy.tupique.com\/en\/wp-json\/wp\/v2\/types\/product"}],"replies":[{"embeddable":true,"href":"https:\/\/bigbuy.tupique.com\/en\/wp-json\/wp\/v2\/comments?post=65813"}],"wp:featuredmedia":[{"embeddable":true,"href":"https:\/\/bigbuy.tupique.com\/en\/wp-json\/wp\/v2\/media\/65812"}],"wp:attachment":[{"href":"https:\/\/bigbuy.tupique.com\/en\/wp-json\/wp\/v2\/media?parent=65813"}],"wp:term":[{"taxonomy":"product_brand","embeddable":true,"href":"https:\/\/bigbuy.tupique.com\/en\/wp-json\/wp\/v2\/product_brand?post=65813"},{"taxonomy":"product_cat","embeddable":true,"href":"https:\/\/bigbuy.tupique.com\/en\/wp-json\/wp\/v2\/product_cat?post=65813"},{"taxonomy":"product_tag","embeddable":true,"href":"https:\/\/bigbuy.tupique.com\/en\/wp-json\/wp\/v2\/product_tag?post=65813"}],"curies":[{"name":"wp","href":"https:\/\/api.w.org\/{rel}","templated":true}]}}