{"id":65655,"date":"2026-04-01T20:25:53","date_gmt":"2026-04-01T19:25:53","guid":{"rendered":"https:\/\/bigbuy.tupique.com\/produto\/dryer-lg-rha1008nwk-8-kg\/"},"modified":"2026-04-15T06:25:26","modified_gmt":"2026-04-15T05:25:26","slug":"dryer-lg-rha1008nwk-8-kg","status":"publish","type":"product","link":"https:\/\/bigbuy.tupique.com\/en\/produto\/dryer-lg-rha1008nwk-8-kg\/","title":{"rendered":"S\u00e9cheuse LG RHA1008NWK 8 kg"},"content":{"rendered":"<p>Si vous pensez r\u00e9nover votre cuisine, achetez <b>S\u00e9cheuse LG RHA1008NWK 8 kg<\/b> et d\u00b4autres <b>produits LG<\/b> !<\/p>\n<ul>\n<li>Produit \u00e0 brancher: Oui<\/li>\n<li>Bloc d\u2019Alimentation: r\u00e9seau \u00e9lectrique<\/li>\n<li>Type: Pompe \u00e0 chaleur<\/li>\n<li>Couleur: Blanc<\/li>\n<li>Caract\u00e9ristiques:\n<ul>\n<li>\u00c9cran integr\u00e9<\/li>\n<li>Verrouillage pour enfants<\/li>\n<\/ul>\n<\/li>\n<li>Classification \u00e9nerg\u00e9tique: D<\/li>\n<li>Largeur: 60 cm<\/li>\n<li>Type d&#8217;installation: Auto-assemblage<\/li>\n<li>Technologie: LED<\/li>\n<li>Type de charge: Frontal<\/li>\n<li>Niveau sonore: 65 dB<\/li>\n<li>Type de prise: Prise EU<\/li>\n<li>Capacit\u00e9: 8 kg<\/li>\n<li>Pieds: Ajustables<\/li>\n<li>Ouverture: Frontal<\/li>\n<\/ul>","protected":false},"excerpt":{"rendered":"<p><span class=\"unit-info\">90.7488 &euro; \/ 1 kg<\/span><\/p>","protected":false},"featured_media":65650,"comment_status":"open","ping_status":"closed","template":"","meta":[],"product_brand":[662],"product_cat":[239,240,751],"product_tag":[],"class_list":{"0":"post-65655","1":"product","2":"type-product","3":"status-publish","4":"has-post-thumbnail","6":"product_brand-brandp_559","7":"product_cat-maison-jardin","8":"product_cat-nettoyage-aspirateur-et-repassage","9":"product_cat-seche-linge-fers-a-repasser-sechoirs","11":"first","12":"instock","13":"taxable","14":"shipping-taxable","15":"purchasable","16":"product-type-simple"},"_links":{"self":[{"href":"https:\/\/bigbuy.tupique.com\/en\/wp-json\/wp\/v2\/product\/65655","targetHints":{"allow":["GET"]}}],"collection":[{"href":"https:\/\/bigbuy.tupique.com\/en\/wp-json\/wp\/v2\/product"}],"about":[{"href":"https:\/\/bigbuy.tupique.com\/en\/wp-json\/wp\/v2\/types\/product"}],"replies":[{"embeddable":true,"href":"https:\/\/bigbuy.tupique.com\/en\/wp-json\/wp\/v2\/comments?post=65655"}],"wp:featuredmedia":[{"embeddable":true,"href":"https:\/\/bigbuy.tupique.com\/en\/wp-json\/wp\/v2\/media\/65650"}],"wp:attachment":[{"href":"https:\/\/bigbuy.tupique.com\/en\/wp-json\/wp\/v2\/media?parent=65655"}],"wp:term":[{"taxonomy":"product_brand","embeddable":true,"href":"https:\/\/bigbuy.tupique.com\/en\/wp-json\/wp\/v2\/product_brand?post=65655"},{"taxonomy":"product_cat","embeddable":true,"href":"https:\/\/bigbuy.tupique.com\/en\/wp-json\/wp\/v2\/product_cat?post=65655"},{"taxonomy":"product_tag","embeddable":true,"href":"https:\/\/bigbuy.tupique.com\/en\/wp-json\/wp\/v2\/product_tag?post=65655"}],"curies":[{"name":"wp","href":"https:\/\/api.w.org\/{rel}","templated":true}]}}