{"id":65562,"date":"2026-04-01T20:23:04","date_gmt":"2026-04-01T19:23:04","guid":{"rendered":"https:\/\/bigbuy.tupique.com\/produto\/drone-hoverair-x1-black\/"},"modified":"2026-05-11T19:57:20","modified_gmt":"2026-05-11T17:57:20","slug":"drone-hoverair-x1-black","status":"publish","type":"product","link":"https:\/\/bigbuy.tupique.com\/en\/produto\/drone-hoverair-x1-black\/","title":{"rendered":"Drone Hoverair X1 Noir"},"content":{"rendered":"<p>Si vous \u00eates \u00e0 la recherche de nouvelles tendances sur le march\u00e9, nous vous pr\u00e9sentons <b>Drone Hoverair X1 Noir<\/b> !<\/p>\n<ul>\n<li>R\u00e9solution (px): 1920 x 1080 px<\/li>\n<li>Capacit\u00e9: 32 GB<\/li>\n<li>Pliable: Oui<\/li>\n<li>Inclut:\n<ul>\n<li>C\u00e2ble USB<\/li>\n<li>Chargeur<\/li>\n<li>Manuel de l&#8217;utilisateur<\/li>\n<\/ul>\n<\/li>\n<li>Poids approx.: 125 g<\/li>\n<li>Stabilisateur d&#8217;image: Oui<\/li>\n<li>Capacit\u00e9 de la batterie: 1050 mAh<\/li>\n<li>Bourse de Rangement: Oui<\/li>\n<li>Nombre de batteries: 2<\/li>\n<li>Couleur: Noir<\/li>\n<li>Connectivit\u00e9: Wi-Fi<\/li>\n<li>Piles incluses: Oui<\/li>\n<li>Batterie: Oui<\/li>\n<li>M\u00e9moire RAM: 32 GB RAM<\/li>\n<\/ul>","protected":false},"excerpt":{"rendered":"<p>Si vous \u00eates \u00e0 la recherche de nouvelles tendances sur le march\u00e9, nous vous pr\u00e9sentons Drone Hoverair X1 Noir ! R\u00e9solution (px): 1920 x 1080 px Capacit\u00e9: 32 GB Pliable: Oui Inclut: C\u00e2ble USB Chargeur Manuel de l&#8217;utilisateur Poids approx.: 125 g Stabilisateur d&#8217;image: Oui Capacit\u00e9 de la batterie: 1050 mAh Bourse de Rangement: Oui [&hellip;]<\/p>\n","protected":false},"featured_media":65552,"comment_status":"open","ping_status":"closed","template":"","meta":[],"product_brand":[1650],"product_cat":[1064,600,65],"product_tag":[571],"class_list":{"0":"post-65562","1":"product","2":"type-product","3":"status-publish","4":"has-post-thumbnail","6":"product_brand-brandp_9833","7":"product_cat-appareils-photo-compacts","8":"product_cat-electronique-photo-et-video","9":"product_cat-informatique-electronique","10":"product_tag-tag_27","12":"first","13":"instock","14":"taxable","15":"shipping-taxable","16":"purchasable","17":"product-type-simple"},"_links":{"self":[{"href":"https:\/\/bigbuy.tupique.com\/en\/wp-json\/wp\/v2\/product\/65562","targetHints":{"allow":["GET"]}}],"collection":[{"href":"https:\/\/bigbuy.tupique.com\/en\/wp-json\/wp\/v2\/product"}],"about":[{"href":"https:\/\/bigbuy.tupique.com\/en\/wp-json\/wp\/v2\/types\/product"}],"replies":[{"embeddable":true,"href":"https:\/\/bigbuy.tupique.com\/en\/wp-json\/wp\/v2\/comments?post=65562"}],"wp:featuredmedia":[{"embeddable":true,"href":"https:\/\/bigbuy.tupique.com\/en\/wp-json\/wp\/v2\/media\/65552"}],"wp:attachment":[{"href":"https:\/\/bigbuy.tupique.com\/en\/wp-json\/wp\/v2\/media?parent=65562"}],"wp:term":[{"taxonomy":"product_brand","embeddable":true,"href":"https:\/\/bigbuy.tupique.com\/en\/wp-json\/wp\/v2\/product_brand?post=65562"},{"taxonomy":"product_cat","embeddable":true,"href":"https:\/\/bigbuy.tupique.com\/en\/wp-json\/wp\/v2\/product_cat?post=65562"},{"taxonomy":"product_tag","embeddable":true,"href":"https:\/\/bigbuy.tupique.com\/en\/wp-json\/wp\/v2\/product_tag?post=65562"}],"curies":[{"name":"wp","href":"https:\/\/api.w.org\/{rel}","templated":true}]}}