{"id":65347,"date":"2026-04-01T20:10:53","date_gmt":"2026-04-01T19:10:53","guid":{"rendered":"https:\/\/bigbuy.tupique.com\/produto\/smart-tv-philips-43pus8010-12-43-4k-ultra-hd-led-hdr\/"},"modified":"2026-04-15T04:46:30","modified_gmt":"2026-04-15T03:46:30","slug":"smart-tv-philips-43pus8010-12-43-4k-ultra-hd-led-hdr","status":"publish","type":"product","link":"https:\/\/bigbuy.tupique.com\/en\/produto\/smart-tv-philips-43pus8010-12-43-4k-ultra-hd-led-hdr\/","title":{"rendered":"TV intelligente Philips 43PUS8010\/12 43&#8243; 4K Ultra HD LED HDR"},"content":{"rendered":"<p>Si vous \u00eates \u00e0 la recherche de nouvelles tendances sur le march\u00e9, nous vous pr\u00e9sentons <b>TV intelligente Philips 43PUS8010\/12 43&#8243; 4K Ultra HD LED HDR<\/b> !<\/p>\n<p>Le <b>Smart TV 43\u201d<\/b> de Philips est un t\u00e9l\u00e9viseur con\u00e7u pour offrir une exp\u00e9rience visuelle avanc\u00e9e et une connectivit\u00e9 intelligente dans un format compact de <b>43 pouces<\/b>. Il dispose d\u2019une <b>r\u00e9solution 4K Ultra HD de 3840 x 2160 pixels<\/b>, qui fournit des images d\u00e9taill\u00e9es et nettes, id\u00e9ales pour regarder du contenu en haute d\u00e9finition avec un r\u00e9alisme sup\u00e9rieur au Full HD standard. Son \u00e9cran plat de couleur <b>noir<\/b> apporte un design moderne et \u00e9l\u00e9gant qui s\u2019int\u00e8gre facilement dans tout environnement. Ce mod\u00e8le int\u00e8gre un syst\u00e8me d\u2019exploitation propri\u00e9taire, <b>Titan OS<\/b>, permettant d\u2019acc\u00e9der facilement aux applications et services de streaming, am\u00e9liorant l\u2019exp\u00e9rience utilisateur gr\u00e2ce \u00e0 une navigation fluide et une personnalisation du contenu. Il int\u00e8gre la connectivit\u00e9 WiFi, facilitant la connexion \u00e0 Internet sans c\u00e2bles et offrant un espace plus propre et pratique \u00e0 la maison. Concernant la r\u00e9ception des signaux TV, le t\u00e9l\u00e9viseur est \u00e9quip\u00e9 de plusieurs types de tuners : <b>DVB-C, DVB-S, DVB-S2, DVB-T, DVB-T2 et DVB-T2 HD<\/b>, compatibles avec les signaux num\u00e9riques et analogiques, garantissant un acc\u00e8s polyvalent \u00e0 diff\u00e9rentes sources et formats terrestres, c\u00e2ble et satellite. Cette large gamme de tuners assure \u00e0 l\u2019utilisateur la r\u00e9ception d\u2019un grand nombre de cha\u00eenes sans appareils externes suppl\u00e9mentaires. De plus, il inclut des fonctions suppl\u00e9mentaires telles qu\u2019un \u00e9galiseur pour ajuster le son selon les pr\u00e9f\u00e9rences, le t\u00e9l\u00e9texte et une classification \u00e9nerg\u00e9tique <b>E<\/b>, indiquant une consommation mod\u00e9r\u00e9e dans sa cat\u00e9gorie. En r\u00e9sum\u00e9, ce t\u00e9l\u00e9viseur Philips combine une excellente qualit\u00e9 d\u2019image avec des options multifonctions de connectivit\u00e9 et r\u00e9ception, con\u00e7u pour les utilisateurs recherchant une exp\u00e9rience Smart TV compl\u00e8te dans une taille id\u00e9ale pour espaces moyens ou chambres.<\/p>\n<ul>\n<li>Diagonale de l&#8217;\u00e9cran (cm): 109,2 cm<\/li>\n<li>Caract\u00e9ristiques:\n<ul>\n<li>Capteur de lumi\u00e8re<\/li>\n<li>accesorios incluidos<\/li>\n<li>ECO<\/li>\n<li>Equalizer<\/li>\n<li>TV intelligente<\/li>\n<li>T\u00e9l\u00e9texte<\/li>\n<li>2 Haut-parleurs<\/li>\n<li>Canal de retour audio (ARC)<\/li>\n<li>\u00c9cran plat<\/li>\n<\/ul>\n<\/li>\n<li>Couleur: Noir<\/li>\n<li>TV intelligente: Oui<\/li>\n<li>VESA: 20 x 10 cm<\/li>\n<li>Ecran: 43&#8243;<\/li>\n<li>R\u00e9solution (px): 3840 x 2160 px<\/li>\n<li>Rapport d&#8217;aspect: 16:9<\/li>\n<li>Connectivit\u00e9:\n<ul>\n<li>Bluetooth<\/li>\n<li>Wi-Fi<\/li>\n<li>Bluetooth 5.2<\/li>\n<li>eARC<\/li>\n<\/ul>\n<\/li>\n<li>Classification \u00e9nerg\u00e9tique: E<\/li>\n<li>puissance: 20 W<\/li>\n<li>Compatibilit\u00e9: Google Assistant<\/li>\n<li>Technologie:\n<ul>\n<li>LED<\/li>\n<li>HDR<\/li>\n<\/ul>\n<\/li>\n<li>Compatible:\n<ul>\n<li>Amazon Alexa<\/li>\n<li>VESA 200 x 100 mm<\/li>\n<\/ul>\n<\/li>\n<li>Inclut: T\u00e9l\u00e9commande<\/li>\n<li>Fonctions: ECO<\/li>\n<li>R\u00e9solution: 4K Ultra HD<\/li>\n<li>Tension: 100 &#8211; 240 V<\/li>\n<li>Arr\u00eat Automatique: Oui<\/li>\n<li>Fr\u00e9quence d&#8217;entr\u00e9e AC: 50-60 Hz<\/li>\n<li>Connexions:\n<ul>\n<li>HDCP<\/li>\n<li>HDMI 2.1 x 1<\/li>\n<li>HDMI 1.4<\/li>\n<\/ul>\n<\/li>\n<li>R\u00e9cepteur:\n<ul>\n<li>DVB-C,DVB-S,DVB-S2,DVB-T,DVB-T2,DVB-T2 HD<\/li>\n<li>Analogique et num\u00e9rique<\/li>\n<\/ul>\n<\/li>\n<li>Cha\u00eenes: 2.0<\/li>\n<li>Fr\u00e9quence: 60 Hz<\/li>\n<li>Formats: BMP,GIF,HEIF,JPEG,PNG<\/li>\n<li>Montage: VESA<\/li>\n<\/ul>\n<p>Informations importantes: Certains services de streaming ne sont disponibles que dans certains pays ou r\u00e9gions. La disponibilit\u00e9, le contenu et les fonctionnalit\u00e9s peuvent varier en fonction de la localisation et sont susceptibles de changer. Pour obtenir des informations \u00e0 jour, consultez directement le fabricant ou le fournisseur du service..<\/p>","protected":false},"excerpt":{"rendered":"<p>Si vous \u00eates \u00e0 la recherche de nouvelles tendances sur le march\u00e9, nous vous pr\u00e9sentons TV intelligente Philips 43PUS8010\/12 43&#8243; 4K Ultra HD LED HDR ! Le Smart TV 43\u201d de Philips est un t\u00e9l\u00e9viseur con\u00e7u pour offrir une exp\u00e9rience visuelle avanc\u00e9e et une connectivit\u00e9 intelligente dans un format compact de 43 pouces. Il dispose [&hellip;]<\/p>\n","protected":false},"featured_media":65329,"comment_status":"open","ping_status":"closed","template":"","meta":[],"product_brand":[315],"product_cat":[589,65,957],"product_tag":[],"class_list":{"0":"post-65347","1":"product","2":"type-product","3":"status-publish","4":"has-post-thumbnail","6":"product_brand-brandp_571","7":"product_cat-electronique-television","8":"product_cat-informatique-electronique","9":"product_cat-televisions-et-smart-tv","11":"first","12":"instock","13":"taxable","14":"shipping-taxable","15":"purchasable","16":"product-type-simple"},"_links":{"self":[{"href":"https:\/\/bigbuy.tupique.com\/en\/wp-json\/wp\/v2\/product\/65347","targetHints":{"allow":["GET"]}}],"collection":[{"href":"https:\/\/bigbuy.tupique.com\/en\/wp-json\/wp\/v2\/product"}],"about":[{"href":"https:\/\/bigbuy.tupique.com\/en\/wp-json\/wp\/v2\/types\/product"}],"replies":[{"embeddable":true,"href":"https:\/\/bigbuy.tupique.com\/en\/wp-json\/wp\/v2\/comments?post=65347"}],"wp:featuredmedia":[{"embeddable":true,"href":"https:\/\/bigbuy.tupique.com\/en\/wp-json\/wp\/v2\/media\/65329"}],"wp:attachment":[{"href":"https:\/\/bigbuy.tupique.com\/en\/wp-json\/wp\/v2\/media?parent=65347"}],"wp:term":[{"taxonomy":"product_brand","embeddable":true,"href":"https:\/\/bigbuy.tupique.com\/en\/wp-json\/wp\/v2\/product_brand?post=65347"},{"taxonomy":"product_cat","embeddable":true,"href":"https:\/\/bigbuy.tupique.com\/en\/wp-json\/wp\/v2\/product_cat?post=65347"},{"taxonomy":"product_tag","embeddable":true,"href":"https:\/\/bigbuy.tupique.com\/en\/wp-json\/wp\/v2\/product_tag?post=65347"}],"curies":[{"name":"wp","href":"https:\/\/api.w.org\/{rel}","templated":true}]}}