{"id":65307,"date":"2026-04-01T20:09:41","date_gmt":"2026-04-01T19:09:41","guid":{"rendered":"https:\/\/bigbuy.tupique.com\/produto\/smart-tv-samsung-tq55qn90fatxxc-55-55-4k-ultra-hd-4k-ultra-hd-hdr-neo-qled-hdr-neo-qled\/"},"modified":"2026-04-15T04:45:54","modified_gmt":"2026-04-15T03:45:54","slug":"smart-tv-samsung-tq55qn90fatxxc-55-55-4k-ultra-hd-4k-ultra-hd-hdr-neo-qled-hdr-neo-qled","status":"publish","type":"product","link":"https:\/\/bigbuy.tupique.com\/en\/produto\/smart-tv-samsung-tq55qn90fatxxc-55-55-4k-ultra-hd-4k-ultra-hd-hdr-neo-qled-hdr-neo-qled\/","title":{"rendered":"TV intelligente Samsung TQ55QN90FATXXC 55&#8243; (55&#8243;) 4K Ultra HD (4K Ultra HD) HDR Neo QLED (HDR) (Neo QLED)"},"content":{"rendered":"<p>Si vous \u00eates \u00e0 la recherche de nouvelles tendances sur le march\u00e9, nous vous pr\u00e9sentons <b>TV intelligente Samsung TQ55QN90FATXXC 55&#8243; (55&#8243;) 4K Ultra HD (4K Ultra HD) HDR Neo QLED (HDR) (Neo QLED)<\/b> !<\/p>\n<ul>\n<li>Connectivit\u00e9:\n<ul>\n<li>Wi-Fi<\/li>\n<li>Bluetooth<\/li>\n<li>Interface commune<\/li>\n<li>Anynet+<\/li>\n<li>Bluetooth 5.3<\/li>\n<li>eARC<\/li>\n<\/ul>\n<\/li>\n<li>R\u00e9solution (px): 3840 x 2160 px<\/li>\n<li>Couleur: Noir<\/li>\n<li>Caract\u00e9ristiques:\n<ul>\n<li>Navigation web<\/li>\n<li>ECO<\/li>\n<li>TV intelligente<\/li>\n<li>Guide \u00e9lectronique des programmes (EPG)<\/li>\n<li>Firmware \u00e9volutif<\/li>\n<li>Apple AirPlay 2<\/li>\n<li>Fonction sous-titre<\/li>\n<li>Guide vocal<\/li>\n<li>\u00c9cran plat<\/li>\n<\/ul>\n<\/li>\n<li>Connexions:\n<ul>\n<li>USB 2.0<\/li>\n<li>RJ45<\/li>\n<li>Ethernet LAN<\/li>\n<li>RF x 2<\/li>\n<li>CI+<\/li>\n<li>CI+ 1.4 x 1<\/li>\n<li>RS-232C x 1<\/li>\n<li>HDMI x 4<\/li>\n<\/ul>\n<\/li>\n<li>Fonctions: Navigation<\/li>\n<li>Rapport d&#8217;aspect: 16:9<\/li>\n<li>Classification \u00e9nerg\u00e9tique: F<\/li>\n<li>Syst\u00e8me d&#8217;exploitation: Tizen<\/li>\n<li>Compatibilit\u00e9: Google Assistant<\/li>\n<li>Bloc d\u2019Alimentation: Cordon d&#8217;alimentation CA<\/li>\n<li>TV intelligente: Oui<\/li>\n<li>Ecran: 55&#8243;<\/li>\n<li>Compatible:\n<ul>\n<li>Amazon Alexa<\/li>\n<li>Bixby<\/li>\n<\/ul>\n<\/li>\n<li>Inclut: T\u00e9l\u00e9commande<\/li>\n<li>VESA: 20 x 20 cm<\/li>\n<li>R\u00e9cepteur:\n<ul>\n<li>DVB-C,DVB-S2,DVB-T2<\/li>\n<li>Analogique et num\u00e9rique<\/li>\n<\/ul>\n<\/li>\n<li>Technologie:\n<ul>\n<li>HDR<\/li>\n<li>Neo QLED<\/li>\n<\/ul>\n<\/li>\n<li>R\u00e9solution: 4K Ultra HD<\/li>\n<li>Arr\u00eat Automatique: Oui<\/li>\n<li>Fr\u00e9quence d&#8217;entr\u00e9e AC: 50-60 Hz<\/li>\n<li>Audio: Dolby Atmos<\/li>\n<li>Tension: 220-240 V<\/li>\n<li>puissance: 60 W<\/li>\n<li>Fr\u00e9quence: 120 Hz<\/li>\n<li>Montage: VESA<\/li>\n<li>Diagonale de l&#8217;\u00e9cran (cm): 139,7 cm<\/li>\n<\/ul>","protected":false},"excerpt":{"rendered":"<p>Si vous \u00eates \u00e0 la recherche de nouvelles tendances sur le march\u00e9, nous vous pr\u00e9sentons TV intelligente Samsung TQ55QN90FATXXC 55&#8243; (55&#8243;) 4K Ultra HD (4K Ultra HD) HDR Neo QLED (HDR) (Neo QLED) ! Connectivit\u00e9: Wi-Fi Bluetooth Interface commune Anynet+ Bluetooth 5.3 eARC R\u00e9solution (px): 3840 x 2160 px Couleur: Noir Caract\u00e9ristiques: Navigation web ECO [&hellip;]<\/p>\n","protected":false},"featured_media":65294,"comment_status":"open","ping_status":"closed","template":"","meta":[],"product_brand":[183],"product_cat":[589,65,957],"product_tag":[],"class_list":{"0":"post-65307","1":"product","2":"type-product","3":"status-publish","4":"has-post-thumbnail","6":"product_brand-brandp_576","7":"product_cat-electronique-television","8":"product_cat-informatique-electronique","9":"product_cat-televisions-et-smart-tv","11":"first","12":"instock","13":"taxable","14":"shipping-taxable","15":"purchasable","16":"product-type-simple"},"_links":{"self":[{"href":"https:\/\/bigbuy.tupique.com\/en\/wp-json\/wp\/v2\/product\/65307","targetHints":{"allow":["GET"]}}],"collection":[{"href":"https:\/\/bigbuy.tupique.com\/en\/wp-json\/wp\/v2\/product"}],"about":[{"href":"https:\/\/bigbuy.tupique.com\/en\/wp-json\/wp\/v2\/types\/product"}],"replies":[{"embeddable":true,"href":"https:\/\/bigbuy.tupique.com\/en\/wp-json\/wp\/v2\/comments?post=65307"}],"wp:featuredmedia":[{"embeddable":true,"href":"https:\/\/bigbuy.tupique.com\/en\/wp-json\/wp\/v2\/media\/65294"}],"wp:attachment":[{"href":"https:\/\/bigbuy.tupique.com\/en\/wp-json\/wp\/v2\/media?parent=65307"}],"wp:term":[{"taxonomy":"product_brand","embeddable":true,"href":"https:\/\/bigbuy.tupique.com\/en\/wp-json\/wp\/v2\/product_brand?post=65307"},{"taxonomy":"product_cat","embeddable":true,"href":"https:\/\/bigbuy.tupique.com\/en\/wp-json\/wp\/v2\/product_cat?post=65307"},{"taxonomy":"product_tag","embeddable":true,"href":"https:\/\/bigbuy.tupique.com\/en\/wp-json\/wp\/v2\/product_tag?post=65307"}],"curies":[{"name":"wp","href":"https:\/\/api.w.org\/{rel}","templated":true}]}}