{"id":65293,"date":"2026-04-01T20:09:18","date_gmt":"2026-04-01T19:09:18","guid":{"rendered":"https:\/\/bigbuy.tupique.com\/produto\/smart-tv-lg-65qned93a6a-65-4k-ultra-hd-led-hdr-amd-freesync-qned\/"},"modified":"2026-05-11T19:57:05","modified_gmt":"2026-05-11T17:57:05","slug":"smart-tv-lg-65qned93a6a-65-4k-ultra-hd-led-hdr-amd-freesync-qned","status":"publish","type":"product","link":"https:\/\/bigbuy.tupique.com\/en\/produto\/smart-tv-lg-65qned93a6a-65-4k-ultra-hd-led-hdr-amd-freesync-qned\/","title":{"rendered":"TV intelligente LG 65QNED93A6A 65&#8243; 4K Ultra HD LED HDR AMD FreeSync QNED"},"content":{"rendered":"<p>Si vous \u00eates passionn\u00e9 d&#8217;<b>informatique et d&#8217;\u00e9lectronique<\/b>, si vous \u00eates \u00e0 la pointe de la technologie et qu&#8217;aucun d\u00e9tail ne vous \u00e9chappe, achetez <b>TV intelligente LG 65QNED93A6A 65&#8243; 4K Ultra HD LED HDR AMD FreeSync QNED<\/b> au meilleur prix.<\/p>\n<p>La <b>Smart TV de 65&#8243;<\/b> de LG est une t\u00e9l\u00e9vision con\u00e7ue pour offrir une exp\u00e9rience visuelle avanc\u00e9e avec une <b>r\u00e9solution 4K Ultra HD (3840 x 2160 pixels)<\/b>, garantissant des images nettes et d\u00e9taill\u00e9es. Son <b>\u00e9cran plat<\/b> de 65 pouces offre une taille id\u00e9ale pour profiter de contenus multim\u00e9dias, de retransmissions sportives ou cin\u00e9matographiques avec des couleurs profondes et des contrastes \u00e9quilibr\u00e9s dans un design \u00e9l\u00e9gant et minimaliste en <b>noir<\/b>. Cette t\u00e9l\u00e9vision se distingue par son syst\u00e8me d\u2019exploitation <b>WebOS<\/b>, qui facilite l\u2019acc\u00e8s \u00e0 de nombreuses applications et services de streaming de mani\u00e8re intuitive et rapide, am\u00e9liorant l\u2019exp\u00e9rience intelligente. Elle int\u00e8gre \u00e9galement la connectivit\u00e9 Wi-Fi, permettant une connexion sans fil \u00e0 Internet pour naviguer, lire du contenu en ligne et mettre \u00e0 jour les applications sans c\u00e2bles. C\u00f4t\u00e9 son, elle offre une puissance estim\u00e9e \u00e0 <b>40W RMS<\/b>, capable de fournir un son clair et immersif qui compl\u00e8te la qualit\u00e9 d\u2019image. Parmi ses fonctions techniques figure <b>AMD FreeSync<\/b>, une technologie assurant une reproduction fluide et sans interruptions lors de sc\u00e8nes \u00e0 mouvements rapides, id\u00e9ale pour les jeux vid\u00e9o et le sport. Ce mod\u00e8le dispose d\u2019un syst\u00e8me complet de syntonisation compatible avec les signaux <b>analogiques et num\u00e9riques DVB-C, DVB-S, DVB-S2, DVB-T et DVB-T2<\/b>, garantissant la r\u00e9ception de la plupart des cha\u00eenes terrestres, c\u00e2bl\u00e9es et satellite, s\u2019adaptant \u00e0 diverses sources. Sa classification \u00e9nerg\u00e9tique est <b>G<\/b>, ce qui m\u00e9rite d\u2019\u00eatre pris en compte en termes de consommation. L\u2019association d\u2019un \u00e9cran haute d\u00e9finition, d\u2019une connectivit\u00e9 polyvalente et de fonctions intelligentes fait de ce t\u00e9l\u00e9viseur LG une option adapt\u00e9e aux utilisateurs recherchant un \u00e9quilibre entre qualit\u00e9 d\u2019image, performances technologiques et taille. Dans l\u2019ensemble, ce t\u00e9l\u00e9viseur repr\u00e9sente une solution solide pour ceux qui souhaitent profiter de contenus num\u00e9riques sur un grand format avec des sp\u00e9cifications techniques actuelles.<\/p>\n<ul>\n<li>Diagonale de l&#8217;\u00e9cran (cm):\n<ul>\n<li>165,1 cm<\/li>\n<li>162,6 cm<\/li>\n<\/ul>\n<\/li>\n<li>Connectivit\u00e9:\n<ul>\n<li>Wi-Fi<\/li>\n<li>Bluetooth<\/li>\n<li>Interface commune<\/li>\n<li>Wi-Fi 6 GHz<\/li>\n<li>Bluetooth 5.3<\/li>\n<li>eARC<\/li>\n<\/ul>\n<\/li>\n<li>Son: 40 W<\/li>\n<li>R\u00e9solution (px): 3840 x 2160 px<\/li>\n<li>Couleur: Noir<\/li>\n<li>Caract\u00e9ristiques:\n<ul>\n<li>Navigation web<\/li>\n<li>ECO<\/li>\n<li>TV intelligente<\/li>\n<li>T\u00e9l\u00e9texte<\/li>\n<li>Guide \u00e9lectronique des programmes (EPG)<\/li>\n<li>Apple AirPlay 2<\/li>\n<li>4 Haut-parleurs<\/li>\n<li>Fonction sous-titre<\/li>\n<li>Canal de retour audio (ARC)<\/li>\n<li>Guide vocal<\/li>\n<li>\u00c9cran plat<\/li>\n<\/ul>\n<\/li>\n<li>Connexions:\n<ul>\n<li>USB 2.0<\/li>\n<li>RJ45<\/li>\n<li>Ethernet LAN<\/li>\n<li>RF x 2<\/li>\n<li>CI+<\/li>\n<li>CI+ 1.4 x 1<\/li>\n<li>HDMI 2.1 x 1<\/li>\n<li>HDMI x 4<\/li>\n<\/ul>\n<\/li>\n<li>Rapport d&#8217;aspect: 16:9<\/li>\n<li>Classification \u00e9nerg\u00e9tique: G<\/li>\n<li>Syst\u00e8me d&#8217;exploitation: webOS<\/li>\n<li>Compatibilit\u00e9: Google Assistant<\/li>\n<li>Bloc d\u2019Alimentation: Cordon d&#8217;alimentation CA<\/li>\n<li>Technologie:\n<ul>\n<li>LED<\/li>\n<li>HDR<\/li>\n<li>AMD FreeSync<\/li>\n<li>QNED<\/li>\n<\/ul>\n<\/li>\n<li>Puissance RMS:\n<ul>\n<li>20 W<\/li>\n<li>40 W<\/li>\n<\/ul>\n<\/li>\n<li>TV intelligente: Oui<\/li>\n<li>Ecran: 65&#8243;<\/li>\n<li>Inclut:\n<ul>\n<li>T\u00e9l\u00e9commande<\/li>\n<li>Subwoofer<\/li>\n<\/ul>\n<\/li>\n<li>Processeur: Quad Core<\/li>\n<li>R\u00e9cepteur:\n<ul>\n<li>DVB-C,DVB-S,DVB-S2,DVB-T,DVB-T2<\/li>\n<li>Analogique et num\u00e9rique<\/li>\n<\/ul>\n<\/li>\n<li>R\u00e9solution: 4K Ultra HD<\/li>\n<li>Fr\u00e9quence d&#8217;entr\u00e9e AC: 50-60 Hz<\/li>\n<li>Fr\u00e9quence: 120 Hz<\/li>\n<li>Tension d&#8217;entr\u00e9e AC: 100 &#8211; 240 V<\/li>\n<li>Montage: VESA<\/li>\n<li>Compatible: VESA 400 x 300<\/li>\n<\/ul>","protected":false},"excerpt":{"rendered":"<p>Si vous \u00eates passionn\u00e9 d&#8217;informatique et d&#8217;\u00e9lectronique, si vous \u00eates \u00e0 la pointe de la technologie et qu&#8217;aucun d\u00e9tail ne vous \u00e9chappe, achetez TV intelligente LG 65QNED93A6A 65&#8243; 4K Ultra HD LED HDR AMD FreeSync QNED au meilleur prix. La Smart TV de 65&#8243; de LG est une t\u00e9l\u00e9vision con\u00e7ue pour offrir une exp\u00e9rience visuelle [&hellip;]<\/p>\n","protected":false},"featured_media":65292,"comment_status":"open","ping_status":"closed","template":"","meta":[],"product_brand":[662],"product_cat":[589,65,957],"product_tag":[],"class_list":{"0":"post-65293","1":"product","2":"type-product","3":"status-publish","4":"has-post-thumbnail","6":"product_brand-brandp_559","7":"product_cat-electronique-television","8":"product_cat-informatique-electronique","9":"product_cat-televisions-et-smart-tv","11":"first","12":"instock","13":"taxable","14":"shipping-taxable","15":"purchasable","16":"product-type-simple"},"_links":{"self":[{"href":"https:\/\/bigbuy.tupique.com\/en\/wp-json\/wp\/v2\/product\/65293","targetHints":{"allow":["GET"]}}],"collection":[{"href":"https:\/\/bigbuy.tupique.com\/en\/wp-json\/wp\/v2\/product"}],"about":[{"href":"https:\/\/bigbuy.tupique.com\/en\/wp-json\/wp\/v2\/types\/product"}],"replies":[{"embeddable":true,"href":"https:\/\/bigbuy.tupique.com\/en\/wp-json\/wp\/v2\/comments?post=65293"}],"wp:featuredmedia":[{"embeddable":true,"href":"https:\/\/bigbuy.tupique.com\/en\/wp-json\/wp\/v2\/media\/65292"}],"wp:attachment":[{"href":"https:\/\/bigbuy.tupique.com\/en\/wp-json\/wp\/v2\/media?parent=65293"}],"wp:term":[{"taxonomy":"product_brand","embeddable":true,"href":"https:\/\/bigbuy.tupique.com\/en\/wp-json\/wp\/v2\/product_brand?post=65293"},{"taxonomy":"product_cat","embeddable":true,"href":"https:\/\/bigbuy.tupique.com\/en\/wp-json\/wp\/v2\/product_cat?post=65293"},{"taxonomy":"product_tag","embeddable":true,"href":"https:\/\/bigbuy.tupique.com\/en\/wp-json\/wp\/v2\/product_tag?post=65293"}],"curies":[{"name":"wp","href":"https:\/\/api.w.org\/{rel}","templated":true}]}}