{"id":65291,"date":"2026-04-01T20:09:15","date_gmt":"2026-04-01T19:09:15","guid":{"rendered":"https:\/\/bigbuy.tupique.com\/produto\/smart-tv-lg-oled55c54la-4k-ultra-hd-4k-ultra-hd-55-55-hdr-oled-hdr-oled\/"},"modified":"2026-04-15T04:33:30","modified_gmt":"2026-04-15T03:33:30","slug":"smart-tv-lg-oled55c54la-4k-ultra-hd-4k-ultra-hd-55-55-hdr-oled-hdr-oled","status":"publish","type":"product","link":"https:\/\/bigbuy.tupique.com\/en\/produto\/smart-tv-lg-oled55c54la-4k-ultra-hd-4k-ultra-hd-55-55-hdr-oled-hdr-oled\/","title":{"rendered":"TV intelligente LG OLED55C54LA 4K Ultra HD (4K Ultra HD) 55&#8243; (55&#8243;) HDR OLED (HDR) (OLED)"},"content":{"rendered":"<p>Si vous \u00eates passionn\u00e9 d&#8217;<b>informatique et d&#8217;\u00e9lectronique<\/b>, si vous \u00eates \u00e0 la pointe de la technologie et qu&#8217;aucun d\u00e9tail ne vous \u00e9chappe, achetez <b>TV intelligente LG OLED55C54LA 4K Ultra HD (4K Ultra HD) 55&#8243; (55&#8243;) HDR OLED (HDR) (OLED)<\/b> au meilleur prix.<\/p>\n<p>Le <b>LG OLED55C54LA<\/b> est un <b>Smart TV<\/b> de 55 pouces offrant une exp\u00e9rience visuelle de haute qualit\u00e9 gr\u00e2ce \u00e0 sa technologie OLED avanc\u00e9e qui garantit des noirs profonds et des couleurs intenses avec un contraste exceptionnel. Ce t\u00e9l\u00e9viseur dispose d\u2019une <b>r\u00e9solution 4K Ultra HD (3840 x 2160 pixels)<\/b>, assurant des images nettes et d\u00e9taill\u00e9es, id\u00e9ales pour profiter de films, s\u00e9ries ou jeux vid\u00e9o en qualit\u00e9 sup\u00e9rieure. Son \u00e9cran est <b>plat avec un format 16:9<\/b>, adapt\u00e9 \u00e0 la majorit\u00e9 des contenus audiovisuels actuels. \u00c9quip\u00e9 d\u2019un syst\u00e8me complet de tuners <b>DVB-C, DVB-S, DVB-S2, DVB-T et DVB-T2<\/b>, il permet la r\u00e9ception de signaux analogiques et num\u00e9riques, offrant une grande polyvalence pour acc\u00e9der aux cha\u00eenes terrestres, c\u00e2ble ou satellite sans \u00e9quipements externes suppl\u00e9mentaires. Il int\u00e8gre \u00e9galement une connectivit\u00e9 sans fil via <b>Wi-Fi<\/b> et <b>Bluetooth<\/b>, facilitant la connexion aux r\u00e9seaux domestiques pour naviguer sur Internet ou connecter des appareils compatibles, \u00e9largissant ses fonctions multim\u00e9dias. Ce mod\u00e8le fonctionne sous le syst\u00e8me d\u2019exploitation <b>WebOS version 25<\/b>, qui propose une interface intuitive et un acc\u00e8s aux principales applications et services en ligne, en faisant un v\u00e9ritable Smart TV. C\u00f4t\u00e9 audio, il offre une puissance RMS estim\u00e9e \u00e0 <b>40W<\/b>, suffisante pour un son clair et immersif sans besoin d\u2019\u00e9quipements externes. Le LG OLED55C54LA est aussi compatible avec des technologies avanc\u00e9es pour jeux et vid\u00e9o telles que <b>AMD FreeSync<\/b> et <b>NVIDIA G-SYNC<\/b>, assurant une exp\u00e9rience fluide en \u00e9liminant les d\u00e9chirures d\u2019image et en am\u00e9liorant la synchronisation entre console ou PC et \u00e9cran. Avec un design \u00e9l\u00e9gant en couleur <b>noir<\/b>, ce t\u00e9l\u00e9viseur allie performances techniques et finition sobre, s\u2019adaptant \u00e0 tout environnement. En r\u00e9sum\u00e9, ce t\u00e9l\u00e9viseur LG offre un excellent \u00e9quilibre entre qualit\u00e9 d\u2019image, connectivit\u00e9 et performance, se positionnant comme une solution multim\u00e9dia compl\u00e8te et haute d\u00e9finition.<\/p>\n<ul>\n<li>Diagonale de l&#8217;\u00e9cran (cm):\n<ul>\n<li>139,7 cm<\/li>\n<li>137,2 cm<\/li>\n<\/ul>\n<\/li>\n<li>Ecran: 55&#8243;<\/li>\n<li>Son: 40 W<\/li>\n<li>R\u00e9solution (px): 3840 x 2160 px<\/li>\n<li>Couleur: Noir<\/li>\n<li>Caract\u00e9ristiques:\n<ul>\n<li>Navigation web<\/li>\n<li>TV intelligente<\/li>\n<li>Apple AirPlay 2<\/li>\n<li>\u00c9cran plat<\/li>\n<\/ul>\n<\/li>\n<li>Rapport d&#8217;aspect: 16:9<\/li>\n<li>Connectivit\u00e9:\n<ul>\n<li>Bluetooth<\/li>\n<li>Wi-Fi<\/li>\n<li>Interface commune<\/li>\n<li>Bluetooth 5.3<\/li>\n<li>eARC<\/li>\n<\/ul>\n<\/li>\n<li>Classification \u00e9nerg\u00e9tique: F<\/li>\n<li>Bloc d\u2019Alimentation: Cordon d&#8217;alimentation CA<\/li>\n<li>TV intelligente: Oui<\/li>\n<li>Connexions:\n<ul>\n<li>RJ45<\/li>\n<li>Ethernet LAN<\/li>\n<li>RF x 2<\/li>\n<li>USB-A 3.2<\/li>\n<li>HDMI x 4<\/li>\n<\/ul>\n<\/li>\n<li>Inclut:\n<ul>\n<li>T\u00e9l\u00e9commande<\/li>\n<li>Subwoofer<\/li>\n<\/ul>\n<\/li>\n<li>VESA: 30 x 20 cm<\/li>\n<li>R\u00e9cepteur:\n<ul>\n<li>DVB-C,DVB-S,DVB-S2,DVB-T,DVB-T2<\/li>\n<li>Analogique et num\u00e9rique<\/li>\n<\/ul>\n<\/li>\n<li>Technologie:\n<ul>\n<li>HDR<\/li>\n<li>OLED<\/li>\n<\/ul>\n<\/li>\n<li>R\u00e9solution: 4K Ultra HD<\/li>\n<li>Tension: 100 &#8211; 240 V<\/li>\n<li>Fr\u00e9quence d&#8217;entr\u00e9e AC: 50-60 Hz<\/li>\n<li>Fr\u00e9quence: 120 Hz<\/li>\n<li>Montage: VESA<\/li>\n<li>Puissance RMS: 40 W<\/li>\n<\/ul>","protected":false},"excerpt":{"rendered":"<p>Si vous \u00eates passionn\u00e9 d&#8217;informatique et d&#8217;\u00e9lectronique, si vous \u00eates \u00e0 la pointe de la technologie et qu&#8217;aucun d\u00e9tail ne vous \u00e9chappe, achetez TV intelligente LG OLED55C54LA 4K Ultra HD (4K Ultra HD) 55&#8243; (55&#8243;) HDR OLED (HDR) (OLED) au meilleur prix. Le LG OLED55C54LA est un Smart TV de 55 pouces offrant une exp\u00e9rience [&hellip;]<\/p>\n","protected":false},"featured_media":65282,"comment_status":"open","ping_status":"closed","template":"","meta":[],"product_brand":[662],"product_cat":[589,65,957],"product_tag":[104],"class_list":{"0":"post-65291","1":"product","2":"type-product","3":"status-publish","4":"has-post-thumbnail","6":"product_brand-brandp_559","7":"product_cat-electronique-television","8":"product_cat-informatique-electronique","9":"product_cat-televisions-et-smart-tv","10":"product_tag-tag_1279","12":"first","13":"instock","14":"taxable","15":"shipping-taxable","16":"purchasable","17":"product-type-simple"},"_links":{"self":[{"href":"https:\/\/bigbuy.tupique.com\/en\/wp-json\/wp\/v2\/product\/65291","targetHints":{"allow":["GET"]}}],"collection":[{"href":"https:\/\/bigbuy.tupique.com\/en\/wp-json\/wp\/v2\/product"}],"about":[{"href":"https:\/\/bigbuy.tupique.com\/en\/wp-json\/wp\/v2\/types\/product"}],"replies":[{"embeddable":true,"href":"https:\/\/bigbuy.tupique.com\/en\/wp-json\/wp\/v2\/comments?post=65291"}],"wp:featuredmedia":[{"embeddable":true,"href":"https:\/\/bigbuy.tupique.com\/en\/wp-json\/wp\/v2\/media\/65282"}],"wp:attachment":[{"href":"https:\/\/bigbuy.tupique.com\/en\/wp-json\/wp\/v2\/media?parent=65291"}],"wp:term":[{"taxonomy":"product_brand","embeddable":true,"href":"https:\/\/bigbuy.tupique.com\/en\/wp-json\/wp\/v2\/product_brand?post=65291"},{"taxonomy":"product_cat","embeddable":true,"href":"https:\/\/bigbuy.tupique.com\/en\/wp-json\/wp\/v2\/product_cat?post=65291"},{"taxonomy":"product_tag","embeddable":true,"href":"https:\/\/bigbuy.tupique.com\/en\/wp-json\/wp\/v2\/product_tag?post=65291"}],"curies":[{"name":"wp","href":"https:\/\/api.w.org\/{rel}","templated":true}]}}