{"id":65132,"date":"2026-04-01T19:56:34","date_gmt":"2026-04-01T18:56:34","guid":{"rendered":"https:\/\/bigbuy.tupique.com\/produto\/air-conditioning-daitsu-electric-ds-24ktp-white-a-a-6800-w-6000-fg-h\/"},"modified":"2026-05-11T19:56:56","modified_gmt":"2026-05-11T17:56:56","slug":"air-conditioning-daitsu-electric-ds-24ktp-white-a-a-6800-w-6000-fg-h","status":"publish","type":"product","link":"https:\/\/bigbuy.tupique.com\/en\/produto\/air-conditioning-daitsu-electric-ds-24ktp-white-a-a-6800-w-6000-fg-h\/","title":{"rendered":"Air Conditionn\u00e9 DAITSU ELECTRIC DS-24KTP Blanc A+\/A+ 6800 W 6000 fg\/h"},"content":{"rendered":"<p>Si vous \u00eates \u00e0 la recherche de nouvelles tendances sur le march\u00e9, nous vous pr\u00e9sentons <b>Air Conditionn\u00e9 DAITSU ELECTRIC DS-24KTP Blanc A+\/A+ 6800 W 6000 fg\/h<\/b> !<\/p>\n<ul>\n<li>Couleur: Blanc<\/li>\n<li>Mati\u00e8re: Plastique<\/li>\n<li>Caract\u00e9ristiques:\n<ul>\n<li>T\u00e9l\u00e9commande<\/li>\n<li>Minuterie<\/li>\n<li>\u00c9cran LED<\/li>\n<li>Syst\u00e8me de ventilation<\/li>\n<li>Auto-nettoyant<\/li>\n<li>Interrupteur marche\/arr\u00eat<\/li>\n<li>Contr\u00f4le vocal<\/li>\n<li>Connectivit\u00e9 des applications mobiles<\/li>\n<li>Int\u00e9rieur<\/li>\n<li>Garantie<\/li>\n<li>Facile \u00e0 monter<\/li>\n<li>Facilit\u00e9 d&#8217;utilisation<\/li>\n<\/ul>\n<\/li>\n<li>Connectivit\u00e9: Wi-Fi<\/li>\n<li>puissance: 6800 W<\/li>\n<li>Classification \u00e9nerg\u00e9tique: A+\/A+<\/li>\n<li>Technologie: Split Inverter<\/li>\n<li>Gaz: R32<\/li>\n<li>Niveau sonore: 20-55 dB<\/li>\n<li>R\u00e9frig\u00e9rant: R-410<\/li>\n<li>Puissance frigorifique: 6000 fg\/h<\/li>\n<\/ul>","protected":false},"excerpt":{"rendered":"<p>Si vous \u00eates \u00e0 la recherche de nouvelles tendances sur le march\u00e9, nous vous pr\u00e9sentons Air Conditionn\u00e9 DAITSU ELECTRIC DS-24KTP Blanc A+\/A+ 6800 W 6000 fg\/h ! Couleur: Blanc Mati\u00e8re: Plastique Caract\u00e9ristiques: T\u00e9l\u00e9commande Minuterie \u00c9cran LED Syst\u00e8me de ventilation Auto-nettoyant Interrupteur marche\/arr\u00eat Contr\u00f4le vocal Connectivit\u00e9 des applications mobiles Int\u00e9rieur Garantie Facile \u00e0 monter Facilit\u00e9 d&#8217;utilisation [&hellip;]<\/p>\n","protected":false},"featured_media":65131,"comment_status":"open","ping_status":"closed","template":"","meta":[],"product_brand":[1548],"product_cat":[732,1334,239],"product_tag":[721,210],"class_list":{"0":"post-65132","1":"product","2":"type-product","3":"status-publish","4":"has-post-thumbnail","6":"product_brand-brandp_1177","7":"product_cat-climatisation-et-chauffage","8":"product_cat-climatiseurs-et-ventilateurs","9":"product_cat-maison-jardin","10":"product_tag-tag_124","11":"product_tag-tag_25","13":"first","14":"instock","15":"taxable","16":"shipping-taxable","17":"purchasable","18":"product-type-simple"},"_links":{"self":[{"href":"https:\/\/bigbuy.tupique.com\/en\/wp-json\/wp\/v2\/product\/65132","targetHints":{"allow":["GET"]}}],"collection":[{"href":"https:\/\/bigbuy.tupique.com\/en\/wp-json\/wp\/v2\/product"}],"about":[{"href":"https:\/\/bigbuy.tupique.com\/en\/wp-json\/wp\/v2\/types\/product"}],"replies":[{"embeddable":true,"href":"https:\/\/bigbuy.tupique.com\/en\/wp-json\/wp\/v2\/comments?post=65132"}],"wp:featuredmedia":[{"embeddable":true,"href":"https:\/\/bigbuy.tupique.com\/en\/wp-json\/wp\/v2\/media\/65131"}],"wp:attachment":[{"href":"https:\/\/bigbuy.tupique.com\/en\/wp-json\/wp\/v2\/media?parent=65132"}],"wp:term":[{"taxonomy":"product_brand","embeddable":true,"href":"https:\/\/bigbuy.tupique.com\/en\/wp-json\/wp\/v2\/product_brand?post=65132"},{"taxonomy":"product_cat","embeddable":true,"href":"https:\/\/bigbuy.tupique.com\/en\/wp-json\/wp\/v2\/product_cat?post=65132"},{"taxonomy":"product_tag","embeddable":true,"href":"https:\/\/bigbuy.tupique.com\/en\/wp-json\/wp\/v2\/product_tag?post=65132"}],"curies":[{"name":"wp","href":"https:\/\/api.w.org\/{rel}","templated":true}]}}