{"id":65130,"date":"2026-04-01T19:56:32","date_gmt":"2026-04-01T18:56:32","guid":{"rendered":"https:\/\/bigbuy.tupique.com\/produto\/air-conditioning-daitsu-electric-3nda04595-white-a-a-12000-w-4385-fg-h\/"},"modified":"2026-04-15T07:38:58","modified_gmt":"2026-04-15T06:38:58","slug":"air-conditioning-daitsu-electric-3nda04595-white-a-a-12000-w-4385-fg-h","status":"publish","type":"product","link":"https:\/\/bigbuy.tupique.com\/en\/produto\/air-conditioning-daitsu-electric-3nda04595-white-a-a-12000-w-4385-fg-h\/","title":{"rendered":"Air Conditionn\u00e9 DAITSU ELECTRIC 3NDA04595 Blanc A+\/A+ 12000 W 4385 fg\/h"},"content":{"rendered":"<p>Si vous recherchez des \u00e9lectrom\u00e9nagers pour votre maison aux meilleurs prix, ne manquez pas <b>Air Conditionn\u00e9 DAITSU ELECTRIC 3NDA04595 Blanc A+\/A+ 12000 W 4385 fg\/h<\/b> et une large s\u00e9lection de petits \u00e9lectrom\u00e9nagers de qualit\u00e9 !<\/p>\n<ul>\n<li>Couleur: Blanc<\/li>\n<li>Mati\u00e8re: Plastique<\/li>\n<li>Caract\u00e9ristiques:\n<ul>\n<li>Arr\u00eat Automatique<\/li>\n<li>Syst\u00e8me de ventilation<\/li>\n<li>\u00c9cran integr\u00e9<\/li>\n<li>Int\u00e9rieur<\/li>\n<li>Garantie<\/li>\n<li>Facilit\u00e9 d&#8217;utilisation<\/li>\n<\/ul>\n<\/li>\n<li>Fr\u00e9quence: 50 Hz<\/li>\n<li>Classification \u00e9nerg\u00e9tique: A+\/A+<\/li>\n<li>Technologie: Cassette Inverter<\/li>\n<li>Gaz: R32<\/li>\n<li>Niveau sonore: 43 dB<\/li>\n<li>R\u00e9frig\u00e9rant: R-410<\/li>\n<li>Connectivit\u00e9: No<\/li>\n<li>Puissance frigorifique: 4385 fg\/h<\/li>\n<li>puissance: 12000 W<\/li>\n<li>Port\u00e9e: 45 m2<\/li>\n<\/ul>","protected":false},"excerpt":{"rendered":"<p>Si vous recherchez des \u00e9lectrom\u00e9nagers pour votre maison aux meilleurs prix, ne manquez pas Air Conditionn\u00e9 DAITSU ELECTRIC 3NDA04595 Blanc A+\/A+ 12000 W 4385 fg\/h et une large s\u00e9lection de petits \u00e9lectrom\u00e9nagers de qualit\u00e9 ! Couleur: Blanc Mati\u00e8re: Plastique Caract\u00e9ristiques: Arr\u00eat Automatique Syst\u00e8me de ventilation \u00c9cran integr\u00e9 Int\u00e9rieur Garantie Facilit\u00e9 d&#8217;utilisation Fr\u00e9quence: 50 Hz Classification [&hellip;]<\/p>\n","protected":false},"featured_media":65128,"comment_status":"open","ping_status":"closed","template":"","meta":[],"product_brand":[1548],"product_cat":[732,1334,239],"product_tag":[721,210],"class_list":{"0":"post-65130","1":"product","2":"type-product","3":"status-publish","4":"has-post-thumbnail","6":"product_brand-brandp_1177","7":"product_cat-climatisation-et-chauffage","8":"product_cat-climatiseurs-et-ventilateurs","9":"product_cat-maison-jardin","10":"product_tag-tag_124","11":"product_tag-tag_25","13":"first","14":"instock","15":"taxable","16":"shipping-taxable","17":"purchasable","18":"product-type-simple"},"_links":{"self":[{"href":"https:\/\/bigbuy.tupique.com\/en\/wp-json\/wp\/v2\/product\/65130","targetHints":{"allow":["GET"]}}],"collection":[{"href":"https:\/\/bigbuy.tupique.com\/en\/wp-json\/wp\/v2\/product"}],"about":[{"href":"https:\/\/bigbuy.tupique.com\/en\/wp-json\/wp\/v2\/types\/product"}],"replies":[{"embeddable":true,"href":"https:\/\/bigbuy.tupique.com\/en\/wp-json\/wp\/v2\/comments?post=65130"}],"wp:featuredmedia":[{"embeddable":true,"href":"https:\/\/bigbuy.tupique.com\/en\/wp-json\/wp\/v2\/media\/65128"}],"wp:attachment":[{"href":"https:\/\/bigbuy.tupique.com\/en\/wp-json\/wp\/v2\/media?parent=65130"}],"wp:term":[{"taxonomy":"product_brand","embeddable":true,"href":"https:\/\/bigbuy.tupique.com\/en\/wp-json\/wp\/v2\/product_brand?post=65130"},{"taxonomy":"product_cat","embeddable":true,"href":"https:\/\/bigbuy.tupique.com\/en\/wp-json\/wp\/v2\/product_cat?post=65130"},{"taxonomy":"product_tag","embeddable":true,"href":"https:\/\/bigbuy.tupique.com\/en\/wp-json\/wp\/v2\/product_tag?post=65130"}],"curies":[{"name":"wp","href":"https:\/\/api.w.org\/{rel}","templated":true}]}}