{"id":65127,"date":"2026-04-01T19:56:28","date_gmt":"2026-04-01T18:56:28","guid":{"rendered":"https:\/\/bigbuy.tupique.com\/produto\/jet-wash-karcher-1324800-2100-w-420-l-h-500-l-h\/"},"modified":"2026-04-15T07:38:46","modified_gmt":"2026-04-15T06:38:46","slug":"jet-wash-karcher-1324800-2100-w-420-l-h-500-l-h","status":"publish","type":"product","link":"https:\/\/bigbuy.tupique.com\/en\/produto\/jet-wash-karcher-1324800-2100-w-420-l-h-500-l-h\/","title":{"rendered":"Nettoyeur haute pression K\u00e4rcher 1324800 2100 W 420 l\/h 500 l\/h"},"content":{"rendered":"<p>Si vous \u00eates \u00e0 la recherche de nouvelles tendances sur le march\u00e9, nous vous pr\u00e9sentons <b>Nettoyeur haute pression K\u00e4rcher 1324800 2100 W 420 l\/h 500 l\/h<\/b> !<\/p>\n<ul>\n<li>Type: Nettoyeur haute pression<\/li>\n<li>Caract\u00e9ristiques: Filtre \u00e0 eau<\/li>\n<li>Couleur: Jaune<\/li>\n<li>puissance: 2100 W<\/li>\n<li>Tension: 230 V<\/li>\n<li>Bloc d\u2019Alimentation: C\u00e2ble \u00e9lectrique<\/li>\n<li>Port\u00e9e: 10 m\u00b2<\/li>\n<li>Pression: 145 bar<\/li>\n<li>D\u00e9bit: 420 l\/h<\/li>\n<li>D\u00e9bit d&#8217;eau: 500 l\/h<\/li>\n<\/ul>","protected":false},"excerpt":{"rendered":"<p>Si vous \u00eates \u00e0 la recherche de nouvelles tendances sur le march\u00e9, nous vous pr\u00e9sentons Nettoyeur haute pression K\u00e4rcher 1324800 2100 W 420 l\/h 500 l\/h ! Type: Nettoyeur haute pression Caract\u00e9ristiques: Filtre \u00e0 eau Couleur: Jaune puissance: 2100 W Tension: 230 V Bloc d\u2019Alimentation: C\u00e2ble \u00e9lectrique Port\u00e9e: 10 m\u00b2 Pression: 145 bar D\u00e9bit: 420 [&hellip;]<\/p>\n","protected":false},"featured_media":65119,"comment_status":"open","ping_status":"closed","template":"","meta":[],"product_brand":[828],"product_cat":[613,239],"product_tag":[210],"class_list":{"0":"post-65127","1":"product","2":"type-product","3":"status-publish","4":"has-post-thumbnail","6":"product_brand-brandp_1299","7":"product_cat-bricolage-et-materiel","8":"product_cat-maison-jardin","9":"product_tag-tag_25","11":"first","12":"instock","13":"taxable","14":"shipping-taxable","15":"purchasable","16":"product-type-simple"},"_links":{"self":[{"href":"https:\/\/bigbuy.tupique.com\/en\/wp-json\/wp\/v2\/product\/65127","targetHints":{"allow":["GET"]}}],"collection":[{"href":"https:\/\/bigbuy.tupique.com\/en\/wp-json\/wp\/v2\/product"}],"about":[{"href":"https:\/\/bigbuy.tupique.com\/en\/wp-json\/wp\/v2\/types\/product"}],"replies":[{"embeddable":true,"href":"https:\/\/bigbuy.tupique.com\/en\/wp-json\/wp\/v2\/comments?post=65127"}],"wp:featuredmedia":[{"embeddable":true,"href":"https:\/\/bigbuy.tupique.com\/en\/wp-json\/wp\/v2\/media\/65119"}],"wp:attachment":[{"href":"https:\/\/bigbuy.tupique.com\/en\/wp-json\/wp\/v2\/media?parent=65127"}],"wp:term":[{"taxonomy":"product_brand","embeddable":true,"href":"https:\/\/bigbuy.tupique.com\/en\/wp-json\/wp\/v2\/product_brand?post=65127"},{"taxonomy":"product_cat","embeddable":true,"href":"https:\/\/bigbuy.tupique.com\/en\/wp-json\/wp\/v2\/product_cat?post=65127"},{"taxonomy":"product_tag","embeddable":true,"href":"https:\/\/bigbuy.tupique.com\/en\/wp-json\/wp\/v2\/product_tag?post=65127"}],"curies":[{"name":"wp","href":"https:\/\/api.w.org\/{rel}","templated":true}]}}