{"id":65116,"date":"2026-04-01T19:56:10","date_gmt":"2026-04-01T18:56:10","guid":{"rendered":"https:\/\/bigbuy.tupique.com\/produto\/reverse-osmosis-unit-osmofilter-ultraslim-fd-mi0004\/"},"modified":"2026-04-15T07:38:01","modified_gmt":"2026-04-15T06:38:01","slug":"reverse-osmosis-unit-osmofilter-ultraslim-fd-mi0004","status":"publish","type":"product","link":"https:\/\/bigbuy.tupique.com\/en\/produto\/reverse-osmosis-unit-osmofilter-ultraslim-fd-mi0004\/","title":{"rendered":"Unit\u00e9 d&#8217;osmose inverse Osmofilter ULTRASLIM FD MI0004"},"content":{"rendered":"<p>Si vous aimez prendre soin de chaque d\u00e9tail de votre maison et d&#8217;\u00eatre \u00e0 la derni\u00e8re mode en mati\u00e8re de produits qui vous rendront la vie plus facile, achetez <b>Unit\u00e9 d&#8217;osmose inverse Osmofilter ULTRASLIM FD MI0004<\/b> au meilleur prix.<\/p>\n<ul>\n<li>Caract\u00e9ristiques: Filtre \u00e0 eau<\/li>\n<li>Filtre: Oui<\/li>\n<\/ul>","protected":false},"excerpt":{"rendered":"<p>Si vous aimez prendre soin de chaque d\u00e9tail de votre maison et d&#8217;\u00eatre \u00e0 la derni\u00e8re mode en mati\u00e8re de produits qui vous rendront la vie plus facile, achetez Unit\u00e9 d&#8217;osmose inverse Osmofilter ULTRASLIM FD MI0004 au meilleur prix. Caract\u00e9ristiques: Filtre \u00e0 eau Filtre: Oui<\/p>","protected":false},"featured_media":65114,"comment_status":"open","ping_status":"closed","template":"","meta":[],"product_brand":[1571],"product_cat":[60,216,217],"product_tag":[210],"class_list":{"0":"post-65116","1":"product","2":"type-product","3":"status-publish","4":"has-post-thumbnail","6":"product_brand-brandp_5859","7":"product_cat-cuisine-gourmet","8":"product_cat-ustensile","9":"product_cat-verres-et-carafes","10":"product_tag-tag_25","12":"first","13":"instock","14":"taxable","15":"shipping-taxable","16":"purchasable","17":"product-type-simple"},"_links":{"self":[{"href":"https:\/\/bigbuy.tupique.com\/en\/wp-json\/wp\/v2\/product\/65116","targetHints":{"allow":["GET"]}}],"collection":[{"href":"https:\/\/bigbuy.tupique.com\/en\/wp-json\/wp\/v2\/product"}],"about":[{"href":"https:\/\/bigbuy.tupique.com\/en\/wp-json\/wp\/v2\/types\/product"}],"replies":[{"embeddable":true,"href":"https:\/\/bigbuy.tupique.com\/en\/wp-json\/wp\/v2\/comments?post=65116"}],"wp:featuredmedia":[{"embeddable":true,"href":"https:\/\/bigbuy.tupique.com\/en\/wp-json\/wp\/v2\/media\/65114"}],"wp:attachment":[{"href":"https:\/\/bigbuy.tupique.com\/en\/wp-json\/wp\/v2\/media?parent=65116"}],"wp:term":[{"taxonomy":"product_brand","embeddable":true,"href":"https:\/\/bigbuy.tupique.com\/en\/wp-json\/wp\/v2\/product_brand?post=65116"},{"taxonomy":"product_cat","embeddable":true,"href":"https:\/\/bigbuy.tupique.com\/en\/wp-json\/wp\/v2\/product_cat?post=65116"},{"taxonomy":"product_tag","embeddable":true,"href":"https:\/\/bigbuy.tupique.com\/en\/wp-json\/wp\/v2\/product_tag?post=65116"}],"curies":[{"name":"wp","href":"https:\/\/api.w.org\/{rel}","templated":true}]}}