{"id":65098,"date":"2026-04-01T19:55:45","date_gmt":"2026-04-01T18:55:45","guid":{"rendered":"https:\/\/bigbuy.tupique.com\/produto\/heat-pump-dryer-lg-rhx5009tlb-9-kg\/"},"modified":"2026-04-15T07:37:56","modified_gmt":"2026-04-15T06:37:56","slug":"heat-pump-dryer-lg-rhx5009tlb-9-kg","status":"publish","type":"product","link":"https:\/\/bigbuy.tupique.com\/en\/produto\/heat-pump-dryer-lg-rhx5009tlb-9-kg\/","title":{"rendered":"S\u00e8che-linge \u00e0 pompe \u00e0 chaleur LG RHX5009TLB 9 kg"},"content":{"rendered":"<p>Si vous \u00eates \u00e0 la recherche de nouvelles tendances sur le march\u00e9, nous vous pr\u00e9sentons <b>S\u00e8che-linge \u00e0 pompe \u00e0 chaleur LG RHX5009TLB 9 kg<\/b> !<\/p>\n<ul>\n<li>Produit \u00e0 brancher: Oui<\/li>\n<li>Type:\n<ul>\n<li>S\u00e9choir \u00e0 condensation<\/li>\n<li>S\u00e8che-linge \u00e0 pompe \u00e0 chaleur<\/li>\n<\/ul>\n<\/li>\n<li>Bloc d\u2019Alimentation: r\u00e9seau \u00e9lectrique<\/li>\n<li>Classification \u00e9nerg\u00e9tique: B<\/li>\n<li>Couleur: Blanc<\/li>\n<li>Connectivit\u00e9: Wi-Fi<\/li>\n<li>Type d&#8217;installation: Auto-assemblage<\/li>\n<li>consommation d&#8217;\u00e9nergie: 0,83 kWh<\/li>\n<li>Niveau sonore: 65 dB<\/li>\n<li>Type de prise: Prise EU<\/li>\n<li>Capacit\u00e9: 9 kg<\/li>\n<li>Ouverture: Frontal<\/li>\n<\/ul>","protected":false},"excerpt":{"rendered":"<p><span class=\"unit-info\">107.7767 &euro; \/ 1 kg<\/span><\/p>","protected":false},"featured_media":172196,"comment_status":"open","ping_status":"closed","template":"","meta":[],"product_brand":[662],"product_cat":[239,240,751],"product_tag":[],"class_list":{"0":"post-65098","1":"product","2":"type-product","3":"status-publish","4":"has-post-thumbnail","6":"product_brand-brandp_559","7":"product_cat-maison-jardin","8":"product_cat-nettoyage-aspirateur-et-repassage","9":"product_cat-seche-linge-fers-a-repasser-sechoirs","11":"first","12":"instock","13":"taxable","14":"shipping-taxable","15":"purchasable","16":"product-type-simple"},"_links":{"self":[{"href":"https:\/\/bigbuy.tupique.com\/en\/wp-json\/wp\/v2\/product\/65098","targetHints":{"allow":["GET"]}}],"collection":[{"href":"https:\/\/bigbuy.tupique.com\/en\/wp-json\/wp\/v2\/product"}],"about":[{"href":"https:\/\/bigbuy.tupique.com\/en\/wp-json\/wp\/v2\/types\/product"}],"replies":[{"embeddable":true,"href":"https:\/\/bigbuy.tupique.com\/en\/wp-json\/wp\/v2\/comments?post=65098"}],"wp:featuredmedia":[{"embeddable":true,"href":"https:\/\/bigbuy.tupique.com\/en\/wp-json\/wp\/v2\/media\/172196"}],"wp:attachment":[{"href":"https:\/\/bigbuy.tupique.com\/en\/wp-json\/wp\/v2\/media?parent=65098"}],"wp:term":[{"taxonomy":"product_brand","embeddable":true,"href":"https:\/\/bigbuy.tupique.com\/en\/wp-json\/wp\/v2\/product_brand?post=65098"},{"taxonomy":"product_cat","embeddable":true,"href":"https:\/\/bigbuy.tupique.com\/en\/wp-json\/wp\/v2\/product_cat?post=65098"},{"taxonomy":"product_tag","embeddable":true,"href":"https:\/\/bigbuy.tupique.com\/en\/wp-json\/wp\/v2\/product_tag?post=65098"}],"curies":[{"name":"wp","href":"https:\/\/api.w.org\/{rel}","templated":true}]}}