{"id":65092,"date":"2026-04-01T19:55:35","date_gmt":"2026-04-01T18:55:35","guid":{"rendered":"https:\/\/bigbuy.tupique.com\/produto\/combined-refrigerator-lg-gtbv22pynj-steel-190-l\/"},"modified":"2026-04-16T20:51:28","modified_gmt":"2026-04-16T19:51:28","slug":"combined-refrigerator-lg-gtbv22pynj-steel-190-l","status":"publish","type":"product","link":"https:\/\/bigbuy.tupique.com\/en\/produto\/combined-refrigerator-lg-gtbv22pynj-steel-190-l\/","title":{"rendered":"R\u00e9frig\u00e9rateur Combin\u00e9 LG GTBV22PYNJ Acier 190 L"},"content":{"rendered":"<p>Si vous \u00eates \u00e0 la recherche de nouvelles tendances sur le march\u00e9, nous vous pr\u00e9sentons <b>R\u00e9frig\u00e9rateur Combin\u00e9 LG GTBV22PYNJ Acier 190 L<\/b> !<\/p>\n<ul>\n<li>Produit \u00e0 brancher: Oui<\/li>\n<li>Bloc d\u2019Alimentation: r\u00e9seau \u00e9lectrique<\/li>\n<li>Couleur: Acier<\/li>\n<li>Classification \u00e9nerg\u00e9tique: E<\/li>\n<li>Dimensions approx.: 145 x 55 cm<\/li>\n<li>Mati\u00e8re: Acier inoxydable<\/li>\n<li>Type d&#8217;installation: Auto-assemblage<\/li>\n<li>Capacit\u00e9: 190 L<\/li>\n<li>Technologie: No Frost<\/li>\n<li>Type de prise: Prise EU<\/li>\n<li>\u00c9lev\u00e9: 144 cm<\/li>\n<li>Connectivit\u00e9: No<\/li>\n<li>Portes: 2 portes<\/li>\n<li>Finition: Anti-trace<\/li>\n<li>Capacit\u00e9 du r\u00e9frig\u00e9rateur: 203 L<\/li>\n<\/ul>","protected":false},"excerpt":{"rendered":"<p>Si vous \u00eates \u00e0 la recherche de nouvelles tendances sur le march\u00e9, nous vous pr\u00e9sentons R\u00e9frig\u00e9rateur Combin\u00e9 LG GTBV22PYNJ Acier 190 L ! Produit \u00e0 brancher: Oui Bloc d\u2019Alimentation: r\u00e9seau \u00e9lectrique Couleur: Acier Classification \u00e9nerg\u00e9tique: E Dimensions approx.: 145 x 55 cm Mati\u00e8re: Acier inoxydable Type d&#8217;installation: Auto-assemblage Capacit\u00e9: 190 L Technologie: No Frost Type [&hellip;]<\/p>\n","protected":false},"featured_media":65090,"comment_status":"open","ping_status":"closed","template":"","meta":[],"product_brand":[662],"product_cat":[60,77,226],"product_tag":[56],"class_list":{"0":"post-65092","1":"product","2":"type-product","3":"status-publish","4":"has-post-thumbnail","6":"product_brand-brandp_559","7":"product_cat-cuisine-gourmet","8":"product_cat-petit-electromenager","9":"product_cat-refrigerateurs-et-congelateurs","10":"product_tag-tag_930","12":"first","13":"instock","14":"taxable","15":"shipping-taxable","16":"purchasable","17":"product-type-simple"},"_links":{"self":[{"href":"https:\/\/bigbuy.tupique.com\/en\/wp-json\/wp\/v2\/product\/65092","targetHints":{"allow":["GET"]}}],"collection":[{"href":"https:\/\/bigbuy.tupique.com\/en\/wp-json\/wp\/v2\/product"}],"about":[{"href":"https:\/\/bigbuy.tupique.com\/en\/wp-json\/wp\/v2\/types\/product"}],"replies":[{"embeddable":true,"href":"https:\/\/bigbuy.tupique.com\/en\/wp-json\/wp\/v2\/comments?post=65092"}],"wp:featuredmedia":[{"embeddable":true,"href":"https:\/\/bigbuy.tupique.com\/en\/wp-json\/wp\/v2\/media\/65090"}],"wp:attachment":[{"href":"https:\/\/bigbuy.tupique.com\/en\/wp-json\/wp\/v2\/media?parent=65092"}],"wp:term":[{"taxonomy":"product_brand","embeddable":true,"href":"https:\/\/bigbuy.tupique.com\/en\/wp-json\/wp\/v2\/product_brand?post=65092"},{"taxonomy":"product_cat","embeddable":true,"href":"https:\/\/bigbuy.tupique.com\/en\/wp-json\/wp\/v2\/product_cat?post=65092"},{"taxonomy":"product_tag","embeddable":true,"href":"https:\/\/bigbuy.tupique.com\/en\/wp-json\/wp\/v2\/product_tag?post=65092"}],"curies":[{"name":"wp","href":"https:\/\/api.w.org\/{rel}","templated":true}]}}