{"id":65023,"date":"2026-04-01T19:53:54","date_gmt":"2026-04-01T18:53:54","guid":{"rendered":"https:\/\/bigbuy.tupique.com\/produto\/gaming-monitor-lg-27gx704a-b-27\/"},"modified":"2026-05-11T19:57:25","modified_gmt":"2026-05-11T17:57:25","slug":"gaming-monitor-lg-27gx704a-b-27","status":"publish","type":"product","link":"https:\/\/bigbuy.tupique.com\/en\/produto\/gaming-monitor-lg-27gx704a-b-27\/","title":{"rendered":"Monitor Gaming LG 27GX704A-B 27&#8243;"},"content":{"rendered":"<p>Si vous \u00eates passionn\u00e9 d&#8217;<b>informatique et d&#8217;\u00e9lectronique<\/b>, si vous \u00eates \u00e0 la pointe de la technologie et qu&#8217;aucun d\u00e9tail ne vous \u00e9chappe, achetez <b>Monitor Gaming LG 27GX704A-B 27&#8243;<\/b> au meilleur prix.<\/p>\n<ul>\n<li>R\u00e9solution: Quad HD<\/li>\n<li>Type: \u00c9cran<\/li>\n<li>Type de prise: Prise EU<\/li>\n<li>Produit \u00e0 brancher: Oui<\/li>\n<li>Caract\u00e9ristiques: Plaque Tournante<\/li>\n<li>Connexions:\n<ul>\n<li>HDMI<\/li>\n<li>HDMI x 2<\/li>\n<li>DisplayPort<\/li>\n<li>USB<\/li>\n<li>USB 2.0<\/li>\n<li>USB 3.0 x 2<\/li>\n<\/ul>\n<\/li>\n<li>Classification \u00e9nerg\u00e9tique: F<\/li>\n<li>Fr\u00e9quence:\n<ul>\n<li>50 &#8211; 60 Hz<\/li>\n<li>240 Hz<\/li>\n<\/ul>\n<\/li>\n<li>Brille: 250 cd\/m2<\/li>\n<li>VESA: 10 x 10 cm<\/li>\n<li>Technologie:\n<ul>\n<li>IPS<\/li>\n<li>OLED<\/li>\n<li>LCD<\/li>\n<\/ul>\n<\/li>\n<li>Tension: 100-240 V<\/li>\n<li>Couleur: Noir<\/li>\n<li>Temps de r\u00e9ponse: 0,03 ms<\/li>\n<li>Ecran: 27&#8243;<\/li>\n<li>Bloc d\u2019Alimentation: r\u00e9seau \u00e9lectrique<\/li>\n<li>Rapport d&#8217;aspect: 16:9<\/li>\n<li>Langue: Espagnol<\/li>\n<li>R\u00e9solution (px): 2560 x 1440 px<\/li>\n<li>Diagonale de l&#8217;\u00e9cran (cm): 68,6 cm<\/li>\n<\/ul>","protected":false},"excerpt":{"rendered":"<p>Si vous \u00eates passionn\u00e9 d&#8217;informatique et d&#8217;\u00e9lectronique, si vous \u00eates \u00e0 la pointe de la technologie et qu&#8217;aucun d\u00e9tail ne vous \u00e9chappe, achetez Monitor Gaming LG 27GX704A-B 27&#8243; au meilleur prix. R\u00e9solution: Quad HD Type: \u00c9cran Type de prise: Prise EU Produit \u00e0 brancher: Oui Caract\u00e9ristiques: Plaque Tournante Connexions: HDMI HDMI x 2 DisplayPort USB [&hellip;]<\/p>\n","protected":false},"featured_media":65004,"comment_status":"open","ping_status":"closed","template":"","meta":[],"product_brand":[662],"product_cat":[65,581,616],"product_tag":[213,106],"class_list":{"0":"post-65023","1":"product","2":"type-product","3":"status-publish","4":"has-post-thumbnail","6":"product_brand-brandp_559","7":"product_cat-informatique-electronique","8":"product_cat-informatique-peripheriques-et-consommables","9":"product_cat-moniteurs","10":"product_tag-tag_933","11":"product_tag-tag_1295","13":"first","14":"instock","15":"taxable","16":"shipping-taxable","17":"purchasable","18":"product-type-simple"},"_links":{"self":[{"href":"https:\/\/bigbuy.tupique.com\/en\/wp-json\/wp\/v2\/product\/65023","targetHints":{"allow":["GET"]}}],"collection":[{"href":"https:\/\/bigbuy.tupique.com\/en\/wp-json\/wp\/v2\/product"}],"about":[{"href":"https:\/\/bigbuy.tupique.com\/en\/wp-json\/wp\/v2\/types\/product"}],"replies":[{"embeddable":true,"href":"https:\/\/bigbuy.tupique.com\/en\/wp-json\/wp\/v2\/comments?post=65023"}],"wp:featuredmedia":[{"embeddable":true,"href":"https:\/\/bigbuy.tupique.com\/en\/wp-json\/wp\/v2\/media\/65004"}],"wp:attachment":[{"href":"https:\/\/bigbuy.tupique.com\/en\/wp-json\/wp\/v2\/media?parent=65023"}],"wp:term":[{"taxonomy":"product_brand","embeddable":true,"href":"https:\/\/bigbuy.tupique.com\/en\/wp-json\/wp\/v2\/product_brand?post=65023"},{"taxonomy":"product_cat","embeddable":true,"href":"https:\/\/bigbuy.tupique.com\/en\/wp-json\/wp\/v2\/product_cat?post=65023"},{"taxonomy":"product_tag","embeddable":true,"href":"https:\/\/bigbuy.tupique.com\/en\/wp-json\/wp\/v2\/product_tag?post=65023"}],"curies":[{"name":"wp","href":"https:\/\/api.w.org\/{rel}","templated":true}]}}