{"id":64954,"date":"2026-04-01T19:51:27","date_gmt":"2026-04-01T18:51:27","guid":{"rendered":"https:\/\/bigbuy.tupique.com\/produto\/combined-refrigerator-lg-gtbv22swnj-white\/"},"modified":"2026-05-11T19:57:23","modified_gmt":"2026-05-11T17:57:23","slug":"combined-refrigerator-lg-gtbv22swnj-white","status":"publish","type":"product","link":"https:\/\/bigbuy.tupique.com\/en\/produto\/combined-refrigerator-lg-gtbv22swnj-white\/","title":{"rendered":"R\u00e9frig\u00e9rateur Combin\u00e9 LG GTBV22SWNJ Blanc"},"content":{"rendered":"<p>Si vous \u00eates \u00e0 la recherche de nouvelles tendances sur le march\u00e9, nous vous pr\u00e9sentons <b>R\u00e9frig\u00e9rateur Combin\u00e9 LG GTBV22SWNJ Blanc<\/b> !<\/p>\n<p>Le <b>r\u00e9frig\u00e9rateur combin\u00e9<\/b> <b>LG GTBV22SWNJ<\/b> est une solution efficace et fonctionnelle pour la conservation des aliments \u00e0 domicile, pr\u00e9sent\u00e9 avec une \u00e9l\u00e9gante finition <b>blanche<\/b> qui s\u2019int\u00e8gre facilement dans toute cuisine. Sa <b>capacit\u00e9 totale de 217 litres<\/b> r\u00e9partie sur <b>deux portes<\/b> offre un stockage optimal pour les produits frais et surgel\u00e9s, facilitant l\u2019organisation et l\u2019acc\u00e8s au quotidien. Ce mod\u00e8le se distingue par sa <b>classe \u00e9nerg\u00e9tique E<\/b>, garantissant un \u00e9quilibre entre consommation \u00e9lectrique et performance, conforme aux normes actuelles d\u2019efficacit\u00e9. Con\u00e7u pour une installation <b>ind\u00e9pendante<\/b>, le LG GTBV22SWNJ offre une grande flexibilit\u00e9 d\u2019emplacement et s\u2019adapte \u00e0 diff\u00e9rents espaces gr\u00e2ce \u00e0 ses dimensions compactes de <b>145 x 55 cm<\/b>. Il fonctionne sur le <b>r\u00e9seau \u00e9lectrique 220 V<\/b> et dispose d\u2019une <b>prise europ\u00e9enne<\/b>, assurant sa compatibilit\u00e9 dans la majorit\u00e9 des foyers europ\u00e9ens. Le syst\u00e8me de r\u00e9frig\u00e9ration r\u00e9pond aux besoins quotidiens en maintenant la fra\u00eecheur et en prolongeant la dur\u00e9e de conservation des aliments, tandis que le design \u00e0 <b>deux portes<\/b> permet de s\u00e9parer facilement les zones r\u00e9frig\u00e9rateur et cong\u00e9lateur. Ce r\u00e9frig\u00e9rateur combin\u00e9 LG est un choix pratique et polyvalent pour ceux qui recherchent fonctionnalit\u00e9, efficacit\u00e9 et int\u00e9gration ais\u00e9e dans leur espace domestique.<\/p>\n<ul>\n<li>Produit \u00e0 brancher: Oui<\/li>\n<li>Capacit\u00e9 du cong\u00e9lateur: 56 L<\/li>\n<li>Capacit\u00e9: 217 l<\/li>\n<li>Capacit\u00e9 du r\u00e9frig\u00e9rateur: 161 l<\/li>\n<li>Type de prise: Prise EU<\/li>\n<li>Bloc d\u2019Alimentation: r\u00e9seau \u00e9lectrique<\/li>\n<li>Classification \u00e9nerg\u00e9tique: E<\/li>\n<li>Dimensions approx.: 145 x 55 cm<\/li>\n<li>Couleur: Blanc<\/li>\n<li>Tension: 220 V<\/li>\n<li>Technologie: No Frost<\/li>\n<li>Type d&#8217;installation: Ind\u00e9pendant<\/li>\n<li>\u00c9lev\u00e9: 145 cm<\/li>\n<li>Portes: 2 portes<\/li>\n<\/ul>","protected":false},"excerpt":{"rendered":"<p><span class=\"unit-info\">3.2258 &euro; \/ 1 l<\/span><\/p>","protected":false},"featured_media":64949,"comment_status":"open","ping_status":"closed","template":"","meta":[],"product_brand":[662],"product_cat":[60,77,226],"product_tag":[56],"class_list":{"0":"post-64954","1":"product","2":"type-product","3":"status-publish","4":"has-post-thumbnail","6":"product_brand-brandp_559","7":"product_cat-cuisine-gourmet","8":"product_cat-petit-electromenager","9":"product_cat-refrigerateurs-et-congelateurs","10":"product_tag-tag_930","12":"first","13":"instock","14":"taxable","15":"shipping-taxable","16":"purchasable","17":"product-type-simple"},"_links":{"self":[{"href":"https:\/\/bigbuy.tupique.com\/en\/wp-json\/wp\/v2\/product\/64954","targetHints":{"allow":["GET"]}}],"collection":[{"href":"https:\/\/bigbuy.tupique.com\/en\/wp-json\/wp\/v2\/product"}],"about":[{"href":"https:\/\/bigbuy.tupique.com\/en\/wp-json\/wp\/v2\/types\/product"}],"replies":[{"embeddable":true,"href":"https:\/\/bigbuy.tupique.com\/en\/wp-json\/wp\/v2\/comments?post=64954"}],"wp:featuredmedia":[{"embeddable":true,"href":"https:\/\/bigbuy.tupique.com\/en\/wp-json\/wp\/v2\/media\/64949"}],"wp:attachment":[{"href":"https:\/\/bigbuy.tupique.com\/en\/wp-json\/wp\/v2\/media?parent=64954"}],"wp:term":[{"taxonomy":"product_brand","embeddable":true,"href":"https:\/\/bigbuy.tupique.com\/en\/wp-json\/wp\/v2\/product_brand?post=64954"},{"taxonomy":"product_cat","embeddable":true,"href":"https:\/\/bigbuy.tupique.com\/en\/wp-json\/wp\/v2\/product_cat?post=64954"},{"taxonomy":"product_tag","embeddable":true,"href":"https:\/\/bigbuy.tupique.com\/en\/wp-json\/wp\/v2\/product_tag?post=64954"}],"curies":[{"name":"wp","href":"https:\/\/api.w.org\/{rel}","templated":true}]}}